{"id":9197,"date":"2023-05-18T20:22:21","date_gmt":"2023-05-18T18:22:21","guid":{"rendered":"https:\/\/mes-pochoirs.com\/?page_id=9197"},"modified":"2025-04-26T11:07:04","modified_gmt":"2025-04-26T09:07:04","slug":"datenschutzrichtlinie","status":"publish","type":"page","link":"https:\/\/mes-pochoirs.com\/de\/politique-de-confidentialite","title":{"rendered":"Datenschutzrichtlinie"},"content":{"rendered":"<style>.kb-row-layout-id9197_1fa548-c4 > .kt-row-column-wrap{align-content:start;}:where(.kb-row-layout-id9197_1fa548-c4 > .kt-row-column-wrap) > .wp-block-kadence-column{justify-content:start;}.kb-row-layout-id9197_1fa548-c4 > .kt-row-column-wrap{column-gap:var(--global-kb-gap-md, 2rem);row-gap:var(--global-kb-gap-md, 2rem);padding-top:var(--global-kb-spacing-lg, 3rem);padding-bottom:var(--global-kb-spacing-sm, 1.5rem);grid-template-columns:minmax(0, 1fr);}.kb-row-layout-id9197_1fa548-c4 > .kt-row-layout-overlay{opacity:0.30;}@media all and (max-width: 1024px){.kb-row-layout-id9197_1fa548-c4 > .kt-row-column-wrap{grid-template-columns:minmax(0, 1fr);}}@media all and (max-width: 767px){.kb-row-layout-id9197_1fa548-c4 > .kt-row-column-wrap{grid-template-columns:minmax(0, 1fr);}}<\/style><div class=\"kb-row-layout-wrap kb-row-layout-id9197_1fa548-c4 alignnone wp-block-kadence-rowlayout\"><div class=\"kt-row-column-wrap kt-has-1-columns kt-row-layout-equal kt-tab-layout-inherit kt-mobile-layout-row kt-row-valign-top\">\n<style>.kadence-column9197_8cb6a3-2d > .kt-inside-inner-col,.kadence-column9197_8cb6a3-2d > .kt-inside-inner-col:before{border-top-left-radius:0px;border-top-right-radius:0px;border-bottom-right-radius:0px;border-bottom-left-radius:0px;}.kadence-column9197_8cb6a3-2d > .kt-inside-inner-col{column-gap:var(--global-kb-gap-sm, 1rem);}.kadence-column9197_8cb6a3-2d > .kt-inside-inner-col{flex-direction:column;}.kadence-column9197_8cb6a3-2d > .kt-inside-inner-col > .aligncenter{width:100%;}.kadence-column9197_8cb6a3-2d > .kt-inside-inner-col:before{opacity:0.3;}.kadence-column9197_8cb6a3-2d{position:relative;}@media all and (max-width: 1024px){.kadence-column9197_8cb6a3-2d > .kt-inside-inner-col{flex-direction:column;justify-content:center;}}@media all and (max-width: 767px){.kadence-column9197_8cb6a3-2d > .kt-inside-inner-col{flex-direction:column;justify-content:center;}}<\/style>\n<div class=\"wp-block-kadence-column kadence-column9197_8cb6a3-2d\"><div class=\"kt-inside-inner-col\">\n<h1 class=\"wp-block-heading\">Datenschutzrichtlinie<\/h1>\n<\/div><\/div>\n\n<\/div><\/div>\n\n\n<h2 class=\"wp-block-heading\">1. Einleitung<\/h2>\n\n\n\n<p>Die Seite <strong>Mes-Pochoirs.com<\/strong> (im Folgenden \"wir\", \"uns\", \"unser\") legt gro\u00dfen Wert auf den Schutz Ihrer personenbezogenen Daten. Ziel dieser Datenschutzrichtlinie ist es, Sie auf klare und transparente Weise dar\u00fcber zu informieren, wie wir Ihre personenbezogenen Daten sammeln, verwenden, speichern und sch\u00fctzen, und zwar in \u00dcbereinstimmung mit dem <strong>Allgemeine Datenschutzverordnung (DSGVO)<\/strong>.<\/p>\n\n\n\n<hr class=\"wp-block-separator has-alpha-channel-opacity\"\/>\n\n\n\n<h2 class=\"wp-block-heading\">2. Gesammelte Daten<\/h2>\n\n\n\n<p>Wir erheben die folgenden personenbezogenen Daten, wenn Sie unsere Website nutzen:<\/p>\n\n\n\n<ul class=\"wp-block-list\">\n<li>Vorname und Name<\/li>\n\n\n\n<li>Postanschrift<\/li>\n\n\n\n<li>E-Mail-Adresse<\/li>\n\n\n\n<li>Telefonnummer<\/li>\n\n\n\n<li>IP-Adresse (\u00fcber Cookies)<\/li>\n\n\n\n<li>Anmeldeinformationen (wenn Sie ein Kunden- oder VIP-Konto erstellen)<\/li>\n\n\n\n<li>Navigationsdaten (aufgerufene Seiten, Dauer des Besuchs...)<\/li>\n<\/ul>\n\n\n\n<p>Diese Daten werden gesammelt:<\/p>\n\n\n\n<ul class=\"wp-block-list\">\n<li>Bei einem Einkauf im Shop<\/li>\n\n\n\n<li>Bei der Anmeldung f\u00fcr unseren Newsletter<\/li>\n\n\n\n<li>Bei der Verwendung des Kontaktformulars<\/li>\n\n\n\n<li>Bei der Anmeldung zu einem Bereich f\u00fcr Mitglieder<\/li>\n\n\n\n<li>Durch Cookies, nach Zustimmung<\/li>\n<\/ul>\n\n\n\n<hr class=\"wp-block-separator has-alpha-channel-opacity\"\/>\n\n\n\n<h2 class=\"wp-block-heading\">3. Verwendung der Daten<\/h2>\n\n\n\n<p>Wir verwenden Ihre pers\u00f6nlichen Daten in den folgenden F\u00e4llen:<\/p>\n\n\n\n<ul class=\"wp-block-list\">\n<li>Um Ihre Bestellungen zu bearbeiten und zu versenden<\/li>\n\n\n\n<li>Um Ihr Kunden- oder VIP-Konto einzurichten und zu verwalten<\/li>\n\n\n\n<li>Um Ihnen unsere Newsletter und kommerziellen Angebote zu senden (wenn Sie Ihre Zustimmung gegeben haben)<\/li>\n\n\n\n<li>Zur Analyse der Besucherstatistiken der Website \u00fcber Google Analytics 4<\/li>\n\n\n\n<li>Um Ihre Anfragen \u00fcber unser Kontaktformular zu beantworten<\/li>\n<\/ul>\n\n\n\n<hr class=\"wp-block-separator has-alpha-channel-opacity\"\/>\n\n\n\n<h2 class=\"wp-block-heading\">4. Rechtsgrundlage der Verarbeitung<\/h2>\n\n\n\n<p>Gem\u00e4\u00df der DSGVO verarbeiten wir Ihre personenbezogenen Daten auf den folgenden Rechtsgrundlagen:<\/p>\n\n\n\n<ul class=\"wp-block-list\">\n<li><strong>Erf\u00fcllung eines Vertrags<\/strong> : Bearbeitung und Lieferung Ihrer Bestellungen<\/li>\n\n\n\n<li><strong>Zustimmung<\/strong> : Anmeldung zum Newsletter, Cookies, VIP-Bereich<\/li>\n\n\n\n<li><strong>Rechtm\u00e4\u00dfiges Interesse<\/strong> : Verbesserung der Nutzererfahrung und statistische Analyse (anonymisierte Daten)<\/li>\n<\/ul>\n\n\n\n<hr class=\"wp-block-separator has-alpha-channel-opacity\"\/>\n\n\n\n<h2 class=\"wp-block-heading\">5. Google Analytics<\/h2>\n\n\n\n<p>Wir verwenden <strong>Google Analytics 4<\/strong>, ein Webanalysedienst von Google Ireland Ltd.<br>Google Analytics sammelt anonyme Daten \u00fcber Ihr Surfverhalten, damit wir verstehen k\u00f6nnen, wie die Website genutzt wird, und um den Inhalt der Website zu verbessern.<br>Diese Daten sind <strong>anonymisiert<\/strong> und lassen Sie nicht pers\u00f6nlich identifizieren.<\/p>\n\n\n\n<p>Es werden keine Google Analytics-Daten gesammelt. <strong>vor dem Einholen Ihrer Zustimmung<\/strong>Die meisten Menschen, die in einem Land leben, in dem sie nicht leben k\u00f6nnen, m\u00fcssen sich an die geltenden Vorschriften halten.<\/p>\n\n\n\n<hr class=\"wp-block-separator has-alpha-channel-opacity\"\/>\n\n\n\n<h2 class=\"wp-block-heading\">6. Cookies und Zustimmung<\/h2>\n\n\n\n<p>Wir verwenden die Erweiterung <strong>Complianz<\/strong> um Ihre Zustimmung zur Verwendung von Cookies zu sammeln und zu verwalten.<\/p>\n\n\n\n<p>Bei Ihrem ersten Besuch informiert Sie ein Zustimmungsbanner \u00fcber die verwendeten Cookies. Sie k\u00f6nnen <strong>akzeptieren, ablehnen oder anpassen<\/strong> Ihre Entscheidungen.<br>Sie k\u00f6nnen <strong>Ihre Einstellungen jederzeit \u00e4ndern<\/strong> indem Sie auf den Link \"Cookies verwalten\" klicken, der unten auf der Seite verf\u00fcgbar ist.<\/p>\n\n\n\n<p>Wesentliche Cookies (z. B. Warenkorb) sind standardm\u00e4\u00dfig aktiviert, da sie f\u00fcr das reibungslose Funktionieren der Website erforderlich sind.<\/p>\n\n\n\n<hr class=\"wp-block-separator has-alpha-channel-opacity\"\/>\n\n\n\n<h2 class=\"wp-block-heading\">7. Teilen von Daten<\/h2>\n\n\n\n<p>Wir verkaufen, vermieten oder teilen Ihre pers\u00f6nlichen Daten niemals mit Dritten, es sei denn, dies ist notwendig, um :<\/p>\n\n\n\n<ul class=\"wp-block-list\">\n<li>Die Bearbeitung Ihrer Bestellung (z. B. Transportunternehmen, Zahlungsl\u00f6sung)<\/li>\n\n\n\n<li>Rechtliche Gr\u00fcnde (z. B. Antrag einer Justizbeh\u00f6rde)<\/li>\n<\/ul>\n\n\n\n<hr class=\"wp-block-separator has-alpha-channel-opacity\"\/>\n\n\n\n<h2 class=\"wp-block-heading\">8. Sicherheit der Daten<\/h2>\n\n\n\n<p>Wir setzen technische und organisatorische Ma\u00dfnahmen ein, um Ihre Daten zu sichern.<br>Ihre Daten werden auf sicheren Servern gespeichert, und <strong>keine Bankinformationen<\/strong> wird auf unserer Seite nicht gespeichert.<\/p>\n\n\n\n<hr class=\"wp-block-separator has-alpha-channel-opacity\"\/>\n\n\n\n<h2 class=\"wp-block-heading\">9. Ihre Rechte<\/h2>\n\n\n\n<p>Gem\u00e4\u00df der DSGVO haben Sie folgende Rechte:<\/p>\n\n\n\n<ul class=\"wp-block-list\">\n<li>Recht auf Zugang zu Ihren Daten<\/li>\n\n\n\n<li>Recht auf Berichtigung<\/li>\n\n\n\n<li>Recht auf L\u00f6schung (Recht auf Vergessenwerden)<\/li>\n\n\n\n<li>Recht auf Einschr\u00e4nkung der Verarbeitung<\/li>\n\n\n\n<li>Recht auf Widerspruch<\/li>\n\n\n\n<li>Recht auf \u00dcbertragbarkeit<\/li>\n<\/ul>\n\n\n\n<p>\ud83d\udce9 Um diese Rechte auszu\u00fcben, k\u00f6nnen Sie sich an uns wenden unter : <strong><a class=\"\">contact@mes-pochoirs.com<\/a><\/strong><\/p>\n\n\n\n<hr class=\"wp-block-separator has-alpha-channel-opacity\"\/>\n\n\n\n<h2 class=\"wp-block-heading\">10. \u00c4nderungen der Datenschutzrichtlinie<\/h2>\n\n\n\n<p>Wir k\u00f6nnen diese Richtlinie jederzeit \u00e4ndern. Bei wesentlichen \u00c4nderungen kann es sein, dass bei Ihrem n\u00e4chsten Besuch ein neuer Antrag auf Zustimmung angezeigt wird.<\/p>\n\n\n\n<hr class=\"wp-block-separator has-alpha-channel-opacity\"\/>\n\n\n\n<h3 class=\"wp-block-heading\">\ud83d\udcc6 Zuletzt aktualisiert: April 2025<\/h3>\n\n\n\n<p><\/p>","protected":false},"excerpt":{"rendered":"<p>Richtlinie zum Datenschutz 1. Einleitung Die Website Mes-Pochoirs.com (im Folgenden \"wir\", \"uns\", \"unser\") misst dem Schutz Ihrer pers\u00f6nlichen Daten gro\u00dfe Bedeutung bei. Ziel dieser Datenschutzrichtlinie ist es, Sie auf klare und transparente Weise dar\u00fcber zu informieren, wie wir Daten sammeln, verwenden, speichern und sch\u00fctzen....<\/p>","protected":false},"author":1,"featured_media":0,"parent":0,"menu_order":0,"comment_status":"closed","ping_status":"closed","template":"","meta":{"bwfblock_default_font":"","_kad_blocks_custom_css":"","_kad_blocks_head_custom_js":"","_kad_blocks_body_custom_js":"","_kad_blocks_footer_custom_js":"","_kadence_starter_templates_imported_post":false,"_kad_post_transparent":"","_kad_post_title":"","_kad_post_layout":"","_kad_post_sidebar_id":"","_kad_post_content_style":"","_kad_post_vertical_padding":"","_kad_post_feature":"","_kad_post_feature_position":"","_kad_post_header":false,"_kad_post_footer":false,"_kad_post_classname":"","footnotes":""},"class_list":["post-9197","page","type-page","status-publish","hentry"],"taxonomy_info":[],"featured_image_src_large":false,"author_info":{"display_name":"John Beckley","author_link":"https:\/\/mes-pochoirs.com\/de\/author\/adminjohn"},"comment_info":0,"_links":{"self":[{"href":"https:\/\/mes-pochoirs.com\/de\/wp-json\/wp\/v2\/pages\/9197","targetHints":{"allow":["GET"]}}],"collection":[{"href":"https:\/\/mes-pochoirs.com\/de\/wp-json\/wp\/v2\/pages"}],"about":[{"href":"https:\/\/mes-pochoirs.com\/de\/wp-json\/wp\/v2\/types\/page"}],"author":[{"embeddable":true,"href":"https:\/\/mes-pochoirs.com\/de\/wp-json\/wp\/v2\/users\/1"}],"replies":[{"embeddable":true,"href":"https:\/\/mes-pochoirs.com\/de\/wp-json\/wp\/v2\/comments?post=9197"}],"version-history":[{"count":0,"href":"https:\/\/mes-pochoirs.com\/de\/wp-json\/wp\/v2\/pages\/9197\/revisions"}],"wp:attachment":[{"href":"https:\/\/mes-pochoirs.com\/de\/wp-json\/wp\/v2\/media?parent=9197"}],"curies":[{"name":"wp","href":"https:\/\/api.w.org\/{rel}","templated":true}]}}