{"id":10084,"date":"2023-09-18T11:42:48","date_gmt":"2023-09-18T09:42:48","guid":{"rendered":"https:\/\/mes-pochoirs.com\/?post_type=product&#038;p=10084"},"modified":"2025-10-31T11:57:39","modified_gmt":"2025-10-31T10:57:39","slug":"schablone-gebrauchte-wand-aus-ziegeln-u0007","status":"publish","type":"product","link":"https:\/\/mes-pochoirs.com\/de\/produit\/pochoir-mur-use-en-briques-u0007","title":{"rendered":"Schablone Abgenutzte Mauer aus Ziegelsteinen - U0007"},"content":{"rendered":"<h2>Schablone Abgenutzte Mauer aus Ziegelsteinen<\/h2>\n<p>Die <strong>Schablone Abgenutzte Mauer aus Ziegelsteinen<\/strong> erinnert an Fassaden, die von der Zeit patiniert wurden, an vergessene Gassen und an Stadtmauern, die von Erinnerungen gepr\u00e4gt sind. Jeder Ziegelstein, jeder Splitter, jede Unvollkommenheit erz\u00e4hlt eine Geschichte - die Geschichte eines lebendigen Ortes, der manchmal verlassen ist und manchmal von Kunst und Fantasie neu besetzt wird. Diese Schablone gibt das authentische Aussehen einer alten Ziegelmauer treffend wieder. Sie ist robust und bewegend zugleich und eignet sich perfekt, um eine raue, nostalgische oder urbane Atmosph\u00e4re zu schaffen.<\/p>\n<p>Als Hintergrund oder zentrales Element eingesetzt, verleiht es Ihren Kreationen eine beeindruckende visuelle Tiefe. Es kann an eine bespr\u00fchte Wand, eine industrielle Umgebung oder die Underground-Atmosph\u00e4re eines K\u00fcnstlerateliers erinnern. Es ist ideal, um eine Leinwand, ein M\u00f6belst\u00fcck oder sogar eine Innenwand in eine ausdrucksstarke, charaktervolle Fl\u00e4che zu verwandeln.<\/p>\n<h3>Ein roher, urbaner, entschieden kreativer Stil<\/h3>\n<p>Die <strong>Schablone Abgenutzte Mauer aus Ziegelsteinen<\/strong> ist Teil der \u00c4sthetik von Street Art, Grunge und Industriedesign. Das unregelm\u00e4\u00dfige, strukturierte Muster simuliert den Effekt einer verwitterten Wand und erinnert an die Wandmalereien in New York oder die Hinterh\u00f6fe von K\u00fcnstlern, wo Beton zum Medium des Ausdrucks wird. Es ist eine vielseitige Schablone, die Liebhaber von Loft-Dekorationen ebenso anspricht wie Sch\u00f6pfer von ergreifenden urbanen Szenen.<\/p>\n<p>Sein starker visueller Stil passt perfekt zu Banksy-\u00e4hnlichen Portr\u00e4ts, Kindersilhouetten, Graffiti oder Typografien mit Botschaft. Sie wirkt wie ein lebendiger, rauer, aber stimmungsvoller Hintergrund, der die Intensit\u00e4t eines Kunstwerks unterstreicht oder ihm eine zus\u00e4tzliche Seele verleiht. Lassen Sie Ihrer Kreativit\u00e4t freien Lauf: Diese Schablone ist eine Kulisse voller Energie und Realismus.<\/p>","protected":false},"excerpt":{"rendered":"<p><strong data-start=\"1392\" data-end=\"1422\">Schablone Abgenutzte Mauer aus Ziegelsteinen<\/strong>Perfekt als Hintergrund f\u00fcr ein Gem\u00e4lde. Wiederverwendbar, Profi-Qualit\u00e4t, verschiedene Gr\u00f6\u00dfen, ideal f\u00fcr Street Art &amp; Malerei.<\/p>","protected":false},"featured_media":9975,"comment_status":"open","ping_status":"closed","template":"","meta":{"bwfblock_default_font":"","_kad_blocks_custom_css":"","_kad_blocks_head_custom_js":"","_kad_blocks_body_custom_js":"","_kad_blocks_footer_custom_js":"","_kadence_starter_templates_imported_post":false,"_kad_post_transparent":"default","_kad_post_title":"","_kad_post_layout":"default","_kad_post_sidebar_id":"","_kad_post_content_style":"default","_kad_post_vertical_padding":"default","_kad_post_feature":"","_kad_post_feature_position":"","_kad_post_header":false,"_kad_post_footer":false,"_kad_post_classname":""},"product_brand":[1415],"product_cat":[273,328],"product_tag":[436,435,433,434,327,286,437],"class_list":{"0":"post-10084","1":"product","2":"type-product","3":"status-publish","4":"has-post-thumbnail","6":"product_brand-mes-pochoirs","7":"product_cat-pochoirs-urbains","8":"product_cat-pochoirs-street-art","9":"product_tag-abime","10":"product_tag-briques","11":"product_tag-mur","12":"product_tag-mural","13":"product_tag-street-art","14":"product_tag-urbain","15":"product_tag-use","17":"first","18":"instock","19":"taxable","20":"shipping-taxable","21":"purchasable","22":"product-type-variable","23":"entry","24":"content-bg","25":"loop-entry"},"taxonomy_info":{"product_brand":[{"value":1415,"label":"Mes Pochoirs"}],"product_cat":[{"value":273,"label":"Urbains"},{"value":328,"label":"Street Art"}],"product_tag":[{"value":436,"label":"abim\u00e9"},{"value":435,"label":"briques"},{"value":433,"label":"mur"},{"value":434,"label":"mural"},{"value":327,"label":"street art"},{"value":286,"label":"urbain"},{"value":437,"label":"us\u00e9"}]},"featured_image_src_large":["https:\/\/mes-pochoirs.com\/wp-content\/uploads\/2023\/09\/U0007-FR-pochoir-mur-briques-copyright-mes-pochoirs-858x1030.jpg",858,1030,true],"author_info":[],"comment_info":0,"_links":{"self":[{"href":"https:\/\/mes-pochoirs.com\/de\/wp-json\/wp\/v2\/product\/10084","targetHints":{"allow":["GET"]}}],"collection":[{"href":"https:\/\/mes-pochoirs.com\/de\/wp-json\/wp\/v2\/product"}],"about":[{"href":"https:\/\/mes-pochoirs.com\/de\/wp-json\/wp\/v2\/types\/product"}],"replies":[{"embeddable":true,"href":"https:\/\/mes-pochoirs.com\/de\/wp-json\/wp\/v2\/comments?post=10084"}],"wp:featuredmedia":[{"embeddable":true,"href":"https:\/\/mes-pochoirs.com\/de\/wp-json\/wp\/v2\/media\/9975"}],"wp:attachment":[{"href":"https:\/\/mes-pochoirs.com\/de\/wp-json\/wp\/v2\/media?parent=10084"}],"wp:term":[{"taxonomy":"product_brand","embeddable":true,"href":"https:\/\/mes-pochoirs.com\/de\/wp-json\/wp\/v2\/product_brand?post=10084"},{"taxonomy":"product_cat","embeddable":true,"href":"https:\/\/mes-pochoirs.com\/de\/wp-json\/wp\/v2\/product_cat?post=10084"},{"taxonomy":"product_tag","embeddable":true,"href":"https:\/\/mes-pochoirs.com\/de\/wp-json\/wp\/v2\/product_tag?post=10084"}],"curies":[{"name":"wp","href":"https:\/\/api.w.org\/{rel}","templated":true}]}}