{"id":10260,"date":"2023-09-28T22:17:45","date_gmt":"2023-09-28T20:17:45","guid":{"rendered":"https:\/\/mes-pochoirs.com\/?post_type=product&#038;p=10260"},"modified":"2025-10-31T11:57:52","modified_gmt":"2025-10-31T10:57:52","slug":"schablone-text-soul-t0007","status":"publish","type":"product","link":"https:\/\/mes-pochoirs.com\/de\/produit\/pochoir-texte-soul-t0007","title":{"rendered":"Textschablone \"Soul\"- T0007"},"content":{"rendered":"<h2>Textschablone \"Soul\"<\/h2>\n<h3>Ein Wort, das vibriert und Emotionen vermittelt<\/h3>\n<p><strong>Schablone Text Soul<\/strong>\u00a0erinnert an W\u00e4rme, Musik und Authentizit\u00e4t. Das runde, energiegeladene Wort \"Soul\" scheint frei zu flie\u00dfen wie eine tiefe Stimme oder ein frisches Gem\u00e4lde. Es verk\u00f6rpert Tiefe, Sensibilit\u00e4t und eine intime und lebendige Form des Ausdrucks. Diese Schablone eignet sich perfekt, um eine Kreation mit einem spirituellen oder musikalischen Touch zu bereichern, und zieht mit ihrer einfachen und starken Botschaft an.<\/p>\n<p>Es ist ideal, um einem Gem\u00e4lde, einer Wand, einem T-Shirt oder jedem anderen Medium des k\u00fcnstlerischen Ausdrucks eine pers\u00f6nliche Note zu verleihen. Dieses einzigartige Wort l\u00e4dt dazu ein, mit dem Herzen zu malen, seinen Werken eine Seele hinzuzuf\u00fcgen und mit Stil zu schwingen.<\/p>\n<h3>Grafisches und ausdrucksstarkes Dripping-Design<\/h3>\n<p><strong>Schablone Text Soul<\/strong>\u00a0verwendet eine von der Street Art inspirierte Typografie mit wellenf\u00f6rmigen Buchstaben und den f\u00fcr den \"Drip\"-Stil typischen Unterschriftsl\u00e4ufen. Dieser Kontrast zwischen weichen Kurven und tropfenden Effekten erzeugt eine sehr ausdrucksstarke und moderne Darstellung. Das Lettering wirkt lebendig, fast wie in Bewegung, und verleiht Ihren Kreationen eine sch\u00f6ne visuelle Dynamik.<\/p>\n<p>Diese Schablone ist wiederverwendbar, beidseitig verwendbar und in verschiedenen Gr\u00f6\u00dfen erh\u00e4ltlich, damit sie f\u00fcr alle Ihre Kunstprojekte geeignet ist: Malerei, zeitgen\u00f6ssische Gem\u00e4lde, Stadtfresken oder DIY-Dekoration. Hohe Qualit\u00e4t garantiert, f\u00fcr eine einfache Anwendung und eine starke Wirkung. Mit dieser Schablone wird jedes Werk zu einem grafischen Seelenschrei.<\/p>","protected":false},"excerpt":{"rendered":"<p><strong>Schablone Text Soul <\/strong>f\u00fcr K\u00fcnstler auf der Suche nach visuellen Emotionen. Wiederverwendbar, hohe Qualit\u00e4t, verschiedene Gr\u00f6\u00dfen zum Malen und Dekorieren.<\/p>","protected":false},"featured_media":10168,"comment_status":"open","ping_status":"closed","template":"","meta":{"bwfblock_default_font":"","_kad_blocks_custom_css":"","_kad_blocks_head_custom_js":"","_kad_blocks_body_custom_js":"","_kad_blocks_footer_custom_js":"","_kadence_starter_templates_imported_post":false,"_kad_post_transparent":"default","_kad_post_title":"","_kad_post_layout":"default","_kad_post_sidebar_id":"","_kad_post_content_style":"default","_kad_post_vertical_padding":"default","_kad_post_feature":"","_kad_post_feature_position":"","_kad_post_header":false,"_kad_post_footer":false,"_kad_post_classname":""},"product_brand":[1415],"product_cat":[554,548,316],"product_tag":[285,275,445,444,327,287,295,286],"class_list":{"0":"post-10260","1":"product","2":"type-product","3":"status-publish","4":"has-post-thumbnail","6":"product_brand-mes-pochoirs","7":"product_cat-pochoirs-style-graffiti-dripping","8":"product_cat-pochoirs-mot-soul","9":"product_cat-pochoirs-textes-et-messages","10":"product_tag-graffiti","11":"product_tag-message","12":"product_tag-musique","13":"product_tag-soul","14":"product_tag-street-art","15":"product_tag-tag","16":"product_tag-texte","17":"product_tag-urbain","19":"first","20":"instock","21":"taxable","22":"shipping-taxable","23":"purchasable","24":"product-type-variable","25":"has-default-attributes","26":"entry","27":"content-bg","28":"loop-entry"},"taxonomy_info":{"product_brand":[{"value":1415,"label":"Mes Pochoirs"}],"product_cat":[{"value":554,"label":"Graffiti Dripping"},{"value":548,"label":"Soul"},{"value":316,"label":"Textes et Messages"}],"product_tag":[{"value":285,"label":"graffiti"},{"value":275,"label":"message"},{"value":445,"label":"musique"},{"value":444,"label":"soul"},{"value":327,"label":"street art"},{"value":287,"label":"tag"},{"value":295,"label":"Texte"},{"value":286,"label":"urbain"}]},"featured_image_src_large":["https:\/\/mes-pochoirs.com\/wp-content\/uploads\/2023\/09\/T0007-FR-pochoir-text-soul-copyright-mes-pochoirs-858x1030.jpg",858,1030,true],"author_info":[],"comment_info":0,"_links":{"self":[{"href":"https:\/\/mes-pochoirs.com\/de\/wp-json\/wp\/v2\/product\/10260","targetHints":{"allow":["GET"]}}],"collection":[{"href":"https:\/\/mes-pochoirs.com\/de\/wp-json\/wp\/v2\/product"}],"about":[{"href":"https:\/\/mes-pochoirs.com\/de\/wp-json\/wp\/v2\/types\/product"}],"replies":[{"embeddable":true,"href":"https:\/\/mes-pochoirs.com\/de\/wp-json\/wp\/v2\/comments?post=10260"}],"wp:featuredmedia":[{"embeddable":true,"href":"https:\/\/mes-pochoirs.com\/de\/wp-json\/wp\/v2\/media\/10168"}],"wp:attachment":[{"href":"https:\/\/mes-pochoirs.com\/de\/wp-json\/wp\/v2\/media?parent=10260"}],"wp:term":[{"taxonomy":"product_brand","embeddable":true,"href":"https:\/\/mes-pochoirs.com\/de\/wp-json\/wp\/v2\/product_brand?post=10260"},{"taxonomy":"product_cat","embeddable":true,"href":"https:\/\/mes-pochoirs.com\/de\/wp-json\/wp\/v2\/product_cat?post=10260"},{"taxonomy":"product_tag","embeddable":true,"href":"https:\/\/mes-pochoirs.com\/de\/wp-json\/wp\/v2\/product_tag?post=10260"}],"curies":[{"name":"wp","href":"https:\/\/api.w.org\/{rel}","templated":true}]}}