{"id":10339,"date":"2023-09-29T13:02:31","date_gmt":"2023-09-29T11:02:31","guid":{"rendered":"https:\/\/mes-pochoirs.com\/?post_type=product&#038;p=10339"},"modified":"2025-10-31T11:58:06","modified_gmt":"2025-10-31T10:58:06","slug":"schablone-text-rever-t0014","status":"publish","type":"product","link":"https:\/\/mes-pochoirs.com\/de\/produit\/pochoir-texte-rever-t0014","title":{"rendered":"Textschablone \"Tr\u00e4umen\" - T0014"},"content":{"rendered":"<h2>Textschablone \"Tr\u00e4umen\"<\/h2>\n<p><strong>Textschablone \"Tr\u00e4umen\"<\/strong> l\u00e4sst uns in eine Welt der Flucht und der Sanftheit eintauchen. Dieses einfache und kraftvolle Wort l\u00e4dt dazu ein, dem Alltag zu entfliehen, den Gef\u00fchlen, der Sch\u00f6pfung und den frei schwebenden Ideen Raum zu geben. Seine wie frische Tinte triefende Schrift verst\u00e4rkt die Vorstellung eines sich bildenden Traums, der lebendig, zerbrechlich und stark zugleich ist.<\/p>\n<p>Diese Schablone ist ideal f\u00fcr K\u00fcnstler und Dekorateure, die eine poetische Botschaft in ihre Werke integrieren m\u00f6chten: ein Gem\u00e4lde, ein Wandgem\u00e4lde, ein zeitgen\u00f6ssisches Gem\u00e4lde oder sogar eine Innendekoration. Sie verleiht jeder Kreation eine sensible und universelle Dimension.<\/p>\n<h3>Ein fl\u00fcssiger und inspirierender Graffiti-Stil<\/h3>\n<p><strong>Textschablone \"Tr\u00e4umen\"<\/strong> hat ein modernes, grafisches Design, das von der Street Art inspiriert ist. Die geschwungenen, ausdrucksstarken Buchstaben werden durch einen kontrollierten Dripping-Effekt hervorgehoben, der an die Spontaneit\u00e4t eines Tags erinnert, aber einen traumhaften Touch hat. Dieser Kontrast zwischen urbanem Stil und sanfter Botschaft schafft ein sehr ausgewogenes Bild, das gleichzeitig eindringlich und harmonisch wirkt.<\/p>\n<p>Diese Schablone ist wiederverwendbar, beidseitig verwendbar und in verschiedenen Gr\u00f6\u00dfen erh\u00e4ltlich, die sich an alle Arten von Untergr\u00fcnden anpassen: W\u00e4nde, Leinw\u00e4nde, Papier, Textilien, Holz... Ihre professionelle Schneidequalit\u00e4t sorgt f\u00fcr ein sauberes und dauerhaftes Ergebnis, f\u00fcr Kreationen, die von Tr\u00e4umerei und Freiheit gepr\u00e4gt sind. Ein unverzichtbares Werkzeug f\u00fcr Maler und Kreative, die auf der Suche nach visuellen Emotionen sind.<\/p>","protected":false},"excerpt":{"rendered":"<p><strong>Schablone Text Tr\u00e4umen<\/strong>Der elegante Dripping-Effekt f\u00fcr Fresken oder Gem\u00e4lde. Beidseitig verwendbar, Profi-Qualit\u00e4t, verschiedene Formate f\u00fcr kreative Dekorationen.<\/p>","protected":false},"featured_media":10175,"comment_status":"open","ping_status":"closed","template":"","meta":{"bwfblock_default_font":"","_kad_blocks_custom_css":"","_kad_blocks_head_custom_js":"","_kad_blocks_body_custom_js":"","_kad_blocks_footer_custom_js":"","_kadence_starter_templates_imported_post":false,"_kad_post_transparent":"default","_kad_post_title":"","_kad_post_layout":"default","_kad_post_sidebar_id":"","_kad_post_content_style":"default","_kad_post_vertical_padding":"default","_kad_post_feature":"","_kad_post_feature_position":"","_kad_post_header":false,"_kad_post_footer":false,"_kad_post_classname":""},"product_brand":[1415],"product_cat":[554,546,316],"product_tag":[441,285,275,442,453,327,287,295,286],"class_list":{"0":"post-10339","1":"product","2":"type-product","3":"status-publish","4":"has-post-thumbnail","6":"product_brand-mes-pochoirs","7":"product_cat-pochoirs-style-graffiti-dripping","8":"product_cat-pochoirs-mot-rever","9":"product_cat-pochoirs-textes-et-messages","10":"product_tag-dream","11":"product_tag-graffiti","12":"product_tag-message","13":"product_tag-reve","14":"product_tag-rever","15":"product_tag-street-art","16":"product_tag-tag","17":"product_tag-texte","18":"product_tag-urbain","20":"first","21":"instock","22":"taxable","23":"shipping-taxable","24":"purchasable","25":"product-type-variable","26":"has-default-attributes","27":"entry","28":"content-bg","29":"loop-entry"},"taxonomy_info":{"product_brand":[{"value":1415,"label":"Mes Pochoirs"}],"product_cat":[{"value":554,"label":"Graffiti Dripping"},{"value":546,"label":"R\u00eaver"},{"value":316,"label":"Textes et Messages"}],"product_tag":[{"value":441,"label":"Dream"},{"value":285,"label":"graffiti"},{"value":275,"label":"message"},{"value":442,"label":"R\u00eave"},{"value":453,"label":"r\u00eaver"},{"value":327,"label":"street art"},{"value":287,"label":"tag"},{"value":295,"label":"Texte"},{"value":286,"label":"urbain"}]},"featured_image_src_large":["https:\/\/mes-pochoirs.com\/wp-content\/uploads\/2023\/09\/T0014-FR-pochoir-text-rever-copyright-mes-pochoirs-858x1030.jpg",858,1030,true],"author_info":[],"comment_info":0,"_links":{"self":[{"href":"https:\/\/mes-pochoirs.com\/de\/wp-json\/wp\/v2\/product\/10339","targetHints":{"allow":["GET"]}}],"collection":[{"href":"https:\/\/mes-pochoirs.com\/de\/wp-json\/wp\/v2\/product"}],"about":[{"href":"https:\/\/mes-pochoirs.com\/de\/wp-json\/wp\/v2\/types\/product"}],"replies":[{"embeddable":true,"href":"https:\/\/mes-pochoirs.com\/de\/wp-json\/wp\/v2\/comments?post=10339"}],"wp:featuredmedia":[{"embeddable":true,"href":"https:\/\/mes-pochoirs.com\/de\/wp-json\/wp\/v2\/media\/10175"}],"wp:attachment":[{"href":"https:\/\/mes-pochoirs.com\/de\/wp-json\/wp\/v2\/media?parent=10339"}],"wp:term":[{"taxonomy":"product_brand","embeddable":true,"href":"https:\/\/mes-pochoirs.com\/de\/wp-json\/wp\/v2\/product_brand?post=10339"},{"taxonomy":"product_cat","embeddable":true,"href":"https:\/\/mes-pochoirs.com\/de\/wp-json\/wp\/v2\/product_cat?post=10339"},{"taxonomy":"product_tag","embeddable":true,"href":"https:\/\/mes-pochoirs.com\/de\/wp-json\/wp\/v2\/product_tag?post=10339"}],"curies":[{"name":"wp","href":"https:\/\/api.w.org\/{rel}","templated":true}]}}