{"id":10640,"date":"2023-10-13T11:25:13","date_gmt":"2023-10-13T09:25:13","guid":{"rendered":"https:\/\/mes-pochoirs.com\/?post_type=product&#038;p=10640"},"modified":"2026-02-16T10:46:21","modified_gmt":"2026-02-16T09:46:21","slug":"schablone-portrait-mona-lisa-pa0009","status":"publish","type":"product","link":"https:\/\/mes-pochoirs.com\/de\/produit\/pochoir-portrait-mona-lisa-pa0009","title":{"rendered":"Schablone Portr\u00e4t Mona Lisa - PA0009"},"content":{"rendered":"<h2>Schablone Portr\u00e4t Mona Lisa<\/h2>\n<p><strong>Schablone Portr\u00e4t Mona Lisa<\/strong> - Diese Schablone ist eine Hommage an eines der ber\u00fchmtesten Portr\u00e4ts der Welt : <em>Mona Lisa<\/em> von Leonardo da Vinci. Sein geheimnisvoller Blick, sein r\u00e4tselhaftes L\u00e4cheln und seine legend\u00e4re K\u00f6rperhaltung werden hier als Schablonenversion neu interpretiert, um sie f\u00fcr jeden Designer zug\u00e4nglich zu machen. Mit dieser detailgetreu stilisierten Silhouette kann der K\u00fcnstler das Wesen dieses Meisterwerks einfangen und ihm gleichzeitig seine pers\u00f6nliche Note verleihen. Die Schablone vermittelt klassische Eleganz und symbolische Kraft. Sie eignet sich perfekt f\u00fcr Leinw\u00e4nde, W\u00e4nde, M\u00f6bel oder andere Kunstwerke.<\/p>\n<h3>Ein hybrider Stil zwischen Klassizismus und Street Art<\/h3>\n<p><strong>Schablone Portr\u00e4t Mona Lisa<\/strong> - Mit ihren klaren Kontrasten, ihren kontrollierten Konturen und ihrer grafischen Darstellung bietet diese Schablone eine zeitgen\u00f6ssische Version der Mona Lisa. Ihr pr\u00e4ziser Schnitt erm\u00f6glicht ein subtiles Spiel zwischen Licht und Schatten und ist ideal f\u00fcr wirkungsvolle Effekte mit Farbe, Spraydose, Tinte oder Pastellfarben. Die Schablone passt sowohl zu einem strukturierten Hintergrund als auch zu einer rauen Wand und sorgt so f\u00fcr eine Mischung aus Pop-Art und Street-Art. <strong>Wiederverwendbar<\/strong>, <strong>umkehrbar<\/strong> und verf\u00fcgbar in <strong>verschiedene Gr\u00f6\u00dfen<\/strong>Diese hochwertige Schablone ist ein hervorragendes Werkzeug f\u00fcr Maler, Dekorateure und Liebhaber von ikonischen visuellen Verfremdungen.<\/p>","protected":false},"excerpt":{"rendered":"<p><strong>Schablone Portr\u00e4t Mona Lisa<\/strong>Die Bilder k\u00f6nnen auf einer Tafel oder an der Wand angebracht werden. Wiederverwendbar, hohe Qualit\u00e4t, in verschiedenen Gr\u00f6\u00dfen erh\u00e4ltlich.<\/p>","protected":false},"featured_media":10652,"comment_status":"open","ping_status":"closed","template":"","meta":{"bwfblock_default_font":"","_kad_blocks_custom_css":"","_kad_blocks_head_custom_js":"","_kad_blocks_body_custom_js":"","_kad_blocks_footer_custom_js":"","_kadence_starter_templates_imported_post":false,"_kad_post_transparent":"default","_kad_post_title":"","_kad_post_layout":"default","_kad_post_sidebar_id":"","_kad_post_content_style":"default","_kad_post_vertical_padding":"default","_kad_post_feature":"","_kad_post_feature_position":"","_kad_post_header":false,"_kad_post_footer":false,"_kad_post_classname":""},"product_brand":[1415],"product_cat":[332,732,36],"product_tag":[439,469,340,466,471,470,465,468,467,333,390],"class_list":{"0":"post-10640","1":"product","2":"type-product","3":"status-publish","4":"has-post-thumbnail","6":"product_brand-mes-pochoirs","7":"product_cat-pochoirs-pop-art","8":"product_cat-pochoirs-icones-celebrites","9":"product_cat-pochoirs-portraits-visages","10":"product_tag-art","11":"product_tag-celebre","12":"product_tag-celebrite","13":"product_tag-davinci","14":"product_tag-icone","15":"product_tag-joconde","16":"product_tag-mona-lisa","17":"product_tag-peintre","18":"product_tag-peinture","19":"product_tag-pop-art","20":"product_tag-portrait","22":"first","23":"instock","24":"taxable","25":"shipping-taxable","26":"purchasable","27":"product-type-variable","28":"entry","29":"content-bg","30":"loop-entry"},"taxonomy_info":{"product_brand":[{"value":1415,"label":"Mes Pochoirs"}],"product_cat":[{"value":332,"label":"Pop Art"},{"value":732,"label":"Ic\u00f4nes &amp; C\u00e9l\u00e9brit\u00e9s"},{"value":36,"label":"Portraits &amp; Visages"}],"product_tag":[{"value":439,"label":"art"},{"value":469,"label":"c\u00e9l\u00e8bre"},{"value":340,"label":"c\u00e9l\u00e9brit\u00e9"},{"value":466,"label":"DaVinci"},{"value":471,"label":"icone"},{"value":470,"label":"Joconde"},{"value":465,"label":"Mona Lisa"},{"value":468,"label":"peintre"},{"value":467,"label":"peinture"},{"value":333,"label":"pop art"},{"value":390,"label":"portrait"}]},"featured_image_src_large":["https:\/\/mes-pochoirs.com\/wp-content\/uploads\/2023\/10\/PA0009-FR-pochoir-portrait-mona-lisa-copyright-mes-pochoirs-com-858x1030.jpg",858,1030,true],"author_info":[],"comment_info":7,"_links":{"self":[{"href":"https:\/\/mes-pochoirs.com\/de\/wp-json\/wp\/v2\/product\/10640","targetHints":{"allow":["GET"]}}],"collection":[{"href":"https:\/\/mes-pochoirs.com\/de\/wp-json\/wp\/v2\/product"}],"about":[{"href":"https:\/\/mes-pochoirs.com\/de\/wp-json\/wp\/v2\/types\/product"}],"replies":[{"embeddable":true,"href":"https:\/\/mes-pochoirs.com\/de\/wp-json\/wp\/v2\/comments?post=10640"}],"wp:featuredmedia":[{"embeddable":true,"href":"https:\/\/mes-pochoirs.com\/de\/wp-json\/wp\/v2\/media\/10652"}],"wp:attachment":[{"href":"https:\/\/mes-pochoirs.com\/de\/wp-json\/wp\/v2\/media?parent=10640"}],"wp:term":[{"taxonomy":"product_brand","embeddable":true,"href":"https:\/\/mes-pochoirs.com\/de\/wp-json\/wp\/v2\/product_brand?post=10640"},{"taxonomy":"product_cat","embeddable":true,"href":"https:\/\/mes-pochoirs.com\/de\/wp-json\/wp\/v2\/product_cat?post=10640"},{"taxonomy":"product_tag","embeddable":true,"href":"https:\/\/mes-pochoirs.com\/de\/wp-json\/wp\/v2\/product_tag?post=10640"}],"curies":[{"name":"wp","href":"https:\/\/api.w.org\/{rel}","templated":true}]}}