{"id":10693,"date":"2023-10-13T11:20:25","date_gmt":"2023-10-13T09:20:25","guid":{"rendered":"https:\/\/mes-pochoirs.com\/?post_type=product&#038;p=10693"},"modified":"2025-10-31T11:59:00","modified_gmt":"2025-10-31T10:59:00","slug":"schablone-text-mona-lisa-t0017","status":"publish","type":"product","link":"https:\/\/mes-pochoirs.com\/de\/produit\/pochoir-texte-mona-lisa-t0017","title":{"rendered":"Textschablone \"Mona Lisa\" - T0017"},"content":{"rendered":"<h2>Textschablone \"Mona Lisa\"<\/h2>\n<h3>Eine durchschlagende doppelte Identit\u00e4t zwischen Geheimnis und Ausdruck<\/h3>\n<p><strong>Textschablone \"Mona Lisa\"<\/strong> - Diese Schablone vereint die Vornamen <em>Mona<\/em> und <em>Lisa<\/em> in einem starken und symboltr\u00e4chtigen grafischen Duett. Es ist unm\u00f6glich, nicht an die ber\u00fchmte Figur der klassischen Kunst zu denken, die hier jedoch mit einem entschieden modernen, fast provokativen Ton neu interpretiert wird. Der Vorname wird hier zur Unterschrift, zum Anspruch, zur Identit\u00e4t, die auf dem gew\u00e4hlten Tr\u00e4ger markiert wird. Das Ganze dr\u00fcckt eine Mischung aus Geheimnis, selbstbewusster Weiblichkeit und freiem Ausdruck aus. Ob Sie ein Kunstwerk signieren, ein Bild individuell gestalten oder einer Wand einen urbanen Touch verleihen wollen, diese Schablone bietet einen sofortigen visuellen Eindruck.<\/p>\n<h3>Eine auffallende Graffiti-\u00c4sthetik zwischen urbaner Kunst und Pop-Augenzwinkern<\/h3>\n<p><strong>Textschablone \"Mona Lisa\"<\/strong> - Diese Schablone passt mit ihren dynamischen Buchstaben und den f\u00fcr die Spr\u00fchdose typischen Verl\u00e4ufen voll und ganz in die Welt der Street Art. Die \u00dcberlagerung der beiden Vornamen verst\u00e4rkt den Effekt von Rhythmus und Kontrast. Scharfe Linien, Dripping-Effekt, grafisches Gleichgewicht: Alles ist auf ein rohes, ausdrucksstarkes und modernes Ergebnis ausgelegt. Es eignet sich sowohl f\u00fcr die Malerei auf Leinwand als auch f\u00fcr W\u00e4nde, M\u00f6bel oder sogar Textilien. <strong>Wiederverwendbar<\/strong>, <strong>umkehrbar<\/strong> und dekliniert in <strong>verschiedene Gr\u00f6\u00dfen<\/strong>Diese Schablone ist ein originelles Gestaltungsmittel f\u00fcr K\u00fcnstler, Graffiti-K\u00fcnstler und Liebhaber moderner Dekoration.<\/p>\n<p>\u00a0<\/p>","protected":false},"excerpt":{"rendered":"<p><strong>Textschablone Mona Lisa<\/strong>\u00a0Graffiti-Stil f\u00fcr Gem\u00e4lde, Tafeln oder W\u00e4nde. Hohe Qualit\u00e4t, wiederverwendbar, in verschiedenen Gr\u00f6\u00dfen erh\u00e4ltlich.<\/p>","protected":false},"featured_media":10656,"comment_status":"open","ping_status":"closed","template":"","meta":{"bwfblock_default_font":"","_kad_blocks_custom_css":"","_kad_blocks_head_custom_js":"","_kad_blocks_body_custom_js":"","_kad_blocks_footer_custom_js":"","_kadence_starter_templates_imported_post":false,"_kad_post_transparent":"default","_kad_post_title":"","_kad_post_layout":"default","_kad_post_sidebar_id":"","_kad_post_content_style":"default","_kad_post_vertical_padding":"default","_kad_post_feature":"","_kad_post_feature_position":"","_kad_post_header":false,"_kad_post_footer":false,"_kad_post_classname":""},"product_brand":[1415],"product_cat":[556,554,316],"product_tag":[285,473,275,472,465,327,287,295,286],"class_list":{"0":"post-10693","1":"product","2":"type-product","3":"status-publish","4":"has-post-thumbnail","6":"product_brand-mes-pochoirs","7":"product_cat-pochoirs-mot-mona-lisa","8":"product_cat-pochoirs-style-graffiti-dripping","9":"product_cat-pochoirs-textes-et-messages","10":"product_tag-graffiti","11":"product_tag-lisa","12":"product_tag-message","13":"product_tag-mona","14":"product_tag-mona-lisa","15":"product_tag-street-art","16":"product_tag-tag","17":"product_tag-texte","18":"product_tag-urbain","20":"first","21":"instock","22":"taxable","23":"shipping-taxable","24":"purchasable","25":"product-type-variable","26":"entry","27":"content-bg","28":"loop-entry"},"taxonomy_info":{"product_brand":[{"value":1415,"label":"Mes Pochoirs"}],"product_cat":[{"value":556,"label":"Mona Lisa"},{"value":554,"label":"Graffiti Dripping"},{"value":316,"label":"Textes et Messages"}],"product_tag":[{"value":285,"label":"graffiti"},{"value":473,"label":"Lisa"},{"value":275,"label":"message"},{"value":472,"label":"Mona"},{"value":465,"label":"Mona Lisa"},{"value":327,"label":"street art"},{"value":287,"label":"tag"},{"value":295,"label":"Texte"},{"value":286,"label":"urbain"}]},"featured_image_src_large":["https:\/\/mes-pochoirs.com\/wp-content\/uploads\/2023\/10\/T0017-FR-pochoir-texte-Mona-Lisa-copyright-mes-pochoirs-com-858x1030.jpg",858,1030,true],"author_info":[],"comment_info":0,"_links":{"self":[{"href":"https:\/\/mes-pochoirs.com\/de\/wp-json\/wp\/v2\/product\/10693","targetHints":{"allow":["GET"]}}],"collection":[{"href":"https:\/\/mes-pochoirs.com\/de\/wp-json\/wp\/v2\/product"}],"about":[{"href":"https:\/\/mes-pochoirs.com\/de\/wp-json\/wp\/v2\/types\/product"}],"replies":[{"embeddable":true,"href":"https:\/\/mes-pochoirs.com\/de\/wp-json\/wp\/v2\/comments?post=10693"}],"wp:featuredmedia":[{"embeddable":true,"href":"https:\/\/mes-pochoirs.com\/de\/wp-json\/wp\/v2\/media\/10656"}],"wp:attachment":[{"href":"https:\/\/mes-pochoirs.com\/de\/wp-json\/wp\/v2\/media?parent=10693"}],"wp:term":[{"taxonomy":"product_brand","embeddable":true,"href":"https:\/\/mes-pochoirs.com\/de\/wp-json\/wp\/v2\/product_brand?post=10693"},{"taxonomy":"product_cat","embeddable":true,"href":"https:\/\/mes-pochoirs.com\/de\/wp-json\/wp\/v2\/product_cat?post=10693"},{"taxonomy":"product_tag","embeddable":true,"href":"https:\/\/mes-pochoirs.com\/de\/wp-json\/wp\/v2\/product_tag?post=10693"}],"curies":[{"name":"wp","href":"https:\/\/api.w.org\/{rel}","templated":true}]}}