{"id":10751,"date":"2023-10-17T10:55:56","date_gmt":"2023-10-17T08:55:56","guid":{"rendered":"https:\/\/mes-pochoirs.com\/?post_type=product&#038;p=10751"},"modified":"2025-10-31T11:59:02","modified_gmt":"2025-10-31T10:59:02","slug":"schablone-stern-s0018","status":"publish","type":"product","link":"https:\/\/mes-pochoirs.com\/de\/produit\/pochoir-etoile-s0018","title":{"rendered":"Schablone Stern - S0018"},"content":{"rendered":"<h2>Schablone Stern<\/h2>\n<h3>Ein einfacher, symbolischer Stern, um in all Ihren Kreationen zu gl\u00e4nzen<\/h3>\n<p><strong>Schablone Stern<\/strong> - Diese Schablone beleuchtet ein universelles Symbol: den f\u00fcnfzackigen Stern. Als Symbol f\u00fcr Licht, Traum, Erfolg oder Freiheit \u00fcberdauert er Kulturen und Epochen. Ob einzeln oder wiederholt verwendet, der Stern verleiht jedem Kunstwerk sofort einen starken grafischen Effekt. Er kann einen imagin\u00e4ren Himmel oder eine festliche Stimmung heraufbeschw\u00f6ren oder einfach ein dekoratives Motiv hervorheben. Mit dieser Schablone k\u00f6nnen Sie jedem Kunstwerk einen Hauch von Magie verleihen, einen visuellen Glanz, ein Versprechen von Erhabenheit oder Phantasie.<\/p>\n<h3>Ein klarer, geometrischer und vielseitiger Stil<\/h3>\n<p><strong>Schablone Stern<\/strong> - Dank ihres klaren und ausgewogenen Designs l\u00e4sst sich diese Schablone problemlos in alle Stilrichtungen integrieren: von schickem Minimalismus \u00fcber Pop, Street Art bis hin zu festlichen DIYs. Mit ihr lassen sich pr\u00e4zise und gleichm\u00e4\u00dfige Kompositionen auf Leinwand, Karton, Wand, Textilien, Holz oder jedem anderen Untergrund herstellen. <strong>Wiederverwendbar<\/strong>, <strong>umkehrbar<\/strong> und verf\u00fcgbar in <strong>verschiedene Gr\u00f6\u00dfen<\/strong>Die Schablone \"Stern\" ist ein idealer Begleiter f\u00fcr Maler, Grafiker und kreative Heimwerker. Sie eignet sich sowohl f\u00fcr eine saisonale Dekoration als auch f\u00fcr ein abstrakteres und zeitgen\u00f6ssisches Werk.<\/p>\n<p>\u00a0<\/p>","protected":false},"excerpt":{"rendered":"<p><strong>Schablone Stern<\/strong> pr\u00e4zise und modern, perfekt f\u00fcr leuchtende Fresken. Mehrere Gr\u00f6\u00dfen, beidseitig verwendbar, zum Malen oder f\u00fcr k\u00fcnstlerische Kreationen.<\/p>","protected":false},"featured_media":10498,"comment_status":"open","ping_status":"closed","template":"","meta":{"bwfblock_default_font":"","_kad_blocks_custom_css":"","_kad_blocks_head_custom_js":"","_kad_blocks_body_custom_js":"","_kad_blocks_footer_custom_js":"","_kadence_starter_templates_imported_post":false,"_kad_post_transparent":"default","_kad_post_title":"","_kad_post_layout":"default","_kad_post_sidebar_id":"","_kad_post_content_style":"default","_kad_post_vertical_padding":"default","_kad_post_feature":"","_kad_post_feature_position":"","_kad_post_header":false,"_kad_post_footer":false,"_kad_post_classname":""},"product_brand":[1415],"product_cat":[315],"product_tag":[233,474,476,475,324],"class_list":{"0":"post-10751","1":"product","2":"type-product","3":"status-publish","4":"has-post-thumbnail","6":"product_brand-mes-pochoirs","7":"product_cat-pochoirs-symboles","8":"product_tag-etoile","9":"product_tag-forme","10":"product_tag-pochoir","11":"product_tag-star","12":"product_tag-symbole","14":"first","15":"instock","16":"taxable","17":"shipping-taxable","18":"purchasable","19":"product-type-variable","20":"has-default-attributes","21":"entry","22":"content-bg","23":"loop-entry"},"taxonomy_info":{"product_brand":[{"value":1415,"label":"Mes Pochoirs"}],"product_cat":[{"value":315,"label":"Symboles"}],"product_tag":[{"value":233,"label":"\u00e9toile"},{"value":474,"label":"forme"},{"value":476,"label":"pochoir"},{"value":475,"label":"star"},{"value":324,"label":"symbole"}]},"featured_image_src_large":["https:\/\/mes-pochoirs.com\/wp-content\/uploads\/2023\/10\/S0018-FR-pochoir-etoile-copyright-mes-pochoirs-com-858x1030.jpg",858,1030,true],"author_info":[],"comment_info":0,"_links":{"self":[{"href":"https:\/\/mes-pochoirs.com\/de\/wp-json\/wp\/v2\/product\/10751","targetHints":{"allow":["GET"]}}],"collection":[{"href":"https:\/\/mes-pochoirs.com\/de\/wp-json\/wp\/v2\/product"}],"about":[{"href":"https:\/\/mes-pochoirs.com\/de\/wp-json\/wp\/v2\/types\/product"}],"replies":[{"embeddable":true,"href":"https:\/\/mes-pochoirs.com\/de\/wp-json\/wp\/v2\/comments?post=10751"}],"wp:featuredmedia":[{"embeddable":true,"href":"https:\/\/mes-pochoirs.com\/de\/wp-json\/wp\/v2\/media\/10498"}],"wp:attachment":[{"href":"https:\/\/mes-pochoirs.com\/de\/wp-json\/wp\/v2\/media?parent=10751"}],"wp:term":[{"taxonomy":"product_brand","embeddable":true,"href":"https:\/\/mes-pochoirs.com\/de\/wp-json\/wp\/v2\/product_brand?post=10751"},{"taxonomy":"product_cat","embeddable":true,"href":"https:\/\/mes-pochoirs.com\/de\/wp-json\/wp\/v2\/product_cat?post=10751"},{"taxonomy":"product_tag","embeddable":true,"href":"https:\/\/mes-pochoirs.com\/de\/wp-json\/wp\/v2\/product_tag?post=10751"}],"curies":[{"name":"wp","href":"https:\/\/api.w.org\/{rel}","templated":true}]}}