{"id":10968,"date":"2023-11-10T13:45:52","date_gmt":"2023-11-10T12:45:52","guid":{"rendered":"https:\/\/mes-pochoirs.com\/?post_type=product&#038;p=10968"},"modified":"2025-10-31T11:59:04","modified_gmt":"2025-10-31T10:59:04","slug":"schablone-sterne-s0019","status":"publish","type":"product","link":"https:\/\/mes-pochoirs.com\/de\/produit\/pochoir-etoiles-s0019","title":{"rendered":"Schablone Sterne - S0019"},"content":{"rendered":"<h2>Schablone Sterne<\/h2>\n<h3>Ein Sternenregen, um Ihre Kreationen zum Leuchten zu bringen<\/h3>\n<p><strong>Schablone Sterne<\/strong> - Diese Schablone umfasst f\u00fcnf Sterne unterschiedlicher Gr\u00f6\u00dfe, die sorgf\u00e4ltig verteilt sind, um eine poetische Konstellation oder einen grafischen H\u00f6henflug heraufzubeschw\u00f6ren. Zusammen oder einzeln verwendet, verleihen diese Sterne all Ihren Werken einen Hauch von Leichtigkeit, Traum und Brillanz. Sie symbolisieren Erhabenheit, Erfolg oder einfach nur Verwunderung. Diese Schablone ist eine Einladung, mit Licht und Kontrast zu spielen und Ihre Projekte auf Leinwand, Wand, Papier oder Textilien zum Glitzern zu bringen. Eine himmlische Note, die in jede Kreation integriert werden kann.<\/p>\n<h3>Ein flexibles Kunstwerkzeug mit einem klaren, grafischen Stil<\/h3>\n<p><strong>Schablone Sterne<\/strong> - Mit ihrem klaren, ausgewogenen und modularen Design eignet sich diese Schablone perfekt f\u00fcr verschiedene Ans\u00e4tze: vom minimalistischen Stil bis zum festlichen Dekor, von Pop-Art \u00fcber Kinderwelten bis hin zu zeitgen\u00f6ssischer Street-Art. Dank der f\u00fcnf verschiedenen Gr\u00f6\u00dfen k\u00f6nnen Sie mit dieser Schablone sehr anschauliche Tiefen-, Bewegungs- oder Wiederholungseffekte erzielen. <strong>Wiederverwendbar<\/strong>, <strong>umkehrbar<\/strong> und verf\u00fcgbar in <strong>hohe Qualit\u00e4t<\/strong>Diese Schablone ist eine ausgezeichnete Wahl f\u00fcr Maler, Dekorateure, DIY-Fans und Illustrationsliebhaber. Ein unverzichtbares grafisches Werkzeug, um Ihre Ideen zum Leuchten zu bringen.<\/p>\n<p>\u00a0 \u00a0<\/p>","protected":false},"excerpt":{"rendered":"<p><strong>Schablone Sterne<\/strong> perfekt f\u00fcr Wandgem\u00e4lde, Leinwand oder Kunstprojekte. Hohe Qualit\u00e4t, wiederverwendbar und in verschiedenen Gr\u00f6\u00dfen erh\u00e4ltlich.<\/p>","protected":false},"featured_media":10963,"comment_status":"open","ping_status":"closed","template":"","meta":{"bwfblock_default_font":"","_kad_blocks_custom_css":"","_kad_blocks_head_custom_js":"","_kad_blocks_body_custom_js":"","_kad_blocks_footer_custom_js":"","_kadence_starter_templates_imported_post":false,"_kad_post_transparent":"default","_kad_post_title":"","_kad_post_layout":"default","_kad_post_sidebar_id":"","_kad_post_content_style":"default","_kad_post_vertical_padding":"default","_kad_post_feature":"","_kad_post_feature_position":"","_kad_post_header":false,"_kad_post_footer":false,"_kad_post_classname":""},"product_brand":[1415],"product_cat":[315],"product_tag":[233,477,474,476,475,478,324],"class_list":{"0":"post-10968","1":"product","2":"type-product","3":"status-publish","4":"has-post-thumbnail","6":"product_brand-mes-pochoirs","7":"product_cat-pochoirs-symboles","8":"product_tag-etoile","9":"product_tag-etoiles","10":"product_tag-forme","11":"product_tag-pochoir","12":"product_tag-star","13":"product_tag-stars","14":"product_tag-symbole","16":"first","17":"instock","18":"taxable","19":"shipping-taxable","20":"purchasable","21":"product-type-variable","22":"has-default-attributes","23":"entry","24":"content-bg","25":"loop-entry"},"taxonomy_info":{"product_brand":[{"value":1415,"label":"Mes Pochoirs"}],"product_cat":[{"value":315,"label":"Symboles"}],"product_tag":[{"value":233,"label":"\u00e9toile"},{"value":477,"label":"\u00e9toiles"},{"value":474,"label":"forme"},{"value":476,"label":"pochoir"},{"value":475,"label":"star"},{"value":478,"label":"stars"},{"value":324,"label":"symbole"}]},"featured_image_src_large":["https:\/\/mes-pochoirs.com\/wp-content\/uploads\/2023\/11\/S0019-FR-pochoir-etoile-copyright-mes-pochoirs-com-858x1030.jpg",858,1030,true],"author_info":[],"comment_info":0,"_links":{"self":[{"href":"https:\/\/mes-pochoirs.com\/de\/wp-json\/wp\/v2\/product\/10968","targetHints":{"allow":["GET"]}}],"collection":[{"href":"https:\/\/mes-pochoirs.com\/de\/wp-json\/wp\/v2\/product"}],"about":[{"href":"https:\/\/mes-pochoirs.com\/de\/wp-json\/wp\/v2\/types\/product"}],"replies":[{"embeddable":true,"href":"https:\/\/mes-pochoirs.com\/de\/wp-json\/wp\/v2\/comments?post=10968"}],"wp:featuredmedia":[{"embeddable":true,"href":"https:\/\/mes-pochoirs.com\/de\/wp-json\/wp\/v2\/media\/10963"}],"wp:attachment":[{"href":"https:\/\/mes-pochoirs.com\/de\/wp-json\/wp\/v2\/media?parent=10968"}],"wp:term":[{"taxonomy":"product_brand","embeddable":true,"href":"https:\/\/mes-pochoirs.com\/de\/wp-json\/wp\/v2\/product_brand?post=10968"},{"taxonomy":"product_cat","embeddable":true,"href":"https:\/\/mes-pochoirs.com\/de\/wp-json\/wp\/v2\/product_cat?post=10968"},{"taxonomy":"product_tag","embeddable":true,"href":"https:\/\/mes-pochoirs.com\/de\/wp-json\/wp\/v2\/product_tag?post=10968"}],"curies":[{"name":"wp","href":"https:\/\/api.w.org\/{rel}","templated":true}]}}