{"id":11178,"date":"2023-12-11T14:07:12","date_gmt":"2023-12-11T13:07:12","guid":{"rendered":"https:\/\/mes-pochoirs.com\/?post_type=product&#038;p=11178"},"modified":"2025-10-31T11:59:46","modified_gmt":"2025-10-31T10:59:46","slug":"schablone-close-up-augenkonturen-cu0002","status":"publish","type":"product","link":"https:\/\/mes-pochoirs.com\/de\/produit\/pochoir-close-up-contours-du-regard-cu0002","title":{"rendered":"Close-Up Schablone \"Contours du Regard\" - CU0002"},"content":{"rendered":"<h2>Close-Up Schablone \"Contours du Regard\" (Augenkonturen)<\/h2>\n<h3>Eintauchen in die Welt der Schablonen Nahaufnahme<\/h3>\n<p>Tauchen Sie mit unserer Schablone \"Contours du Regard\", einem exklusiven Juwel unserer Kollektion, in die k\u00fcnstlerische Welt der Close-Ups ein. <strong> \" Expressions en Close-Up \"<\/strong>, introuvable ailleurs. Cr\u00e9\u00e9e et imagin\u00e9e par notre \u00e9quipe de designers, cette <strong>au\u00dfergew\u00f6hnliche und exklusive Serie<\/strong> se concentre sur des plans rapproch\u00e9s de visages f\u00e9minins. Puisant son inspiration dans le style Pop Art, l&#8217;art du portrait en gros plan se caract\u00e9rise par son audace et sa modernit\u00e9, saisissant avec une intensit\u00e9 rare l\u2019\u00e2me et les \u00e9motions de ses mod\u00e8les. Notre pochoir Close-Up \u00ab Contours du Regard \u00bb est un hommage \u00e0 la splendeur et la richesse des portraits zoom\u00e9s. Il d\u00e9peint un fragment du visage f\u00e9minin, saisissant l\u2019<strong>Essenz des weiblichen Blicks<\/strong>und verk\u00f6rpert einen einzigartigen, leuchtenden Pop-Art-Stil. Diese markant gestaltete Schablone im quadratischen Format regt nicht nur zum kreativen Gestalten an, sondern auch zur pers\u00f6nlichen Interpretation der Gef\u00fchle und Geschichten, die sich hinter jedem Ausdruck verbergen. Lassen Sie sich von ihrer Originalit\u00e4t mitrei\u00dfen und verleihen Sie Ihren Kunstprojekten einen Hauch von Innovation.<\/p>\n<h3>Flexibilit\u00e4t und Qualit\u00e4t der Schablone<\/h3>\n<p>Unsere \"Expressions en Close-Up\"-Schablonen werden in verschiedenen Gr\u00f6\u00dfen angeboten, die sich eignen f\u00fcr <strong>jede Art von Kunstprojekt<\/strong>, grand ou petit. Facilement entretenus, nos pochoirs sont fabriqu\u00e9s \u00e0 partir d&#8217;un plastique durable de haute qualit\u00e9, et sont r\u00e9utilisables et r\u00e9versibles. Ils conviennent parfaitement \u00e0 diff\u00e9rents supports comme la toile, les murs, le papier, le bois, etc. Leur <strong>Verwendung<\/strong> ist <strong>einfach und unterhaltsam<\/strong>, offrant une libert\u00e9 compl\u00e8te dans le choix de la technique d\u2019application, que ce soit au spatule, au pinceau, \u00e0 la bombe a\u00e9rosol ou toute autre m\u00e9thode. Confectionn\u00e9s dans notre atelier avec une ma\u00eetrise artisanale, nos pochoirs r\u00e9sultent d&#8217;un soin m\u00e9ticuleux apport\u00e9 aux d\u00e9tails. Ils ne sont pas juste un outil, mais un <strong>Begleiter in Ihrem kreativen Abenteuer<\/strong>Mit unseren Schablonen k\u00f6nnen Sie neue Techniken erforschen und Ihre k\u00fcnstlerische Vision selbstbewusst zum Ausdruck bringen. Ob Sie ein erfahrener K\u00fcnstler oder ein Neuling sind, unsere Schablonen bieten Ihnen die Chance, verbl\u00fcffende Werke zu schaffen, die es Ihnen leicht machen, die <strong>spektakul\u00e4re Kunstrealisierung<\/strong> !<\/p>\n<h3>Details:<\/h3>\n<ul>\n<li>Dimensions: De 40x40cm \u00e0 100x100cm (s\u00e9lectionnez la taille qui convient \u00e0 votre projet parmi les options propos\u00e9es)<\/li>\n<li>Material: Hochwertiger Kunststoff, weich und extrem widerstandsf\u00e4hig, bei guter Pflege lebenslang wiederverwendbar.<\/li>\n<li>Schablonenformat: Quadrat (1:1)<\/li>\n<li>R\u00e9f\u00e9rence: CU0002<\/li>\n<\/ul>","protected":false},"excerpt":{"rendered":"<p><strong>Close-Up Schablone Augenkonturen<\/strong> - Hohe Qualit\u00e4t f\u00fcr DIY-Arbeiten. Wiederverwendbar und in mehreren Gr\u00f6\u00dfen erh\u00e4ltlich, sorgt es f\u00fcr ein sauberes und professionelles Ergebnis.<\/p>","protected":false},"featured_media":11122,"comment_status":"open","ping_status":"closed","template":"","meta":{"bwfblock_default_font":"","_kad_blocks_custom_css":"","_kad_blocks_head_custom_js":"","_kad_blocks_body_custom_js":"","_kad_blocks_footer_custom_js":"","_kadence_starter_templates_imported_post":false,"_kad_post_transparent":"default","_kad_post_title":"","_kad_post_layout":"default","_kad_post_sidebar_id":"","_kad_post_content_style":"default","_kad_post_vertical_padding":"default","_kad_post_feature":"","_kad_post_feature_position":"","_kad_post_header":false,"_kad_post_footer":false,"_kad_post_classname":""},"product_brand":[1415],"product_cat":[486,485,481,332,36],"product_tag":[489,492,493,491,359,490,487,476,333,488,338],"class_list":{"0":"post-11178","1":"product","2":"type-product","3":"status-publish","4":"has-post-thumbnail","6":"product_brand-mes-pochoirs","7":"product_cat-expressions-en-close-up","8":"product_cat-close-up","9":"product_cat-collections","10":"product_cat-pochoirs-pop-art","11":"product_cat-pochoirs-portraits-visages","12":"product_tag-close-up","13":"product_tag-collection","14":"product_tag-contours-du-regard","15":"product_tag-expression","16":"product_tag-femme","17":"product_tag-gros-plan","18":"product_tag-oeil","19":"product_tag-pochoir","20":"product_tag-pop-art","21":"product_tag-regard","22":"product_tag-visage","24":"first","25":"instock","26":"taxable","27":"shipping-taxable","28":"purchasable","29":"product-type-variable","30":"entry","31":"content-bg","32":"loop-entry"},"taxonomy_info":{"product_brand":[{"value":1415,"label":"Mes Pochoirs"}],"product_cat":[{"value":486,"label":"Expressions en Close-Up"},{"value":485,"label":"Close-Up"},{"value":481,"label":"Collections"},{"value":332,"label":"Pop Art"},{"value":36,"label":"Portraits &amp; Visages"}],"product_tag":[{"value":489,"label":"Close-Up"},{"value":492,"label":"collection"},{"value":493,"label":"contours du regard"},{"value":491,"label":"expression"},{"value":359,"label":"femme"},{"value":490,"label":"Gros plan"},{"value":487,"label":"oeil"},{"value":476,"label":"pochoir"},{"value":333,"label":"pop art"},{"value":488,"label":"regard"},{"value":338,"label":"visage"}]},"featured_image_src_large":["https:\/\/mes-pochoirs.com\/wp-content\/uploads\/2023\/12\/CU0002-FR-pochoir-Close-Up-Contours-du-Regard-1-1-copyright-mes-pochoirs-com-858x1030.jpg",858,1030,true],"author_info":[],"comment_info":3,"_links":{"self":[{"href":"https:\/\/mes-pochoirs.com\/de\/wp-json\/wp\/v2\/product\/11178","targetHints":{"allow":["GET"]}}],"collection":[{"href":"https:\/\/mes-pochoirs.com\/de\/wp-json\/wp\/v2\/product"}],"about":[{"href":"https:\/\/mes-pochoirs.com\/de\/wp-json\/wp\/v2\/types\/product"}],"replies":[{"embeddable":true,"href":"https:\/\/mes-pochoirs.com\/de\/wp-json\/wp\/v2\/comments?post=11178"}],"wp:featuredmedia":[{"embeddable":true,"href":"https:\/\/mes-pochoirs.com\/de\/wp-json\/wp\/v2\/media\/11122"}],"wp:attachment":[{"href":"https:\/\/mes-pochoirs.com\/de\/wp-json\/wp\/v2\/media?parent=11178"}],"wp:term":[{"taxonomy":"product_brand","embeddable":true,"href":"https:\/\/mes-pochoirs.com\/de\/wp-json\/wp\/v2\/product_brand?post=11178"},{"taxonomy":"product_cat","embeddable":true,"href":"https:\/\/mes-pochoirs.com\/de\/wp-json\/wp\/v2\/product_cat?post=11178"},{"taxonomy":"product_tag","embeddable":true,"href":"https:\/\/mes-pochoirs.com\/de\/wp-json\/wp\/v2\/product_tag?post=11178"}],"curies":[{"name":"wp","href":"https:\/\/api.w.org\/{rel}","templated":true}]}}