{"id":11184,"date":"2023-12-11T14:46:06","date_gmt":"2023-12-11T13:46:06","guid":{"rendered":"https:\/\/mes-pochoirs.com\/?post_type=product&#038;p=11184"},"modified":"2025-10-31T11:59:48","modified_gmt":"2025-10-31T10:59:48","slug":"schablone-close-up-gesicht-cu0003","status":"publish","type":"product","link":"https:\/\/mes-pochoirs.com\/de\/produit\/pochoir-close-up-visage-cu0003","title":{"rendered":"Close-Up Schablone \"Gesicht\" - CU0003"},"content":{"rendered":"<h2>Close-Up Schablone \"Gesicht\".<\/h2>\n<h3>Tauchen Sie ein in die Welt der Nahaufnahme-Schablonen<\/h3>\n<p>Erkunden Sie unsere Close-Up-Schablone \"Gesicht\", ein ikonisches Werk unserer <strong>exklusive Kollektion \"Expressions en Close-Up<\/strong>, introuvable ailleurs. Cr\u00e9\u00e9e par nos designers, cette s\u00e9rie originale se concentre sur les visages f\u00e9minins en gros plan. L&#8217;art du portrait rapproch\u00e9, c\u00e9l\u00e8bre dans le Pop Art, adopte une d\u00e9marche novatrice et audacieuse en art, saisissant avec puissance l&#8217;\u00e2me et les \u00e9motions de ses sujets. Notre pochoir Close-Up \u00ab Visage \u00bb c\u00e9l\u00e8bre la beaut\u00e9 et la complexit\u00e9 des portraits rapproch\u00e9s. Il d\u00e9peint un fragment de visage f\u00e9minin en un gros plan de format carr\u00e9, exprimant l&#8217;essence de la f\u00e9minit\u00e9 dans un<strong> lebendiger und unverwechselbarer Pop-Art-Stil<\/strong>. Diese Schablone ist nicht nur ein kreatives Werkzeug, sondern auch eine Einladung zur pers\u00f6nlichen Interpretation der Emotionen und Geschichten, die sich hinter jedem Strich verbergen. Lassen Sie sich von ihrem einzigartigen Charakter inspirieren und bereichern Sie Ihre Kunstprojekte mit Kreativit\u00e4t. \u00a0<\/p>\n<h3>Vielseitigkeit und Exzellenz der Schablone<\/h3>\n<p>Nos pochoirs \u00ab Expressions en Close-Up \u00bb se d\u00e9clinent en plusieurs dimensions pour tous vos besoins artistiques, grands ou petits. Nos pochoirs en plastique durable de qualit\u00e9 sup\u00e9rieure sont faciles \u00e0 nettoyer, r\u00e9utilisables et r\u00e9versibles. Ils conviennent parfaitement \u00e0 diverses surfaces, telles que toiles, murs, papier, bois, etc. <strong>Ihre Verwendung ist einfach und macht Spa\u00df<\/strong>, offrant une libert\u00e9 compl\u00e8te dans le choix de la technique d&#8217;application, que ce soit \u00e0 l&#8217;aide d&#8217;un couteau, d&#8217;un pinceau, d&#8217;une bombe de peinture et dans le choix de la peinture (acrylique, aquarelle&#8230;). Confectionn\u00e9s dans notre atelier avec une expertise artisanale, nos pochoirs sont le r\u00e9sultat d&#8217;un soin m\u00e9ticuleux apport\u00e9 aux d\u00e9tails. Ils ne sont pas seulement des outils, mais des <strong>Begleiter in Ihrem kreativen Abenteuer<\/strong>Mit unseren Schablonen k\u00f6nnen Sie neue Techniken ausprobieren und Ihre k\u00fcnstlerische Vision verwirklichen. Egal, ob Sie ein erfahrener K\u00fcnstler oder ein Anf\u00e4nger sind, unsere Schablonen helfen Ihnen bei Folgendem <strong>atemberaubende Kunstwerke schaffen<\/strong> und das Erstellen von spektakul\u00e4rer visueller Kunst erleichtern!<\/p>\n<h3>Details:<\/h3>\n<ul>\n<li>Dimensions: De 40x40cm \u00e0 100x100cm (s\u00e9lectionnez la taille qui convient \u00e0 votre projet parmi les options propos\u00e9es)<\/li>\n<li>Material: Hochwertiger Kunststoff, weich und extrem widerstandsf\u00e4hig, bei guter Pflege lebenslang wiederverwendbar.<\/li>\n<li>Schablonenformat: Quadrat (1:1)<\/li>\n<li>R\u00e9f\u00e9rence: CU0003<\/li>\n<\/ul>","protected":false},"excerpt":{"rendered":"<p><strong>Close-Up Schablone Gesicht<\/strong> perfekt f\u00fcr Gem\u00e4lde, Fresken und M\u00f6bel. Beidseitig verwendbar, mehrere Formate und wiederverwendbar f\u00fcr ein professionelles k\u00fcnstlerisches Ergebnis.<\/p>","protected":false},"featured_media":11121,"comment_status":"open","ping_status":"closed","template":"","meta":{"bwfblock_default_font":"","_kad_blocks_custom_css":"","_kad_blocks_head_custom_js":"","_kad_blocks_body_custom_js":"","_kad_blocks_footer_custom_js":"","_kadence_starter_templates_imported_post":false,"_kad_post_transparent":"default","_kad_post_title":"","_kad_post_layout":"default","_kad_post_sidebar_id":"","_kad_post_content_style":"default","_kad_post_vertical_padding":"default","_kad_post_feature":"","_kad_post_feature_position":"","_kad_post_header":false,"_kad_post_footer":false,"_kad_post_classname":""},"product_brand":[1415],"product_cat":[486,485,481,332,36],"product_tag":[489,492,491,359,490,476,333,338],"class_list":{"0":"post-11184","1":"product","2":"type-product","3":"status-publish","4":"has-post-thumbnail","6":"product_brand-mes-pochoirs","7":"product_cat-expressions-en-close-up","8":"product_cat-close-up","9":"product_cat-collections","10":"product_cat-pochoirs-pop-art","11":"product_cat-pochoirs-portraits-visages","12":"product_tag-close-up","13":"product_tag-collection","14":"product_tag-expression","15":"product_tag-femme","16":"product_tag-gros-plan","17":"product_tag-pochoir","18":"product_tag-pop-art","19":"product_tag-visage","21":"first","22":"instock","23":"taxable","24":"shipping-taxable","25":"purchasable","26":"product-type-variable","27":"entry","28":"content-bg","29":"loop-entry"},"taxonomy_info":{"product_brand":[{"value":1415,"label":"Mes Pochoirs"}],"product_cat":[{"value":486,"label":"Expressions en Close-Up"},{"value":485,"label":"Close-Up"},{"value":481,"label":"Collections"},{"value":332,"label":"Pop Art"},{"value":36,"label":"Portraits &amp; Visages"}],"product_tag":[{"value":489,"label":"Close-Up"},{"value":492,"label":"collection"},{"value":491,"label":"expression"},{"value":359,"label":"femme"},{"value":490,"label":"Gros plan"},{"value":476,"label":"pochoir"},{"value":333,"label":"pop art"},{"value":338,"label":"visage"}]},"featured_image_src_large":["https:\/\/mes-pochoirs.com\/wp-content\/uploads\/2023\/12\/CU0003-FR-pochoir-Close-Up-Visage-1-1-copyright-mes-pochoirs-com-858x1030.jpg",858,1030,true],"author_info":[],"comment_info":5,"_links":{"self":[{"href":"https:\/\/mes-pochoirs.com\/de\/wp-json\/wp\/v2\/product\/11184","targetHints":{"allow":["GET"]}}],"collection":[{"href":"https:\/\/mes-pochoirs.com\/de\/wp-json\/wp\/v2\/product"}],"about":[{"href":"https:\/\/mes-pochoirs.com\/de\/wp-json\/wp\/v2\/types\/product"}],"replies":[{"embeddable":true,"href":"https:\/\/mes-pochoirs.com\/de\/wp-json\/wp\/v2\/comments?post=11184"}],"wp:featuredmedia":[{"embeddable":true,"href":"https:\/\/mes-pochoirs.com\/de\/wp-json\/wp\/v2\/media\/11121"}],"wp:attachment":[{"href":"https:\/\/mes-pochoirs.com\/de\/wp-json\/wp\/v2\/media?parent=11184"}],"wp:term":[{"taxonomy":"product_brand","embeddable":true,"href":"https:\/\/mes-pochoirs.com\/de\/wp-json\/wp\/v2\/product_brand?post=11184"},{"taxonomy":"product_cat","embeddable":true,"href":"https:\/\/mes-pochoirs.com\/de\/wp-json\/wp\/v2\/product_cat?post=11184"},{"taxonomy":"product_tag","embeddable":true,"href":"https:\/\/mes-pochoirs.com\/de\/wp-json\/wp\/v2\/product_tag?post=11184"}],"curies":[{"name":"wp","href":"https:\/\/api.w.org\/{rel}","templated":true}]}}