{"id":11532,"date":"2024-01-12T09:08:53","date_gmt":"2024-01-12T08:08:53","guid":{"rendered":"https:\/\/mes-pochoirs.com\/?post_type=product&#038;p=11532"},"modified":"2025-10-31T12:00:10","modified_gmt":"2025-10-31T11:00:10","slug":"schablone-giraffenkopf-a0009","status":"publish","type":"product","link":"https:\/\/mes-pochoirs.com\/de\/produit\/pochoir-tete-de-girafe-a0009","title":{"rendered":"Schablone Giraffenkopf - A0009"},"content":{"rendered":"<h2>Schablone Giraffenkopf<\/h2>\n<h3>Wilde Sch\u00f6nheit\u00a0<\/h3>\n<p>Entdecken Sie den exotischen Charme der Natur mit unserer exklusiven Schablone, die den Kopf einer Giraffe zeigt. Diese einzigartige Schablone wurde mit Leidenschaft und Pr\u00e4zision entworfen und verleiht Ihrem Raum, Ihrer Leinwand oder Ihren Objekten einen Hauch der afrikanischen Savanne. Da sie nirgendwo sonst zu finden ist, verspricht sie eine Dekoration und Kunst, die sich von der Masse abhebt. Lassen Sie sich von der Eleganz und Erhabenheit der Giraffe, dem Symbol f\u00fcr Perspektive und Anmut, verzaubern und verwandeln Sie jeden Untergrund in eine Oase der Ruhe und Inspiration.<\/p>\n<h3>Qualit\u00e4tshandwerk: Made in Atelier<\/h3>\n<p>Jede Schablone ist ein in unserer Werkstatt hergestelltes St\u00fcck, das von handwerklichem K\u00f6nnen zeugt. Wir achten besonders auf Qualit\u00e4t und Haltbarkeit und verwenden hochwertigen, widerstandsf\u00e4higen Kunststoff, der leicht zu pflegen ist. Unsere Schablone ist wiederverwendbar und beidseitig verwendbar. Sie ist so konzipiert, dass sie lange h\u00e4lt und Sie bei all Ihren kreativen Projekten, ob gro\u00df oder klein, begleitet.<\/p>\n<h3>Kreativit\u00e4t ohne Grenzen : Anpassungsf\u00e4higkeit und Benutzerfreundlichkeit<\/h3>\n<p>Diese Schablone, die in verschiedenen Gr\u00f6\u00dfen erh\u00e4ltlich ist, ist Ihr Verb\u00fcndeter f\u00fcr eine Vielzahl von Dekorationsprojekten. Sie ist ideal zum Gestalten von W\u00e4nden, Leinw\u00e4nden, Papier, Holz, Karton und vielem mehr und bietet eine einfache und unterhaltsame Anwendung. Ob Sie nun lieber mit Pinsel, Messer oder Spr\u00fchdose malen, unsere Schablone eignet sich f\u00fcr alle Techniken und macht Kunst f\u00fcr jeden zug\u00e4nglich.<\/p>","protected":false},"excerpt":{"rendered":"<p><strong data-start=\"891\" data-end=\"917\">Schablone Giraffenkopf<\/strong> pour peinture murale et toile. Haute qualit\u00e9, r\u00e9utilisable, r\u00e9versible, d\u00e9clin\u00e9 en plusieurs tailles.<\/p>","protected":false},"featured_media":11543,"comment_status":"open","ping_status":"closed","template":"","meta":{"bwfblock_default_font":"","_kad_blocks_custom_css":"","_kad_blocks_head_custom_js":"","_kad_blocks_body_custom_js":"","_kad_blocks_footer_custom_js":"","_kadence_starter_templates_imported_post":false,"_kad_post_transparent":"default","_kad_post_title":"","_kad_post_layout":"default","_kad_post_sidebar_id":"","_kad_post_content_style":"default","_kad_post_vertical_padding":"default","_kad_post_feature":"","_kad_post_feature_position":"","_kad_post_header":false,"_kad_post_footer":false,"_kad_post_classname":""},"product_brand":[1415],"product_cat":[364],"product_tag":[367,366,499,370,457,500],"class_list":{"0":"post-11532","1":"product","2":"type-product","3":"status-publish","4":"has-post-thumbnail","6":"product_brand-mes-pochoirs","7":"product_cat-pochoirs-animaux","8":"product_tag-animal","9":"product_tag-animaux","10":"product_tag-girafe","11":"product_tag-nature","12":"product_tag-savane","13":"product_tag-tete","15":"first","16":"instock","17":"taxable","18":"shipping-taxable","19":"purchasable","20":"product-type-variable","21":"has-default-attributes","22":"entry","23":"content-bg","24":"loop-entry"},"taxonomy_info":{"product_brand":[{"value":1415,"label":"Mes Pochoirs"}],"product_cat":[{"value":364,"label":"Animaux"}],"product_tag":[{"value":367,"label":"animal"},{"value":366,"label":"animaux"},{"value":499,"label":"girafe"},{"value":370,"label":"nature"},{"value":457,"label":"savane"},{"value":500,"label":"t\u00eate"}]},"featured_image_src_large":["https:\/\/mes-pochoirs.com\/wp-content\/uploads\/2024\/01\/A0009-FR-pochoir-animaux-tete-Girafe-copyright-mes-pochoirs-com-858x1030.jpg",858,1030,true],"author_info":[],"comment_info":0,"_links":{"self":[{"href":"https:\/\/mes-pochoirs.com\/de\/wp-json\/wp\/v2\/product\/11532","targetHints":{"allow":["GET"]}}],"collection":[{"href":"https:\/\/mes-pochoirs.com\/de\/wp-json\/wp\/v2\/product"}],"about":[{"href":"https:\/\/mes-pochoirs.com\/de\/wp-json\/wp\/v2\/types\/product"}],"replies":[{"embeddable":true,"href":"https:\/\/mes-pochoirs.com\/de\/wp-json\/wp\/v2\/comments?post=11532"}],"wp:featuredmedia":[{"embeddable":true,"href":"https:\/\/mes-pochoirs.com\/de\/wp-json\/wp\/v2\/media\/11543"}],"wp:attachment":[{"href":"https:\/\/mes-pochoirs.com\/de\/wp-json\/wp\/v2\/media?parent=11532"}],"wp:term":[{"taxonomy":"product_brand","embeddable":true,"href":"https:\/\/mes-pochoirs.com\/de\/wp-json\/wp\/v2\/product_brand?post=11532"},{"taxonomy":"product_cat","embeddable":true,"href":"https:\/\/mes-pochoirs.com\/de\/wp-json\/wp\/v2\/product_cat?post=11532"},{"taxonomy":"product_tag","embeddable":true,"href":"https:\/\/mes-pochoirs.com\/de\/wp-json\/wp\/v2\/product_tag?post=11532"}],"curies":[{"name":"wp","href":"https:\/\/api.w.org\/{rel}","templated":true}]}}