{"id":11554,"date":"2024-01-12T11:17:02","date_gmt":"2024-01-12T10:17:02","guid":{"rendered":"https:\/\/mes-pochoirs.com\/?post_type=product&#038;p=11554"},"modified":"2025-10-31T12:00:15","modified_gmt":"2025-10-31T11:00:15","slug":"schablone-giraffenkopf-a0011","status":"publish","type":"product","link":"https:\/\/mes-pochoirs.com\/de\/produit\/pochoir-tete-de-girafe-a0011","title":{"rendered":"Schablone Giraffenkopf - A0011"},"content":{"rendered":"<h2>Schablone Giraffenkopf<\/h2>\n<h3>K\u00fcnstlerischer Ausbruch mit der Schablone Giraffe<\/h3>\n<p>F\u00fcr K\u00fcnstler, die auf der Suche nach nat\u00fcrlicher Inspiration sind, ist unsere Schablone mit dem majest\u00e4tischen Kopf einer Giraffe eine echte Einladung zu einer k\u00fcnstlerischen Reise. Diese Schablone mit ihrem exklusiven, von uns entworfenen Design regt die Fantasie an und \u00f6ffnet die T\u00fcren zu einer wilden, eleganten Welt. Projizieren Sie sich in die afrikanischen Steppen und lassen Sie die Anmut der Giraffe auf Ihrer Leinwand zum Ausdruck kommen, was Ihren Kreationen einen Hauch von Originalit\u00e4t und Sch\u00f6nheit verleiht.<\/p>\n<h3>Handwerkliche Exzellenz f\u00fcr Malbegeisterte<\/h3>\n<p>Unsere Schablonen sind das Ergebnis einer sorgf\u00e4ltigen handwerklichen Herstellung, die in unserem Atelier ausgearbeitet werden, um eine einwandfreie Qualit\u00e4t zu gew\u00e4hrleisten. Sie werden aus hochwertigem, widerstandsf\u00e4higem Kunststoff hergestellt und sind ideal f\u00fcr den h\u00e4ufigen Gebrauch, da sie eine pr\u00e4zise und zarte Anwendung erm\u00f6glichen. Unsere Schablonen sind wiederverwendbar und leicht zu reinigen. Sie sind so konzipiert, dass sie lange halten und K\u00fcnstler bei der Verwirklichung ihrer k\u00fchnsten Visionen begleiten.<\/p>\n<h3>Benutzerfreundlichkeit und Anpassungsf\u00e4higkeit an alle Ihre Projekte<\/h3>\n<p>Mit einer Reihe von verf\u00fcgbaren Gr\u00f6\u00dfen passt sich unsere Giraffenschablone all Ihren Inspirationen an, vom kleinen, intimen Format bis hin zur gro\u00dfen, k\u00fchnen Leinwand. Ihre einfache Handhabung macht sie ideal f\u00fcr verschiedene Maltechniken und gibt K\u00fcnstlern die Freiheit, auf unterschiedlichen Untergr\u00fcnden mit Leichtigkeit und Pr\u00e4zision zu erforschen und sich auszudr\u00fccken.<\/p>","protected":false},"excerpt":{"rendered":"<p><strong data-start=\"1031\" data-end=\"1057\">Schablone Giraffenkopf<\/strong> con\u00e7u pour artistes peintres. R\u00e9utilisable, r\u00e9versible, haute qualit\u00e9 et propos\u00e9 en diff\u00e9rentes tailles.<\/p>","protected":false},"featured_media":11541,"comment_status":"open","ping_status":"closed","template":"","meta":{"bwfblock_default_font":"","_kad_blocks_custom_css":"","_kad_blocks_head_custom_js":"","_kad_blocks_body_custom_js":"","_kad_blocks_footer_custom_js":"","_kadence_starter_templates_imported_post":false,"_kad_post_transparent":"default","_kad_post_title":"","_kad_post_layout":"default","_kad_post_sidebar_id":"","_kad_post_content_style":"default","_kad_post_vertical_padding":"default","_kad_post_feature":"","_kad_post_feature_position":"","_kad_post_header":false,"_kad_post_footer":false,"_kad_post_classname":""},"product_brand":[1415],"product_cat":[364],"product_tag":[367,366,499,370,457,500],"class_list":{"0":"post-11554","1":"product","2":"type-product","3":"status-publish","4":"has-post-thumbnail","6":"product_brand-mes-pochoirs","7":"product_cat-pochoirs-animaux","8":"product_tag-animal","9":"product_tag-animaux","10":"product_tag-girafe","11":"product_tag-nature","12":"product_tag-savane","13":"product_tag-tete","15":"first","16":"instock","17":"taxable","18":"shipping-taxable","19":"purchasable","20":"product-type-variable","21":"entry","22":"content-bg","23":"loop-entry"},"taxonomy_info":{"product_brand":[{"value":1415,"label":"Mes Pochoirs"}],"product_cat":[{"value":364,"label":"Animaux"}],"product_tag":[{"value":367,"label":"animal"},{"value":366,"label":"animaux"},{"value":499,"label":"girafe"},{"value":370,"label":"nature"},{"value":457,"label":"savane"},{"value":500,"label":"t\u00eate"}]},"featured_image_src_large":["https:\/\/mes-pochoirs.com\/wp-content\/uploads\/2024\/01\/A0011-FR-pochoir-animaux-tete-Girafe-copyright-mes-pochoirs-com-858x1030.jpg",858,1030,true],"author_info":[],"comment_info":0,"_links":{"self":[{"href":"https:\/\/mes-pochoirs.com\/de\/wp-json\/wp\/v2\/product\/11554","targetHints":{"allow":["GET"]}}],"collection":[{"href":"https:\/\/mes-pochoirs.com\/de\/wp-json\/wp\/v2\/product"}],"about":[{"href":"https:\/\/mes-pochoirs.com\/de\/wp-json\/wp\/v2\/types\/product"}],"replies":[{"embeddable":true,"href":"https:\/\/mes-pochoirs.com\/de\/wp-json\/wp\/v2\/comments?post=11554"}],"wp:featuredmedia":[{"embeddable":true,"href":"https:\/\/mes-pochoirs.com\/de\/wp-json\/wp\/v2\/media\/11541"}],"wp:attachment":[{"href":"https:\/\/mes-pochoirs.com\/de\/wp-json\/wp\/v2\/media?parent=11554"}],"wp:term":[{"taxonomy":"product_brand","embeddable":true,"href":"https:\/\/mes-pochoirs.com\/de\/wp-json\/wp\/v2\/product_brand?post=11554"},{"taxonomy":"product_cat","embeddable":true,"href":"https:\/\/mes-pochoirs.com\/de\/wp-json\/wp\/v2\/product_cat?post=11554"},{"taxonomy":"product_tag","embeddable":true,"href":"https:\/\/mes-pochoirs.com\/de\/wp-json\/wp\/v2\/product_tag?post=11554"}],"curies":[{"name":"wp","href":"https:\/\/api.w.org\/{rel}","templated":true}]}}