{"id":11857,"date":"2024-01-17T15:42:07","date_gmt":"2024-01-17T14:42:07","guid":{"rendered":"https:\/\/mes-pochoirs.com\/?post_type=product&#038;p=11857"},"modified":"2025-10-31T12:01:04","modified_gmt":"2025-10-31T11:01:04","slug":"halftone-schablone-halbton-g0046","status":"publish","type":"product","link":"https:\/\/mes-pochoirs.com\/de\/produit\/pochoir-halftone-demi-teinte-g0046","title":{"rendered":"Schablone Halftone Halbton - G0046"},"content":{"rendered":"<h2>Halftone Halbtonschablone<\/h2>\n<h3>Entdecken Sie die Magie des Halftoneffekts<\/h3>\n<p>Unsere geometrische Schablone, die mit einem fesselnden Halftoneffekt verziert ist, ist das ideale Schmuckst\u00fcck f\u00fcr Kunst- und Designliebhaber. Dieser Effekt, der sich durch kleine Kreise unterschiedlicher Gr\u00f6\u00dfe auszeichnet, die in regelm\u00e4\u00dfigen Abst\u00e4nden angeordnet sind, erzeugt eine einzigartige visuelle Illusion. Der Halftoneffekt oder Halbton-Effekt ist eine k\u00fcnstlerische Drucktechnik, die verwendet wird, um aus kleinen Punkten oder Kreisen komplexe Bilder oder Muster zusammenzusetzen. Dieses Muster ist subtil und anspruchsvoll zugleich und verleiht Ihren Kreationen eine neue Dimension.<\/p>\n<h3>Der Halftoneffekt in der zeitgen\u00f6ssischen Kunst<\/h3>\n<p>Der Halftoneffekt ist eine bevorzugte Wahl von K\u00fcnstlern, vor allem im Pop-Art-Stil. Die mit dieser Technik erstellten Hintergr\u00fcnde bieten eine unvergleichliche Tiefe und Textur und verwandeln jedes Kunstwerk in ein einzigartiges visuelles Erlebnis. In Pop-Art-Gem\u00e4lden verwendet, f\u00fcgt der Halftoneffekt einen Hauch von Modernit\u00e4t und Dynamik hinzu und f\u00e4ngt das Wesen der zeitgen\u00f6ssischen Kultur ein.<\/p>\n<h3>Vielseitigkeit und Qualit\u00e4t f\u00fcr alle Ihre Projekte<\/h3>\n<p>Diese geometrische Halftone-Schablone, die in verschiedenen Gr\u00f6\u00dfen erh\u00e4ltlich ist, eignet sich f\u00fcr alle Ihre k\u00fcnstlerischen Projekte, ob gro\u00df oder klein. Sie wurde f\u00fcr eine einfache und intuitive Verwendung konzipiert und erm\u00f6glicht es jedem, vom Anf\u00e4nger bis zum erfahrenen K\u00fcnstler, sich frei und kreativ auszudr\u00fccken. Die Herstellung aus hochwertigem, widerstandsf\u00e4higem Kunststoff sorgt nicht nur f\u00fcr eine lange Haltbarkeit, sondern auch f\u00fcr eine einfache Wiederverwendung und Pflege, wodurch jede Kreation ebenso angenehm wie langlebig wird.<\/p>\n<h3><\/h3>","protected":false},"excerpt":{"rendered":"<p><strong data-start=\"1361\" data-end=\"1393\">Halftone Halbtonschablone<\/strong> pour street art et graffiti. Haute qualit\u00e9, r\u00e9utilisable, r\u00e9versible et propos\u00e9 en plusieurs tailles.<\/p>","protected":false},"featured_media":11847,"comment_status":"open","ping_status":"closed","template":"","meta":{"bwfblock_default_font":"","_kad_blocks_custom_css":"","_kad_blocks_head_custom_js":"","_kad_blocks_body_custom_js":"","_kad_blocks_footer_custom_js":"","_kadence_starter_templates_imported_post":false,"_kad_post_transparent":"default","_kad_post_title":"","_kad_post_layout":"default","_kad_post_sidebar_id":"","_kad_post_content_style":"default","_kad_post_vertical_padding":"default","_kad_post_feature":"","_kad_post_feature_position":"","_kad_post_header":false,"_kad_post_footer":false,"_kad_post_classname":""},"product_brand":[1415],"product_cat":[498,241],"product_tag":[335,519,232,234,336,362,476,520],"class_list":{"0":"post-11857","1":"product","2":"type-product","3":"status-publish","4":"has-post-thumbnail","6":"product_brand-mes-pochoirs","7":"product_cat-pochoirs-halftone","8":"product_cat-pochoirs-geometriques","9":"product_tag-demi-teinte","10":"product_tag-effet","11":"product_tag-geometrique","12":"product_tag-grille","13":"product_tag-halftone","14":"product_tag-motifs","15":"product_tag-pochoir","16":"product_tag-technique","18":"first","19":"instock","20":"taxable","21":"shipping-taxable","22":"purchasable","23":"product-type-variable","24":"has-default-attributes","25":"entry","26":"content-bg","27":"loop-entry"},"taxonomy_info":{"product_brand":[{"value":1415,"label":"Mes Pochoirs"}],"product_cat":[{"value":498,"label":"Halftone &amp; Benday"},{"value":241,"label":"G\u00e9om\u00e9triques"}],"product_tag":[{"value":335,"label":"demi-teinte"},{"value":519,"label":"effet"},{"value":232,"label":"g\u00e9om\u00e9trique"},{"value":234,"label":"grille"},{"value":336,"label":"halftone"},{"value":362,"label":"motifs"},{"value":476,"label":"pochoir"},{"value":520,"label":"technique"}]},"featured_image_src_large":["https:\/\/mes-pochoirs.com\/wp-content\/uploads\/2024\/01\/G0046-FR-pochoir-geometrique-Halftone-copyright-mes-pochoirs-com-858x1030.jpg",858,1030,true],"author_info":[],"comment_info":0,"_links":{"self":[{"href":"https:\/\/mes-pochoirs.com\/de\/wp-json\/wp\/v2\/product\/11857","targetHints":{"allow":["GET"]}}],"collection":[{"href":"https:\/\/mes-pochoirs.com\/de\/wp-json\/wp\/v2\/product"}],"about":[{"href":"https:\/\/mes-pochoirs.com\/de\/wp-json\/wp\/v2\/types\/product"}],"replies":[{"embeddable":true,"href":"https:\/\/mes-pochoirs.com\/de\/wp-json\/wp\/v2\/comments?post=11857"}],"wp:featuredmedia":[{"embeddable":true,"href":"https:\/\/mes-pochoirs.com\/de\/wp-json\/wp\/v2\/media\/11847"}],"wp:attachment":[{"href":"https:\/\/mes-pochoirs.com\/de\/wp-json\/wp\/v2\/media?parent=11857"}],"wp:term":[{"taxonomy":"product_brand","embeddable":true,"href":"https:\/\/mes-pochoirs.com\/de\/wp-json\/wp\/v2\/product_brand?post=11857"},{"taxonomy":"product_cat","embeddable":true,"href":"https:\/\/mes-pochoirs.com\/de\/wp-json\/wp\/v2\/product_cat?post=11857"},{"taxonomy":"product_tag","embeddable":true,"href":"https:\/\/mes-pochoirs.com\/de\/wp-json\/wp\/v2\/product_tag?post=11857"}],"curies":[{"name":"wp","href":"https:\/\/api.w.org\/{rel}","templated":true}]}}