{"id":11969,"date":"2024-01-29T09:54:41","date_gmt":"2024-01-29T08:54:41","guid":{"rendered":"https:\/\/mes-pochoirs.com\/?post_type=product&#038;p=11969"},"modified":"2025-10-31T12:01:12","modified_gmt":"2025-10-31T11:01:12","slug":"halftone-schablone-halbton-g0050","status":"publish","type":"product","link":"https:\/\/mes-pochoirs.com\/de\/produit\/pochoir-halftone-demi-teinte-g0050","title":{"rendered":"Halftone Halbtonschablone - G0050"},"content":{"rendered":"<h2>Halftone Halbtonschablone<\/h2>\n<h3>Subtilit\u00e4t und Modernit\u00e4t in Halbschatten<\/h3>\n<p>Entdecken Sie unsere Schablone mit Halftoneffekt, ein echtes Kunstwerk, das jede Oberfl\u00e4che in ein modernes Meisterwerk verwandelt. Inspiriert von der Halftone-Drucktechnik schafft diese Schablone mit Pop Art-Punktmustern eine fesselnde visuelle Illusion, indem sie kleine Kreise unterschiedlicher Gr\u00f6\u00dfe in regelm\u00e4\u00dfigen Abst\u00e4nden miteinander verbindet. Diese Halftone-Schablone ist perfekt f\u00fcr Liebhaber moderner Kunst und Design und verleiht Ihren Dekorationsprojekten einen Hauch von Raffinesse und Raffinesse.<\/p>\n<h3>Die Essenz der Pop-Art in Ihrer Kreation<\/h3>\n<p>Tauchen Sie mit unserer Schablone mit Halftoneffekt in die Welt der Pop-Art ein. Dieses Halbtonmuster, das von K\u00fcnstlern des Pop Art- und Comic-Stils wegen seiner Licht- und Schatteneffekte verwendet wird, schafft eine einzigartige k\u00fcnstlerische Atmosph\u00e4re. Ob Sie Ihrem Wohnzimmer einen Hauch von Originalit\u00e4t verleihen oder ein Wandkunstwerk schaffen wollen, diese Schablone wird schnell zu Ihrem kreativen Verb\u00fcndeten werden. Das Halftone-Muster mit seinem Punkt- und Halbton-Effekt erinnert an die Energie und Lebendigkeit des Pop-Art-Stils und verwandelt jeden Raum in eine moderne Kunstgalerie.<\/p>\n<h3>Au\u00dfergew\u00f6hnliche Qualit\u00e4t und Vielseitigkeit<\/h3>\n<p>Unsere Halftone-Schablone ist mehr als nur ein dekoratives Accessoire, sie ist ein langlebiges und vielseitiges Gestaltungsmittel. Sie ist in verschiedenen Gr\u00f6\u00dfen erh\u00e4ltlich und eignet sich f\u00fcr alle Ihre Projekte, von kleinen Dekorationsgegenst\u00e4nden bis hin zu gro\u00dfen Wandfl\u00e4chen. Aus hochwertigem Kunststoff gefertigt, ist es nicht nur widerstandsf\u00e4hig, sondern auch pflegeleicht. Diese Schablone ist wiederverwendbar und beidseitig verwendbar und bietet Ihnen unendlich viele kreative M\u00f6glichkeiten, auf verschiedenen Untergr\u00fcnden und mit verschiedenen Anwendungsmethoden. Lassen Sie Ihrer Fantasie mit dieser spielerischen und einfach zu verwendenden Schablone freien Lauf.<\/p>","protected":false},"excerpt":{"rendered":"<p><strong data-start=\"603\" data-end=\"635\">Halftone Halbtonschablone<\/strong> r\u00e9utilisable et r\u00e9versible, parfait pour peinture murale ou tableau. Haute qualit\u00e9, plusieurs tailles dispo.<\/p>","protected":false},"featured_media":11851,"comment_status":"open","ping_status":"closed","template":"","meta":{"bwfblock_default_font":"","_kad_blocks_custom_css":"","_kad_blocks_head_custom_js":"","_kad_blocks_body_custom_js":"","_kad_blocks_footer_custom_js":"","_kadence_starter_templates_imported_post":false,"_kad_post_transparent":"default","_kad_post_title":"","_kad_post_layout":"default","_kad_post_sidebar_id":"","_kad_post_content_style":"default","_kad_post_vertical_padding":"default","_kad_post_feature":"","_kad_post_feature_position":"","_kad_post_header":false,"_kad_post_footer":false,"_kad_post_classname":""},"product_brand":[1415],"product_cat":[498,241],"product_tag":[523,335,519,232,234,336,362,524,476,361,522,333,520],"class_list":{"0":"post-11969","1":"product","2":"type-product","3":"status-publish","4":"has-post-thumbnail","6":"product_brand-mes-pochoirs","7":"product_cat-pochoirs-halftone","8":"product_cat-pochoirs-geometriques","9":"product_tag-bd","10":"product_tag-demi-teinte","11":"product_tag-effet","12":"product_tag-geometrique","13":"product_tag-grille","14":"product_tag-halftone","15":"product_tag-motifs","16":"product_tag-pixel","17":"product_tag-pochoir","18":"product_tag-pointilles","19":"product_tag-points","20":"product_tag-pop-art","21":"product_tag-technique","23":"first","24":"instock","25":"taxable","26":"shipping-taxable","27":"purchasable","28":"product-type-variable","29":"has-default-attributes","30":"entry","31":"content-bg","32":"loop-entry"},"taxonomy_info":{"product_brand":[{"value":1415,"label":"Mes Pochoirs"}],"product_cat":[{"value":498,"label":"Halftone &amp; Benday"},{"value":241,"label":"G\u00e9om\u00e9triques"}],"product_tag":[{"value":523,"label":"BD"},{"value":335,"label":"demi-teinte"},{"value":519,"label":"effet"},{"value":232,"label":"g\u00e9om\u00e9trique"},{"value":234,"label":"grille"},{"value":336,"label":"halftone"},{"value":362,"label":"motifs"},{"value":524,"label":"pixel"},{"value":476,"label":"pochoir"},{"value":361,"label":"pointill\u00e9s"},{"value":522,"label":"points"},{"value":333,"label":"pop art"},{"value":520,"label":"technique"}]},"featured_image_src_large":["https:\/\/mes-pochoirs.com\/wp-content\/uploads\/2024\/01\/G0050-FR-pochoir-geometrique-Halftone-copyright-mes-pochoirs-com-858x1030.jpg",858,1030,true],"author_info":[],"comment_info":0,"_links":{"self":[{"href":"https:\/\/mes-pochoirs.com\/de\/wp-json\/wp\/v2\/product\/11969","targetHints":{"allow":["GET"]}}],"collection":[{"href":"https:\/\/mes-pochoirs.com\/de\/wp-json\/wp\/v2\/product"}],"about":[{"href":"https:\/\/mes-pochoirs.com\/de\/wp-json\/wp\/v2\/types\/product"}],"replies":[{"embeddable":true,"href":"https:\/\/mes-pochoirs.com\/de\/wp-json\/wp\/v2\/comments?post=11969"}],"wp:featuredmedia":[{"embeddable":true,"href":"https:\/\/mes-pochoirs.com\/de\/wp-json\/wp\/v2\/media\/11851"}],"wp:attachment":[{"href":"https:\/\/mes-pochoirs.com\/de\/wp-json\/wp\/v2\/media?parent=11969"}],"wp:term":[{"taxonomy":"product_brand","embeddable":true,"href":"https:\/\/mes-pochoirs.com\/de\/wp-json\/wp\/v2\/product_brand?post=11969"},{"taxonomy":"product_cat","embeddable":true,"href":"https:\/\/mes-pochoirs.com\/de\/wp-json\/wp\/v2\/product_cat?post=11969"},{"taxonomy":"product_tag","embeddable":true,"href":"https:\/\/mes-pochoirs.com\/de\/wp-json\/wp\/v2\/product_tag?post=11969"}],"curies":[{"name":"wp","href":"https:\/\/api.w.org\/{rel}","templated":true}]}}