{"id":11987,"date":"2024-01-29T10:22:57","date_gmt":"2024-01-29T09:22:57","guid":{"rendered":"https:\/\/mes-pochoirs.com\/?post_type=product&#038;p=11987"},"modified":"2025-10-31T12:01:16","modified_gmt":"2025-10-31T11:01:16","slug":"halftone-schablone-halbton-g0052","status":"publish","type":"product","link":"https:\/\/mes-pochoirs.com\/de\/produit\/pochoir-halftone-demi-teinte-g0052","title":{"rendered":"Schablone Halftone Halbton - G0052"},"content":{"rendered":"<h2>Halftone Halbtonschablone<\/h2>\n<h3>Schablone Punkteffekte : Eine visuelle Revolution<\/h3>\n<p>Betreten Sie die faszinierende Welt der k\u00fcnstlerischen Dekoration mit unserer geometrischen Halftone-Schablone, die ein Highlight f\u00fcr Liebhaber moderner Kunst und Retro-\u00c4sthetik ist. Diese Schablone mit Punkteffekten im Andy-Warhol-Stil ist eine Hommage an die Halftone-Drucktechnik, eine Methode, mit der Bilder aus kleinen Kreisen unterschiedlicher Gr\u00f6\u00dfe in gleichm\u00e4\u00dfigen Abst\u00e4nden erstellt werden. Diese sorgf\u00e4ltig angeordneten Punkte erzeugen einen einzigartigen Licht- und Schatteneffekt und sorgen f\u00fcr ein \u00fcberraschend dynamisches und attraktives visuelles Ergebnis. Perfekt f\u00fcr alle, die ihrem Raum einen unverwechselbaren k\u00fcnstlerischen Touch verleihen m\u00f6chten.<\/p>\n<h3>Der Andy-Warhol-Stil in greifbarer N\u00e4he<\/h3>\n<p>Diese Halftone-Schablone ist eine echte Bereicherung f\u00fcr alle Designer, die sich vom Pop-Art-Stil und den Werken von Andy Warhol inspirieren lassen. Die geometrischen Muster sind ideal, um die typischen Effekte dieser \u00c4ra nachzubilden und Ihren Projekten einen Hauch von Kreativit\u00e4t und Originalit\u00e4t zu verleihen. Sie erinnern an das Wesen dieser Kunstbewegung und erm\u00f6glichen es, jede Oberfl\u00e4che in ein fesselndes Kunstwerk zu verwandeln.<\/p>\n<h3>Eine hochwertige Schablone f\u00fcr alle Ihre Projekte<\/h3>\n<p>Diese Halftone-Schablone ist nicht nur ein dekoratives Werkzeug, sondern eine Einladung, Ihre Kreativit\u00e4t zu erkunden. Sie ist in verschiedenen Gr\u00f6\u00dfen erh\u00e4ltlich und passt perfekt zu all Ihren Projekten, von den kleinsten bis zu den ehrgeizigsten. Die aus hochwertigem, widerstandsf\u00e4higem Kunststoff gefertigte Schablone ist pflegeleicht, wiederverwendbar und beidseitig verwendbar und bietet somit eine au\u00dfergew\u00f6hnliche Flexibilit\u00e4t und Haltbarkeit. Egal, ob Sie eine Wand, ein M\u00f6belst\u00fcck oder ein Kunstobjekt dekorieren m\u00f6chten, diese Schablone ist das ideale Werkzeug f\u00fcr eine einfache, unterhaltsame und vielseitige Anwendung.<\/p>","protected":false},"excerpt":{"rendered":"<p><strong data-start=\"1121\" data-end=\"1153\">Halftone Halbtonschablone<\/strong> von hoher Qualit\u00e4t, beidseitig verwendbar und wiederverwendbar. Ideal f\u00fcr Pop-Art-Malerei oder moderne Gem\u00e4lde. Mehrere Gr\u00f6\u00dfen.<\/p>","protected":false},"featured_media":11853,"comment_status":"open","ping_status":"closed","template":"","meta":{"bwfblock_default_font":"","_kad_blocks_custom_css":"","_kad_blocks_head_custom_js":"","_kad_blocks_body_custom_js":"","_kad_blocks_footer_custom_js":"","_kadence_starter_templates_imported_post":false,"_kad_post_transparent":"default","_kad_post_title":"","_kad_post_layout":"default","_kad_post_sidebar_id":"","_kad_post_content_style":"default","_kad_post_vertical_padding":"default","_kad_post_feature":"","_kad_post_feature_position":"","_kad_post_header":false,"_kad_post_footer":false,"_kad_post_classname":""},"product_brand":[1415],"product_cat":[498,241],"product_tag":[523,335,519,232,234,336,362,524,476,361,522,333,525,520],"class_list":{"0":"post-11987","1":"product","2":"type-product","3":"status-publish","4":"has-post-thumbnail","6":"product_brand-mes-pochoirs","7":"product_cat-pochoirs-halftone","8":"product_cat-pochoirs-geometriques","9":"product_tag-bd","10":"product_tag-demi-teinte","11":"product_tag-effet","12":"product_tag-geometrique","13":"product_tag-grille","14":"product_tag-halftone","15":"product_tag-motifs","16":"product_tag-pixel","17":"product_tag-pochoir","18":"product_tag-pointilles","19":"product_tag-points","20":"product_tag-pop-art","21":"product_tag-retro","22":"product_tag-technique","24":"first","25":"instock","26":"taxable","27":"shipping-taxable","28":"purchasable","29":"product-type-variable","30":"has-default-attributes","31":"entry","32":"content-bg","33":"loop-entry"},"taxonomy_info":{"product_brand":[{"value":1415,"label":"Mes Pochoirs"}],"product_cat":[{"value":498,"label":"Halftone &amp; Benday"},{"value":241,"label":"G\u00e9om\u00e9triques"}],"product_tag":[{"value":523,"label":"BD"},{"value":335,"label":"demi-teinte"},{"value":519,"label":"effet"},{"value":232,"label":"g\u00e9om\u00e9trique"},{"value":234,"label":"grille"},{"value":336,"label":"halftone"},{"value":362,"label":"motifs"},{"value":524,"label":"pixel"},{"value":476,"label":"pochoir"},{"value":361,"label":"pointill\u00e9s"},{"value":522,"label":"points"},{"value":333,"label":"pop art"},{"value":525,"label":"r\u00e9tro"},{"value":520,"label":"technique"}]},"featured_image_src_large":["https:\/\/mes-pochoirs.com\/wp-content\/uploads\/2024\/01\/G0052-FR-pochoir-geometrique-Halftone-copyright-mes-pochoirs-com-858x1030.jpg",858,1030,true],"author_info":[],"comment_info":0,"_links":{"self":[{"href":"https:\/\/mes-pochoirs.com\/de\/wp-json\/wp\/v2\/product\/11987","targetHints":{"allow":["GET"]}}],"collection":[{"href":"https:\/\/mes-pochoirs.com\/de\/wp-json\/wp\/v2\/product"}],"about":[{"href":"https:\/\/mes-pochoirs.com\/de\/wp-json\/wp\/v2\/types\/product"}],"replies":[{"embeddable":true,"href":"https:\/\/mes-pochoirs.com\/de\/wp-json\/wp\/v2\/comments?post=11987"}],"wp:featuredmedia":[{"embeddable":true,"href":"https:\/\/mes-pochoirs.com\/de\/wp-json\/wp\/v2\/media\/11853"}],"wp:attachment":[{"href":"https:\/\/mes-pochoirs.com\/de\/wp-json\/wp\/v2\/media?parent=11987"}],"wp:term":[{"taxonomy":"product_brand","embeddable":true,"href":"https:\/\/mes-pochoirs.com\/de\/wp-json\/wp\/v2\/product_brand?post=11987"},{"taxonomy":"product_cat","embeddable":true,"href":"https:\/\/mes-pochoirs.com\/de\/wp-json\/wp\/v2\/product_cat?post=11987"},{"taxonomy":"product_tag","embeddable":true,"href":"https:\/\/mes-pochoirs.com\/de\/wp-json\/wp\/v2\/product_tag?post=11987"}],"curies":[{"name":"wp","href":"https:\/\/api.w.org\/{rel}","templated":true}]}}