{"id":12052,"date":"2024-02-02T09:00:21","date_gmt":"2024-02-02T08:00:21","guid":{"rendered":"https:\/\/mes-pochoirs.com\/?post_type=product&#038;p=12052"},"modified":"2026-04-22T10:18:35","modified_gmt":"2026-04-22T08:18:35","slug":"schablone-die-kleinen-liebhaber-der-street-art-an0001","status":"publish","type":"product","link":"https:\/\/mes-pochoirs.com\/de\/produit\/pochoir-les-petits-amoureux-du-street-art-an0001","title":{"rendered":"Schablone \"Die kleinen Liebhaber der Street Art\" - AN0001"},"content":{"rendered":"<h2>Schablone \"Die kleinen Liebhaber der Street Art\".<\/h2>\n<h3>Ein Gem\u00e4lde der reinen Emotion<\/h3>\n<p>Als Herzst\u00fcck unserer exklusiven Kollektion \"Amour Naissant\" entdecken Sie eine fesselnde Schablone, die die Unschuld und Z\u00e4rtlichkeit einer ersten Liebe illustriert. Dargestellt sind zwei Kinder, ein M\u00e4dchen und ein Junge, die einen kostbaren Moment auf der Stra\u00dfe teilen. Der Junge dr\u00fcckt seine Zuneigung aus, indem er mit einer Spr\u00fchdose ein Herz auf eine Wand zeichnet. Dieser zeitlose Moment beschw\u00f6rt reine Liebe, jugendliche Unschuld und die S\u00fc\u00dfe aufkeimender Gef\u00fchle herauf, alles verpackt in den pulsierenden k\u00fcnstlerischen Ausdruck der Street Art. Exklusiv von unserem Kreativteam entworfen, ist dieses einzigartige Design in keinem anderen Gesch\u00e4ft zu finden und bietet Ihnen ein wahrhaft einzigartiges Kunstwerk.<\/p>\n<h3>Kreative Vielseitigkeit in Ihrer Reichweite<\/h3>\n<p>Jede Schablone der Kollektion \"Amour Naissant\" wird mit handwerklichem Geschick in unserem Atelier hergestellt und ist eine Ode an die Kreativit\u00e4t und Qualit\u00e4t. Sie ist in verschiedenen Gr\u00f6\u00dfen erh\u00e4ltlich und passt perfekt zu all Ihren Projekten, egal ob Sie einen Hauch von Liebe auf Leinw\u00e4nde, W\u00e4nde, Papier, Holz oder Karton bringen m\u00f6chten. Dank der Herstellung aus hochwertigem, widerstandsf\u00e4higem Kunststoff ist unsere Schablone wiederverwendbar, beidseitig verwendbar und pflegeleicht. Sie gew\u00e4hrleistet eine spielerische und einfache Anwendung, ob mit einem Pinsel, einer Spr\u00fchdose oder einer anderen Methode.<\/p>","protected":false},"excerpt":{"rendered":"<p><strong>Schablone Die kleinen Liebhaber der Street Art<\/strong> f\u00fcr Malk\u00fcnstler, romantisches und urbanes Werk. Wiederverwendbar, hohe Qualit\u00e4t, verschiedene Gr\u00f6\u00dfen.<\/p>","protected":false},"featured_media":12058,"comment_status":"open","ping_status":"closed","template":"","meta":{"bwfblock_default_font":"","_kad_blocks_custom_css":"","_kad_blocks_head_custom_js":"","_kad_blocks_body_custom_js":"","_kad_blocks_footer_custom_js":"","_kadence_starter_templates_imported_post":false,"_kad_post_transparent":"default","_kad_post_title":"","_kad_post_layout":"default","_kad_post_sidebar_id":"","_kad_post_content_style":"default","_kad_post_vertical_padding":"default","_kad_post_feature":"","_kad_post_feature_position":"","_kad_post_header":false,"_kad_post_footer":false,"_kad_post_classname":""},"product_brand":[1415],"product_cat":[526,481,1138,328],"product_tag":[325,507,497,236,492,506,527,528,529,296,476,503,327,287,286],"class_list":{"0":"post-12052","1":"product","2":"type-product","3":"status-publish","4":"has-post-thumbnail","6":"product_brand-mes-pochoirs","7":"product_cat-amour-naissant","8":"product_cat-collections","9":"product_cat-pochoirs-saint-valentin","10":"product_cat-pochoirs-street-art","11":"product_tag-amour","12":"product_tag-amoureux","13":"product_tag-art-urbain","14":"product_tag-coeur","15":"product_tag-collection","16":"product_tag-couple","17":"product_tag-enfants","18":"product_tag-fille","19":"product_tag-garcon","20":"product_tag-love","21":"product_tag-pochoir","22":"product_tag-rue","23":"product_tag-street-art","24":"product_tag-tag","25":"product_tag-urbain","27":"first","28":"instock","29":"taxable","30":"shipping-taxable","31":"purchasable","32":"product-type-variable","33":"entry","34":"content-bg","35":"loop-entry"},"taxonomy_info":{"product_brand":[{"value":1415,"label":"Mes Pochoirs"}],"product_cat":[{"value":526,"label":"Amour Naissant"},{"value":481,"label":"Collections"},{"value":1138,"label":"Saint-Valentin"},{"value":328,"label":"Street Art"}],"product_tag":[{"value":325,"label":"amour"},{"value":507,"label":"amoureux"},{"value":497,"label":"Art urbain"},{"value":236,"label":"coeur"},{"value":492,"label":"collection"},{"value":506,"label":"couple"},{"value":527,"label":"enfants"},{"value":528,"label":"fille"},{"value":529,"label":"gar\u00e7on"},{"value":296,"label":"Love"},{"value":476,"label":"pochoir"},{"value":503,"label":"rue"},{"value":327,"label":"street art"},{"value":287,"label":"tag"},{"value":286,"label":"urbain"}]},"featured_image_src_large":["https:\/\/mes-pochoirs.com\/wp-content\/uploads\/2024\/02\/AN0001-FR-pochoir-collection-amour-naissant-copyright-mes-pochoirs-858x1030.jpg",858,1030,true],"author_info":[],"comment_info":9,"_links":{"self":[{"href":"https:\/\/mes-pochoirs.com\/de\/wp-json\/wp\/v2\/product\/12052","targetHints":{"allow":["GET"]}}],"collection":[{"href":"https:\/\/mes-pochoirs.com\/de\/wp-json\/wp\/v2\/product"}],"about":[{"href":"https:\/\/mes-pochoirs.com\/de\/wp-json\/wp\/v2\/types\/product"}],"replies":[{"embeddable":true,"href":"https:\/\/mes-pochoirs.com\/de\/wp-json\/wp\/v2\/comments?post=12052"}],"wp:featuredmedia":[{"embeddable":true,"href":"https:\/\/mes-pochoirs.com\/de\/wp-json\/wp\/v2\/media\/12058"}],"wp:attachment":[{"href":"https:\/\/mes-pochoirs.com\/de\/wp-json\/wp\/v2\/media?parent=12052"}],"wp:term":[{"taxonomy":"product_brand","embeddable":true,"href":"https:\/\/mes-pochoirs.com\/de\/wp-json\/wp\/v2\/product_brand?post=12052"},{"taxonomy":"product_cat","embeddable":true,"href":"https:\/\/mes-pochoirs.com\/de\/wp-json\/wp\/v2\/product_cat?post=12052"},{"taxonomy":"product_tag","embeddable":true,"href":"https:\/\/mes-pochoirs.com\/de\/wp-json\/wp\/v2\/product_tag?post=12052"}],"curies":[{"name":"wp","href":"https:\/\/api.w.org\/{rel}","templated":true}]}}