{"id":12094,"date":"2024-02-02T09:00:56","date_gmt":"2024-02-02T08:00:56","guid":{"rendered":"https:\/\/mes-pochoirs.com\/?post_type=product&#038;p=12094"},"modified":"2025-10-31T12:01:27","modified_gmt":"2025-10-31T11:01:27","slug":"schablone-die-street-art-der-kinder-an0005","status":"publish","type":"product","link":"https:\/\/mes-pochoirs.com\/de\/produit\/pochoir-le-street-art-des-enfants-an0005","title":{"rendered":"Schablone \"Die Street Art der Kinder\" - AN0005"},"content":{"rendered":"<h2>Pochoir &#8220;Le Street Art des Enfants&#8221;<\/h2>\n<h3>Einfangen eines einzigartigen Moments der Liebe und der Kunst<\/h3>\n<p>Entdecken Sie \"Le Street Art des Enfants\", eine vibrierende Schablone aus unserer Kollektion \"Amour Naissant\". In einer intimen Szene aus dem Stadtleben zeichnet ein Junge ein Herz auf eine Mauer, w\u00e4hrend ein M\u00e4dchen mit Farbbomben in der Hand komplizenhaft zusieht und bereit ist, sich an dieser Liebeserkl\u00e4rung zu beteiligen. Dieses f\u00fcr den Street-Art-Stil typische Nahportr\u00e4t unterstreicht die reine Liebe, die Unschuld und die kindliche Vertrautheit und unterstreicht gleichzeitig die Macht des k\u00fcnstlerischen Ausdrucks im urbanen Raum. Dieses einzigartige Design wurde von unserem Team erdacht und entworfen und ist nirgendwo sonst zu finden, was Ihnen absolute Exklusivit\u00e4t verleiht.<\/p>\n<h3>Anpassbar an alle Ihre kreativen Bed\u00fcrfnisse<\/h3>\n<p>Diese Schablone, die im quadratischen Format und in verschiedenen Gr\u00f6\u00dfen erh\u00e4ltlich ist, wurde so konzipiert, dass sie sich f\u00fcr alle Ihre Projekte eignet, egal wie gro\u00df sie sind. Sie wird in unserem Atelier aus hochwertigem, widerstandsf\u00e4higem Kunststoff hergestellt, ist pflegeleicht, wiederverwendbar und beidseitig verwendbar und garantiert so eine hohe Flexibilit\u00e4t bei der Anwendung. Ideal f\u00fcr alle Untergr\u00fcnde, ist seine Anwendung einfach und spielerisch, egal ob Sie sich f\u00fcr Pinsel, Spr\u00fchdosen, Acryl- oder Aquarellfarben entscheiden.<\/p>","protected":false},"excerpt":{"rendered":"<p><strong>Pochoir Le Street Art Des Enfants<\/strong> \u2013 r\u00e9utilisable et haute qualit\u00e9, disponible en plusieurs tailles, parfait pour peinture et cr\u00e9ations murales.<\/p>","protected":false},"featured_media":12062,"comment_status":"open","ping_status":"closed","template":"","meta":{"bwfblock_default_font":"","_kad_blocks_custom_css":"","_kad_blocks_head_custom_js":"","_kad_blocks_body_custom_js":"","_kad_blocks_footer_custom_js":"","_kadence_starter_templates_imported_post":false,"_kad_post_transparent":"default","_kad_post_title":"","_kad_post_layout":"default","_kad_post_sidebar_id":"","_kad_post_content_style":"default","_kad_post_vertical_padding":"default","_kad_post_feature":"","_kad_post_feature_position":"","_kad_post_header":false,"_kad_post_footer":false,"_kad_post_classname":""},"product_brand":[1415],"product_cat":[526,481,1138,328],"product_tag":[325,507,497,236,492,506,527,528,529,296,476,503,327,287,286],"class_list":{"0":"post-12094","1":"product","2":"type-product","3":"status-publish","4":"has-post-thumbnail","6":"product_brand-mes-pochoirs","7":"product_cat-amour-naissant","8":"product_cat-collections","9":"product_cat-pochoirs-saint-valentin","10":"product_cat-pochoirs-street-art","11":"product_tag-amour","12":"product_tag-amoureux","13":"product_tag-art-urbain","14":"product_tag-coeur","15":"product_tag-collection","16":"product_tag-couple","17":"product_tag-enfants","18":"product_tag-fille","19":"product_tag-garcon","20":"product_tag-love","21":"product_tag-pochoir","22":"product_tag-rue","23":"product_tag-street-art","24":"product_tag-tag","25":"product_tag-urbain","27":"first","28":"instock","29":"taxable","30":"shipping-taxable","31":"purchasable","32":"product-type-variable","33":"entry","34":"content-bg","35":"loop-entry"},"taxonomy_info":{"product_brand":[{"value":1415,"label":"Mes Pochoirs"}],"product_cat":[{"value":526,"label":"Amour Naissant"},{"value":481,"label":"Collections"},{"value":1138,"label":"Saint-Valentin"},{"value":328,"label":"Street Art"}],"product_tag":[{"value":325,"label":"amour"},{"value":507,"label":"amoureux"},{"value":497,"label":"Art urbain"},{"value":236,"label":"coeur"},{"value":492,"label":"collection"},{"value":506,"label":"couple"},{"value":527,"label":"enfants"},{"value":528,"label":"fille"},{"value":529,"label":"gar\u00e7on"},{"value":296,"label":"Love"},{"value":476,"label":"pochoir"},{"value":503,"label":"rue"},{"value":327,"label":"street art"},{"value":287,"label":"tag"},{"value":286,"label":"urbain"}]},"featured_image_src_large":["https:\/\/mes-pochoirs.com\/wp-content\/uploads\/2024\/02\/AN0005-FR-pochoir-collection-amour-naissant-copyright-mes-pochoirs-858x1030.jpg",858,1030,true],"author_info":[],"comment_info":2,"_links":{"self":[{"href":"https:\/\/mes-pochoirs.com\/de\/wp-json\/wp\/v2\/product\/12094","targetHints":{"allow":["GET"]}}],"collection":[{"href":"https:\/\/mes-pochoirs.com\/de\/wp-json\/wp\/v2\/product"}],"about":[{"href":"https:\/\/mes-pochoirs.com\/de\/wp-json\/wp\/v2\/types\/product"}],"replies":[{"embeddable":true,"href":"https:\/\/mes-pochoirs.com\/de\/wp-json\/wp\/v2\/comments?post=12094"}],"wp:featuredmedia":[{"embeddable":true,"href":"https:\/\/mes-pochoirs.com\/de\/wp-json\/wp\/v2\/media\/12062"}],"wp:attachment":[{"href":"https:\/\/mes-pochoirs.com\/de\/wp-json\/wp\/v2\/media?parent=12094"}],"wp:term":[{"taxonomy":"product_brand","embeddable":true,"href":"https:\/\/mes-pochoirs.com\/de\/wp-json\/wp\/v2\/product_brand?post=12094"},{"taxonomy":"product_cat","embeddable":true,"href":"https:\/\/mes-pochoirs.com\/de\/wp-json\/wp\/v2\/product_cat?post=12094"},{"taxonomy":"product_tag","embeddable":true,"href":"https:\/\/mes-pochoirs.com\/de\/wp-json\/wp\/v2\/product_tag?post=12094"}],"curies":[{"name":"wp","href":"https:\/\/api.w.org\/{rel}","templated":true}]}}