{"id":12100,"date":"2024-02-02T09:00:16","date_gmt":"2024-02-02T08:00:16","guid":{"rendered":"https:\/\/mes-pochoirs.com\/?post_type=product&#038;p=12100"},"modified":"2025-10-31T12:01:29","modified_gmt":"2025-10-31T11:01:29","slug":"schablone-herz-tag-an0006","status":"publish","type":"product","link":"https:\/\/mes-pochoirs.com\/de\/produit\/pochoir-coeur-tague-an0006","title":{"rendered":"Schablone \"Getaggtes Herz\" - AN0006"},"content":{"rendered":"<h2>Schablone \"Getaggtes Herz\"<\/h2>\n<h3>Die S\u00fc\u00dfe der Liebe in der Dynamik der Street Art<\/h3>\n<p>Entdecken Sie \"Coeur Tagu\u00e9\", eine Schablone voller Leben und Emotionen aus unserer Kollektion \"Amour Naissant\". Dieses Einzelst\u00fcck f\u00e4ngt eine r\u00fchrende Szene mit zwei Kindern, einem M\u00e4dchen und einem Jungen, in einer pulsierenden Stra\u00dfenszenerie ein. Der Junge, mit einer Spr\u00fchdose bewaffnet, zeichnet ein Herz auf eine Wand, das Symbol ihrer aufkeimenden Zuneigung, w\u00e4hrend das M\u00e4dchen sie z\u00e4rtlich anschaut. Diese Schablone, die reine Liebe und Unschuld durch das dynamische Prisma der Street Art perfekt veranschaulicht, spiegelt aufrichtige Gef\u00fchle und kindliche Zweisamkeit wider. Diese Schablone wurde exklusiv von unserem talentierten Team entworfen und gezeichnet und bietet einen Hauch von Originalit\u00e4t, den Sie in keinem anderen Shop finden werden.<\/p>\n<h3>Eine vielseitige Kreation f\u00fcr alle Ihre Projekte<\/h3>\n<p>Die Kollektion \"Amour Naissant\" bietet Schablonen im quadratischen Format, die in verschiedenen Gr\u00f6\u00dfen erh\u00e4ltlich sind, um all Ihren kreativen Bed\u00fcrfnissen gerecht zu werden. Diese in unserem Atelier hergestellten Schablonen aus hochwertigem, widerstandsf\u00e4higem Kunststoff sind pflegeleicht, wiederverwendbar und reversibel. Sie lassen sich auf alle Arten von Untergr\u00fcnden anwenden und bieten ein einfaches und zugleich spielerisches Nutzungserlebnis, egal ob mit Pinsel, Spr\u00fchdose, Acryl- oder Wasserfarben.<\/p>","protected":false},"excerpt":{"rendered":"<p><strong>Schablone Herz Tagged<\/strong> wiederverwendbar und beidseitig verwendbar, ideal f\u00fcr Wandmalerei oder Gem\u00e4lde. Hohe Qualit\u00e4t, in verschiedenen Gr\u00f6\u00dfen erh\u00e4ltlich.<\/p>","protected":false},"featured_media":12063,"comment_status":"open","ping_status":"closed","template":"","meta":{"bwfblock_default_font":"","_kad_blocks_custom_css":"","_kad_blocks_head_custom_js":"","_kad_blocks_body_custom_js":"","_kad_blocks_footer_custom_js":"","_kadence_starter_templates_imported_post":false,"_kad_post_transparent":"default","_kad_post_title":"","_kad_post_layout":"default","_kad_post_sidebar_id":"","_kad_post_content_style":"default","_kad_post_vertical_padding":"default","_kad_post_feature":"","_kad_post_feature_position":"","_kad_post_header":false,"_kad_post_footer":false,"_kad_post_classname":""},"product_brand":[1415],"product_cat":[526,481,1138,328],"product_tag":[325,507,497,236,492,506,527,528,529,296,476,503,327,287,286],"class_list":{"0":"post-12100","1":"product","2":"type-product","3":"status-publish","4":"has-post-thumbnail","6":"product_brand-mes-pochoirs","7":"product_cat-amour-naissant","8":"product_cat-collections","9":"product_cat-pochoirs-saint-valentin","10":"product_cat-pochoirs-street-art","11":"product_tag-amour","12":"product_tag-amoureux","13":"product_tag-art-urbain","14":"product_tag-coeur","15":"product_tag-collection","16":"product_tag-couple","17":"product_tag-enfants","18":"product_tag-fille","19":"product_tag-garcon","20":"product_tag-love","21":"product_tag-pochoir","22":"product_tag-rue","23":"product_tag-street-art","24":"product_tag-tag","25":"product_tag-urbain","27":"first","28":"instock","29":"taxable","30":"shipping-taxable","31":"purchasable","32":"product-type-variable","33":"entry","34":"content-bg","35":"loop-entry"},"taxonomy_info":{"product_brand":[{"value":1415,"label":"Mes Pochoirs"}],"product_cat":[{"value":526,"label":"Amour Naissant"},{"value":481,"label":"Collections"},{"value":1138,"label":"Saint-Valentin"},{"value":328,"label":"Street Art"}],"product_tag":[{"value":325,"label":"amour"},{"value":507,"label":"amoureux"},{"value":497,"label":"Art urbain"},{"value":236,"label":"coeur"},{"value":492,"label":"collection"},{"value":506,"label":"couple"},{"value":527,"label":"enfants"},{"value":528,"label":"fille"},{"value":529,"label":"gar\u00e7on"},{"value":296,"label":"Love"},{"value":476,"label":"pochoir"},{"value":503,"label":"rue"},{"value":327,"label":"street art"},{"value":287,"label":"tag"},{"value":286,"label":"urbain"}]},"featured_image_src_large":["https:\/\/mes-pochoirs.com\/wp-content\/uploads\/2024\/02\/AN0006-FR-pochoir-collection-amour-naissant-copyright-mes-pochoirs-858x1030.jpg",858,1030,true],"author_info":[],"comment_info":1,"_links":{"self":[{"href":"https:\/\/mes-pochoirs.com\/de\/wp-json\/wp\/v2\/product\/12100","targetHints":{"allow":["GET"]}}],"collection":[{"href":"https:\/\/mes-pochoirs.com\/de\/wp-json\/wp\/v2\/product"}],"about":[{"href":"https:\/\/mes-pochoirs.com\/de\/wp-json\/wp\/v2\/types\/product"}],"replies":[{"embeddable":true,"href":"https:\/\/mes-pochoirs.com\/de\/wp-json\/wp\/v2\/comments?post=12100"}],"wp:featuredmedia":[{"embeddable":true,"href":"https:\/\/mes-pochoirs.com\/de\/wp-json\/wp\/v2\/media\/12063"}],"wp:attachment":[{"href":"https:\/\/mes-pochoirs.com\/de\/wp-json\/wp\/v2\/media?parent=12100"}],"wp:term":[{"taxonomy":"product_brand","embeddable":true,"href":"https:\/\/mes-pochoirs.com\/de\/wp-json\/wp\/v2\/product_brand?post=12100"},{"taxonomy":"product_cat","embeddable":true,"href":"https:\/\/mes-pochoirs.com\/de\/wp-json\/wp\/v2\/product_cat?post=12100"},{"taxonomy":"product_tag","embeddable":true,"href":"https:\/\/mes-pochoirs.com\/de\/wp-json\/wp\/v2\/product_tag?post=12100"}],"curies":[{"name":"wp","href":"https:\/\/api.w.org\/{rel}","templated":true}]}}