{"id":12108,"date":"2024-02-02T09:00:25","date_gmt":"2024-02-02T08:00:25","guid":{"rendered":"https:\/\/mes-pochoirs.com\/?post_type=product&#038;p=12108"},"modified":"2025-10-31T12:01:31","modified_gmt":"2025-10-31T11:01:31","slug":"schablone-kinderherzen-an0007","status":"publish","type":"product","link":"https:\/\/mes-pochoirs.com\/de\/produit\/pochoir-coeurs-denfants-an0007","title":{"rendered":"Schablone \"Kinderherzen\" - AN0007"},"content":{"rendered":"<h2>Schablone \"Kinderherzen\".<\/h2>\n<h3>Liebe durch urbane Kunst<\/h3>\n<p>Plongez dans l&#8217;univers charmant et inspirant de notre pochoir &#8220;C\u0153urs d&#8217;Enfants&#8221;, une pi\u00e8ce ma\u00eetresse de notre collection \u00ab Amour Naissant \u00bb. Ce pochoir d\u00e9licatement con\u00e7u repr\u00e9sente deux enfants, une fille et un gar\u00e7on, captur\u00e9s dans un moment d&#8217;affection pure. Avec une bombe de peinture \u00e0 la main, le gar\u00e7on dessine un c\u0153ur sur un mur, symbole universel de l&#8217;amour, sous le regard attendri de la fille. Cette sc\u00e8ne, embl\u00e9matique du Street Art, v\u00e9hicule la joie, l&#8217;innocence, et les premiers \u00e9mois amoureux \u00e0 travers le prisme vibrant de l&#8217;art de rue. Imagin\u00e9 et dessin\u00e9 par notre \u00e9quipe cr\u00e9ative, &#8220;C\u0153urs d&#8217;Enfants&#8221; est un tr\u00e9sor exclusif, offrant une touche d&#8217;originalit\u00e9 que vous ne trouverez nulle part ailleurs.<\/p>\n<h3>Grenzenlose Anpassungsf\u00e4higkeit f\u00fcr Ihre Kreativit\u00e4t<\/h3>\n<p>Erh\u00e4ltlich im quadratischen Format und in verschiedenen Gr\u00f6\u00dfen, wurde \"Kinderherzen\" so entworfen, dass es sich perfekt in all Ihre kreativen Projekte einf\u00fcgt. Jede Schablone wird in unserem Atelier mit einer Verpflichtung zur Qualit\u00e4t hergestellt und besteht aus robustem Kunststoff, der Haltbarkeit, Pflegeleichtigkeit und endlose Wiederverwendbarkeit gew\u00e4hrleistet. Egal, ob Sie W\u00e4nde, Leinw\u00e4nde oder M\u00f6bel versch\u00f6nern wollen, diese Schablone verspricht eine einfache und spielerische Anwendung, die f\u00fcr alle Untergr\u00fcnde geeignet ist.<\/p>","protected":false},"excerpt":{"rendered":"<p><strong>Schablone Kinderherzen<\/strong>\u00a0langlebig und inspirierend, perfekt f\u00fcr k\u00fcnstlerische Dekorationen. Wiederverwendbar, beidseitig verwendbar und in verschiedenen Formaten erh\u00e4ltlich.<\/p>","protected":false},"featured_media":12064,"comment_status":"open","ping_status":"closed","template":"","meta":{"bwfblock_default_font":"","_kad_blocks_custom_css":"","_kad_blocks_head_custom_js":"","_kad_blocks_body_custom_js":"","_kad_blocks_footer_custom_js":"","_kadence_starter_templates_imported_post":false,"_kad_post_transparent":"default","_kad_post_title":"","_kad_post_layout":"default","_kad_post_sidebar_id":"","_kad_post_content_style":"default","_kad_post_vertical_padding":"default","_kad_post_feature":"","_kad_post_feature_position":"","_kad_post_header":false,"_kad_post_footer":false,"_kad_post_classname":""},"product_brand":[1415],"product_cat":[526,481,1138,328],"product_tag":[325,507,497,236,492,506,527,528,529,296,476,503,327,287,286],"class_list":{"0":"post-12108","1":"product","2":"type-product","3":"status-publish","4":"has-post-thumbnail","6":"product_brand-mes-pochoirs","7":"product_cat-amour-naissant","8":"product_cat-collections","9":"product_cat-pochoirs-saint-valentin","10":"product_cat-pochoirs-street-art","11":"product_tag-amour","12":"product_tag-amoureux","13":"product_tag-art-urbain","14":"product_tag-coeur","15":"product_tag-collection","16":"product_tag-couple","17":"product_tag-enfants","18":"product_tag-fille","19":"product_tag-garcon","20":"product_tag-love","21":"product_tag-pochoir","22":"product_tag-rue","23":"product_tag-street-art","24":"product_tag-tag","25":"product_tag-urbain","27":"first","28":"instock","29":"taxable","30":"shipping-taxable","31":"purchasable","32":"product-type-variable","33":"entry","34":"content-bg","35":"loop-entry"},"taxonomy_info":{"product_brand":[{"value":1415,"label":"Mes Pochoirs"}],"product_cat":[{"value":526,"label":"Amour Naissant"},{"value":481,"label":"Collections"},{"value":1138,"label":"Saint-Valentin"},{"value":328,"label":"Street Art"}],"product_tag":[{"value":325,"label":"amour"},{"value":507,"label":"amoureux"},{"value":497,"label":"Art urbain"},{"value":236,"label":"coeur"},{"value":492,"label":"collection"},{"value":506,"label":"couple"},{"value":527,"label":"enfants"},{"value":528,"label":"fille"},{"value":529,"label":"gar\u00e7on"},{"value":296,"label":"Love"},{"value":476,"label":"pochoir"},{"value":503,"label":"rue"},{"value":327,"label":"street art"},{"value":287,"label":"tag"},{"value":286,"label":"urbain"}]},"featured_image_src_large":["https:\/\/mes-pochoirs.com\/wp-content\/uploads\/2024\/02\/AN0007-FR-pochoir-collection-amour-naissant-copyright-mes-pochoirs-858x1030.jpg",858,1030,true],"author_info":[],"comment_info":0,"_links":{"self":[{"href":"https:\/\/mes-pochoirs.com\/de\/wp-json\/wp\/v2\/product\/12108","targetHints":{"allow":["GET"]}}],"collection":[{"href":"https:\/\/mes-pochoirs.com\/de\/wp-json\/wp\/v2\/product"}],"about":[{"href":"https:\/\/mes-pochoirs.com\/de\/wp-json\/wp\/v2\/types\/product"}],"replies":[{"embeddable":true,"href":"https:\/\/mes-pochoirs.com\/de\/wp-json\/wp\/v2\/comments?post=12108"}],"wp:featuredmedia":[{"embeddable":true,"href":"https:\/\/mes-pochoirs.com\/de\/wp-json\/wp\/v2\/media\/12064"}],"wp:attachment":[{"href":"https:\/\/mes-pochoirs.com\/de\/wp-json\/wp\/v2\/media?parent=12108"}],"wp:term":[{"taxonomy":"product_brand","embeddable":true,"href":"https:\/\/mes-pochoirs.com\/de\/wp-json\/wp\/v2\/product_brand?post=12108"},{"taxonomy":"product_cat","embeddable":true,"href":"https:\/\/mes-pochoirs.com\/de\/wp-json\/wp\/v2\/product_cat?post=12108"},{"taxonomy":"product_tag","embeddable":true,"href":"https:\/\/mes-pochoirs.com\/de\/wp-json\/wp\/v2\/product_tag?post=12108"}],"curies":[{"name":"wp","href":"https:\/\/api.w.org\/{rel}","templated":true}]}}