{"id":12589,"date":"2024-02-22T17:45:57","date_gmt":"2024-02-22T16:45:57","guid":{"rendered":"https:\/\/mes-pochoirs.com\/?post_type=product&#038;p=12589"},"modified":"2025-10-31T12:02:33","modified_gmt":"2025-10-31T11:02:33","slug":"schablone-unity-style-throw-up-t0032","status":"publish","type":"product","link":"https:\/\/mes-pochoirs.com\/de\/produit\/pochoir-unity-style-throw-up-t0032","title":{"rendered":"Schablone \"Unity\" Throw-Up Style - T0032"},"content":{"rendered":"<h2>Pochoir &#8220;Unity&#8221; Style Throw-Up<\/h2>\n<h3>Authentische Stra\u00dfenkunst<\/h3>\n<p>D\u00e9couvrez l&#8217;essence du street art avec notre pochoir \u00ab unity\u00bb inspir\u00e9 des techniques de Tag et Graffiti. Embrassez la culture urbaine et exprimez-vous librement gr\u00e2ce \u00e0 notre design en style Throw-Up, parfait pour ajouter une touche de r\u00e9bellion et d&#8217;authenticit\u00e9 \u00e0 vos cr\u00e9ations. Utilis\u00e9 par les artistes de street art du monde entier, ce pochoir vous permet de transporter l&#8217;art de la rue directement sur vos toiles, murs ou meubles, avec une facilit\u00e9 d\u00e9concertante.<\/p>","protected":false},"excerpt":{"rendered":"<p><strong>Pochoir Unity Style Throw-Up<\/strong> pour cr\u00e9er une \u0153uvre unique graffiti. R\u00e9utilisable, r\u00e9versible, haute qualit\u00e9 et propos\u00e9 en plusieurs tailles.<\/p>","protected":false},"featured_media":12455,"comment_status":"open","ping_status":"closed","template":"","meta":{"bwfblock_default_font":"","_kad_blocks_custom_css":"","_kad_blocks_head_custom_js":"","_kad_blocks_body_custom_js":"","_kad_blocks_footer_custom_js":"","_kadence_starter_templates_imported_post":false,"_kad_post_transparent":"default","_kad_post_title":"","_kad_post_layout":"default","_kad_post_sidebar_id":"","_kad_post_content_style":"default","_kad_post_vertical_padding":"default","_kad_post_feature":"","_kad_post_feature_position":"","_kad_post_header":false,"_kad_post_footer":false,"_kad_post_classname":""},"product_brand":[1415],"product_cat":[533,284,316,550],"product_tag":[439,553,536,285,275,327,287,295,535,561,447,286],"class_list":{"0":"post-12589","1":"product","2":"type-product","3":"status-publish","4":"has-post-thumbnail","6":"product_brand-mes-pochoirs","7":"product_cat-pochoirs-style-throw-up-flop","8":"product_cat-pochoirs-graffitis","9":"product_cat-pochoirs-textes-et-messages","10":"product_cat-pochoirs-mot-unity","11":"product_tag-art","12":"product_tag-couleur","13":"product_tag-flop","14":"product_tag-graffiti","15":"product_tag-message","16":"product_tag-street-art","17":"product_tag-tag","18":"product_tag-texte","19":"product_tag-throw-up","20":"product_tag-unite","21":"product_tag-unity","22":"product_tag-urbain","24":"first","25":"instock","26":"taxable","27":"shipping-taxable","28":"purchasable","29":"product-type-variable","30":"has-default-attributes","31":"entry","32":"content-bg","33":"loop-entry"},"taxonomy_info":{"product_brand":[{"value":1415,"label":"Mes Pochoirs"}],"product_cat":[{"value":533,"label":"Throw-Up \/ Flop"},{"value":284,"label":"Graffitis"},{"value":316,"label":"Textes et Messages"},{"value":550,"label":"Unity"}],"product_tag":[{"value":439,"label":"art"},{"value":553,"label":"couleur"},{"value":536,"label":"Flop"},{"value":285,"label":"graffiti"},{"value":275,"label":"message"},{"value":327,"label":"street art"},{"value":287,"label":"tag"},{"value":295,"label":"Texte"},{"value":535,"label":"Throw-Up"},{"value":561,"label":"unit\u00e9"},{"value":447,"label":"unity"},{"value":286,"label":"urbain"}]},"featured_image_src_large":["https:\/\/mes-pochoirs.com\/wp-content\/uploads\/2024\/02\/T0032-FR-pochoir-ThrowUp-Unity-copyright-mes-pochoirs-com-858x1030.jpg",858,1030,true],"author_info":[],"comment_info":0,"_links":{"self":[{"href":"https:\/\/mes-pochoirs.com\/de\/wp-json\/wp\/v2\/product\/12589","targetHints":{"allow":["GET"]}}],"collection":[{"href":"https:\/\/mes-pochoirs.com\/de\/wp-json\/wp\/v2\/product"}],"about":[{"href":"https:\/\/mes-pochoirs.com\/de\/wp-json\/wp\/v2\/types\/product"}],"replies":[{"embeddable":true,"href":"https:\/\/mes-pochoirs.com\/de\/wp-json\/wp\/v2\/comments?post=12589"}],"wp:featuredmedia":[{"embeddable":true,"href":"https:\/\/mes-pochoirs.com\/de\/wp-json\/wp\/v2\/media\/12455"}],"wp:attachment":[{"href":"https:\/\/mes-pochoirs.com\/de\/wp-json\/wp\/v2\/media?parent=12589"}],"wp:term":[{"taxonomy":"product_brand","embeddable":true,"href":"https:\/\/mes-pochoirs.com\/de\/wp-json\/wp\/v2\/product_brand?post=12589"},{"taxonomy":"product_cat","embeddable":true,"href":"https:\/\/mes-pochoirs.com\/de\/wp-json\/wp\/v2\/product_cat?post=12589"},{"taxonomy":"product_tag","embeddable":true,"href":"https:\/\/mes-pochoirs.com\/de\/wp-json\/wp\/v2\/product_tag?post=12589"}],"curies":[{"name":"wp","href":"https:\/\/api.w.org\/{rel}","templated":true}]}}