{"id":13045,"date":"2024-03-18T15:32:02","date_gmt":"2024-03-18T14:32:02","guid":{"rendered":"https:\/\/mes-pochoirs.com\/?post_type=product&#038;p=13045"},"modified":"2026-01-05T16:26:14","modified_gmt":"2026-01-05T15:26:14","slug":"schablone-dialog-comic-bomb","status":"publish","type":"product","link":"https:\/\/mes-pochoirs.com\/de\/produit\/pochoir-dialogue-bande-dessinee-bomb","title":{"rendered":"Pop Art Comic Bulle Schablone \"BOMB!\" - PAB002"},"content":{"rendered":"<p><strong>Tauchen Sie mit unserer Comic-Dialogschablone in die bunte und dynamische Welt der Pop-Art ein.<\/strong><\/p>\n<p>Unsere Comic-Dialogschablone \"BOMB!\" ist ideal f\u00fcr Designer, die ihren Projekten eine explosive Dimension verleihen m\u00f6chten. Inspiriert von der Energie der Comics eignet sich diese Schablone perfekt, um fesselnde Szenen und schlagkr\u00e4ftige Comic-Dialoge zu kreieren. Verwenden Sie sie, um Ihren Werken einen Hauch von Dynamik zu verleihen oder um Ihre Wohnr\u00e4ume mit originellen Kreationen zu beleben. Seine einfache Handhabung macht die Kunst f\u00fcr jeden zug\u00e4nglich, vom Amateur bis zum erfahrenen K\u00fcnstler.<\/p>\n<p><b>Verwandeln Sie Ihre Ideen in Kunstwerke<\/b><\/p>\n<p>\"Bomb\", \"Ooh\", \"Yeah!\"... Mit unseren Schablonen \"Bubbles Pop Art\" k\u00f6nnen Sie diese W\u00f6rter, Texte, Kultphrasen oder Zitate ganz einfach in Ihre Kreationen einflie\u00dfen lassen. Unsere Schablonen sind das perfekte Werkzeug, um Ihre Botschaften in echte Design-Elemente im Pop-Art-Stil zu verwandeln. Lassen Sie Ihrer Fantasie freien Lauf und verleihen Sie all Ihren Kunstprojekten eine neue und fesselnde Dimension.<\/p>\n<p><b>Eine Vielzahl an kreativen M\u00f6glichkeiten<\/b><\/p>\n<p>Nos pochoirs sont le tremplin parfait pour vos envies de personnalisation inspir\u00e9es du style comics. \u00a0Fabriqu\u00e9 avec pr\u00e9cision, ce pochoir permet de recr\u00e9er facilement des bulles de dialogue vives et pleines d&#8217;\u00e9nergie. Disponibles en plusieurs tailles, ils sont con\u00e7us pour s&#8217;adapter \u00e0 tous projets artistiques et besoins cr\u00e9atifs.<\/p>\n<p>Ihre Anwendung ist kinderleicht, egal ob Sie lieber einen Pinsel, Spr\u00fchfarbe oder eine andere Technik verwenden m\u00f6chten. Sie eignen sich f\u00fcr eine Vielzahl von Materialien wie Leinwand, Karton, Papier, aber auch f\u00fcr W\u00e4nde und Gegenst\u00e4nde. Diese Schablonen aus widerstandsf\u00e4higem, wiederverwendbarem Kunststoff sind leicht zu pflegen und gew\u00e4hrleisten eine lange Lebensdauer und maximale Vielseitigkeit.<\/p>","protected":false},"excerpt":{"rendered":"<p>Diese Bulle BD Pop Art-Schablone wird in unserem Atelier in Frankreich hergestellt.<br \/>\nSie k\u00f6nnen die gew\u00fcnschte Gr\u00f6\u00dfe aus dem Dropdown-Men\u00fc ausw\u00e4hlen.<\/p>","protected":false},"featured_media":13039,"comment_status":"open","ping_status":"closed","template":"","meta":{"bwfblock_default_font":"","_kad_blocks_custom_css":"","_kad_blocks_head_custom_js":"","_kad_blocks_body_custom_js":"","_kad_blocks_footer_custom_js":"","_kadence_starter_templates_imported_post":false,"_kad_post_transparent":"default","_kad_post_title":"","_kad_post_layout":"default","_kad_post_sidebar_id":"","_kad_post_content_style":"default","_kad_post_vertical_padding":"default","_kad_post_feature":"","_kad_post_feature_position":"","_kad_post_header":false,"_kad_post_footer":false,"_kad_post_classname":""},"product_brand":[1415],"product_cat":[1879,571],"product_tag":[574,523,579,240,575,576,572,491,578,577,521,333,295],"class_list":{"0":"post-13045","1":"product","2":"type-product","3":"status-publish","4":"has-post-thumbnail","6":"product_brand-mes-pochoirs","7":"product_cat-pochoirs-bd-comics","8":"product_cat-pochoirs-bulles-bande-dessinee","9":"product_tag-bande-dessinee","10":"product_tag-bd","11":"product_tag-bomb","12":"product_tag-bulles","13":"product_tag-comics","14":"product_tag-dialogue","15":"product_tag-explosion","16":"product_tag-expression","17":"product_tag-humour","18":"product_tag-mot","19":"product_tag-motif","20":"product_tag-pop-art","21":"product_tag-texte","23":"first","24":"instock","25":"featured","26":"taxable","27":"shipping-taxable","28":"purchasable","29":"product-type-variable","30":"has-default-attributes","31":"entry","32":"content-bg","33":"loop-entry"},"taxonomy_info":{"product_brand":[{"value":1415,"label":"Mes Pochoirs"}],"product_cat":[{"value":1879,"label":"BD &amp; Comics"},{"value":571,"label":"Bulles Bande Dessin\u00e9e"}],"product_tag":[{"value":574,"label":"Bande Dessin\u00e9e"},{"value":523,"label":"BD"},{"value":579,"label":"Bomb"},{"value":240,"label":"bulles"},{"value":575,"label":"Comics"},{"value":576,"label":"dialogue"},{"value":572,"label":"Explosion"},{"value":491,"label":"expression"},{"value":578,"label":"humour"},{"value":577,"label":"mot"},{"value":521,"label":"motif"},{"value":333,"label":"pop art"},{"value":295,"label":"Texte"}]},"featured_image_src_large":["https:\/\/mes-pochoirs.com\/wp-content\/uploads\/2024\/03\/PAB002-FR-pochoir-Pop-Art-Bulle-Bomb-copyright-mes-pochoirs-com-858x1030.jpg",858,1030,true],"author_info":[],"comment_info":0,"_links":{"self":[{"href":"https:\/\/mes-pochoirs.com\/de\/wp-json\/wp\/v2\/product\/13045","targetHints":{"allow":["GET"]}}],"collection":[{"href":"https:\/\/mes-pochoirs.com\/de\/wp-json\/wp\/v2\/product"}],"about":[{"href":"https:\/\/mes-pochoirs.com\/de\/wp-json\/wp\/v2\/types\/product"}],"replies":[{"embeddable":true,"href":"https:\/\/mes-pochoirs.com\/de\/wp-json\/wp\/v2\/comments?post=13045"}],"wp:featuredmedia":[{"embeddable":true,"href":"https:\/\/mes-pochoirs.com\/de\/wp-json\/wp\/v2\/media\/13039"}],"wp:attachment":[{"href":"https:\/\/mes-pochoirs.com\/de\/wp-json\/wp\/v2\/media?parent=13045"}],"wp:term":[{"taxonomy":"product_brand","embeddable":true,"href":"https:\/\/mes-pochoirs.com\/de\/wp-json\/wp\/v2\/product_brand?post=13045"},{"taxonomy":"product_cat","embeddable":true,"href":"https:\/\/mes-pochoirs.com\/de\/wp-json\/wp\/v2\/product_cat?post=13045"},{"taxonomy":"product_tag","embeddable":true,"href":"https:\/\/mes-pochoirs.com\/de\/wp-json\/wp\/v2\/product_tag?post=13045"}],"curies":[{"name":"wp","href":"https:\/\/api.w.org\/{rel}","templated":true}]}}