{"id":13064,"date":"2024-03-18T16:17:42","date_gmt":"2024-03-18T15:17:42","guid":{"rendered":"https:\/\/mes-pochoirs.com\/?post_type=product&#038;p=13064"},"modified":"2026-01-05T16:26:07","modified_gmt":"2026-01-05T15:26:07","slug":"dekorative-schablone-blasen-comics-cool","status":"publish","type":"product","link":"https:\/\/mes-pochoirs.com\/de\/produit\/pochoir-decoratif-bulles-bd-cool","title":{"rendered":"Schablone Comic-Blase Pop Art \"COOL!\" - PAB004"},"content":{"rendered":"<p><strong>Tauchen Sie mit unserer dekorativen Schablone Comic-Blasen in die bunte und dynamische Welt der Pop Art ein.<\/strong><\/p>\n<p>Versch\u00f6nern Sie Ihre kreativen Projekte mit unserer dekorativen Comic-Blasenschablone \"Cool\". Ideal f\u00fcr Kunstliebhaber und Dekorateure, die eine einzigartige und zeitgem\u00e4\u00dfe \u00c4sthetik suchen. Mit dieser Schablone k\u00f6nnen Sie lebendige und stilvolle R\u00e4ume gestalten, indem Sie trendige Comic-Blasen einf\u00fcgen. Sie l\u00e4sst sich leicht auf allen Oberfl\u00e4chen anwenden und eignet sich perfekt, um Ihre Inneneinrichtung oder Kunstwerke individuell zu gestalten. Dieses Werkzeug ist ein Muss f\u00fcr alle, die frischen Wind in ihre Umgebungen bringen wollen.<\/p>\n<p><b>Ihre Ideen werden zu Kunstwerken<\/b><\/p>\n<p>\"Boom\", \"Cool\", \"Ooh\", \"Yeah!\"... Mit unseren Schablonen \"Bulles BD Pop Art\" k\u00f6nnen Sie diese W\u00f6rter, Texte, Ausdr\u00fccke oder Zitate ganz einfach in Ihre Kreationen einbauen. Unsere Schablonen sind das perfekte Werkzeug, um Ihre Botschaften in echte Design-Elemente im Pop-Art-Stil zu verwandeln. Lassen Sie Ihrer Fantasie freien Lauf und verleihen Sie all Ihren Kunstprojekten eine neue und fesselnde Dimension.<\/p>\n<p><b>Eine Vielzahl an kreativen M\u00f6glichkeiten<\/b><\/p>\n<p>Nos pochoirs sont le tremplin parfait pour vos envies de personnalisation inspir\u00e9es du style comics et bande dessin\u00e9e. \u00a0Fabriqu\u00e9 avec pr\u00e9cision, ce pochoir permet de recr\u00e9er facilement des bulles de dialogue vives et pleines d&#8217;\u00e9nergie. Disponibles en plusieurs tailles, ils sont con\u00e7us pour s&#8217;adapter \u00e0 tous projets artistiques et besoins cr\u00e9atifs.<\/p>\n<p>Ihre Anwendung ist kinderleicht, egal ob Sie lieber einen Pinsel, Spr\u00fchfarbe oder eine andere Technik verwenden m\u00f6chten. Sie eignen sich f\u00fcr eine Vielzahl von Materialien wie Leinwand, Karton, Papier, aber auch f\u00fcr W\u00e4nde und Gegenst\u00e4nde. Diese Schablonen aus widerstandsf\u00e4higem, wiederverwendbarem Kunststoff sind leicht zu pflegen und gew\u00e4hrleisten eine lange Lebensdauer und maximale Vielseitigkeit.<\/p>","protected":false},"excerpt":{"rendered":"<p>Diese Bulle BD Pop Art-Schablone wird in unserem Atelier in Frankreich hergestellt.<br \/>\nSie k\u00f6nnen die gew\u00fcnschte Gr\u00f6\u00dfe aus dem Dropdown-Men\u00fc ausw\u00e4hlen.<\/p>","protected":false},"featured_media":13037,"comment_status":"open","ping_status":"closed","template":"","meta":{"bwfblock_default_font":"","_kad_blocks_custom_css":"","_kad_blocks_head_custom_js":"","_kad_blocks_body_custom_js":"","_kad_blocks_footer_custom_js":"","_kadence_starter_templates_imported_post":false,"_kad_post_transparent":"default","_kad_post_title":"","_kad_post_layout":"default","_kad_post_sidebar_id":"","_kad_post_content_style":"default","_kad_post_vertical_padding":"default","_kad_post_feature":"","_kad_post_feature_position":"","_kad_post_header":false,"_kad_post_footer":false,"_kad_post_classname":""},"product_brand":[1415],"product_cat":[1879,571],"product_tag":[574,523,240,575,322,576,572,491,578,577,521,333,295],"class_list":{"0":"post-13064","1":"product","2":"type-product","3":"status-publish","4":"has-post-thumbnail","6":"product_brand-mes-pochoirs","7":"product_cat-pochoirs-bd-comics","8":"product_cat-pochoirs-bulles-bande-dessinee","9":"product_tag-bande-dessinee","10":"product_tag-bd","11":"product_tag-bulles","12":"product_tag-comics","13":"product_tag-cool","14":"product_tag-dialogue","15":"product_tag-explosion","16":"product_tag-expression","17":"product_tag-humour","18":"product_tag-mot","19":"product_tag-motif","20":"product_tag-pop-art","21":"product_tag-texte","23":"first","24":"instock","25":"featured","26":"taxable","27":"shipping-taxable","28":"purchasable","29":"product-type-variable","30":"has-default-attributes","31":"entry","32":"content-bg","33":"loop-entry"},"taxonomy_info":{"product_brand":[{"value":1415,"label":"Mes Pochoirs"}],"product_cat":[{"value":1879,"label":"BD &amp; Comics"},{"value":571,"label":"Bulles Bande Dessin\u00e9e"}],"product_tag":[{"value":574,"label":"Bande Dessin\u00e9e"},{"value":523,"label":"BD"},{"value":240,"label":"bulles"},{"value":575,"label":"Comics"},{"value":322,"label":"cool"},{"value":576,"label":"dialogue"},{"value":572,"label":"Explosion"},{"value":491,"label":"expression"},{"value":578,"label":"humour"},{"value":577,"label":"mot"},{"value":521,"label":"motif"},{"value":333,"label":"pop art"},{"value":295,"label":"Texte"}]},"featured_image_src_large":["https:\/\/mes-pochoirs.com\/wp-content\/uploads\/2024\/03\/PAB004-FR-pochoir-Pop-Art-Bulle-Cool-copyright-mes-pochoirs-com-858x1030.jpg",858,1030,true],"author_info":[],"comment_info":0,"_links":{"self":[{"href":"https:\/\/mes-pochoirs.com\/de\/wp-json\/wp\/v2\/product\/13064","targetHints":{"allow":["GET"]}}],"collection":[{"href":"https:\/\/mes-pochoirs.com\/de\/wp-json\/wp\/v2\/product"}],"about":[{"href":"https:\/\/mes-pochoirs.com\/de\/wp-json\/wp\/v2\/types\/product"}],"replies":[{"embeddable":true,"href":"https:\/\/mes-pochoirs.com\/de\/wp-json\/wp\/v2\/comments?post=13064"}],"wp:featuredmedia":[{"embeddable":true,"href":"https:\/\/mes-pochoirs.com\/de\/wp-json\/wp\/v2\/media\/13037"}],"wp:attachment":[{"href":"https:\/\/mes-pochoirs.com\/de\/wp-json\/wp\/v2\/media?parent=13064"}],"wp:term":[{"taxonomy":"product_brand","embeddable":true,"href":"https:\/\/mes-pochoirs.com\/de\/wp-json\/wp\/v2\/product_brand?post=13064"},{"taxonomy":"product_cat","embeddable":true,"href":"https:\/\/mes-pochoirs.com\/de\/wp-json\/wp\/v2\/product_cat?post=13064"},{"taxonomy":"product_tag","embeddable":true,"href":"https:\/\/mes-pochoirs.com\/de\/wp-json\/wp\/v2\/product_tag?post=13064"}],"curies":[{"name":"wp","href":"https:\/\/api.w.org\/{rel}","templated":true}]}}