{"id":13560,"date":"2024-03-27T14:01:56","date_gmt":"2024-03-27T13:01:56","guid":{"rendered":"https:\/\/mes-pochoirs.com\/?post_type=product&#038;p=13560"},"modified":"2025-10-31T12:04:59","modified_gmt":"2025-10-31T11:04:59","slug":"schablone-frau-im-comic-stil","status":"publish","type":"product","link":"https:\/\/mes-pochoirs.com\/de\/produit\/pochoir-femme-style-bande-dessinee","title":{"rendered":"Comic-Schablone \"Frau &amp; Lippenstift\" - LRV007"},"content":{"rendered":"<h2>Schablone Frau Comic-Stil<\/h2>\n<h3>K\u00fcnstlerisches Abenteuer<\/h3>\n<p>Die Schablone Frau Comic-Stil ist Ihre Br\u00fccke zu einer Welt, in der Kunst auf Abenteuer trifft. Diese Schablone wurde speziell f\u00fcr Designer entworfen, die mit ihren Werken gerne Geschichten erz\u00e4hlen. Sie bietet eine einzigartige M\u00f6glichkeit, fesselnde weibliche Charaktere im ikonischen Comic-Stil darzustellen.<\/p>\n<p>Es ist ideal f\u00fcr vielf\u00e4ltige Projekte, von der Leinwand bis zur Stadtmauer, und erm\u00f6glicht die Erforschung von Themen, die von Heldentaten bis zum Alltag reichen, w\u00e4hrend es Ihren Kunstwerken eine starke und inspirierende erz\u00e4hlerische Dimension verleiht.<\/p>\n<h3>Erstellen Sie Ihr Comicbuch\u00a0<\/h3>\n<p>Tauchen Sie ein in die Welt unserer Kollektion \u201cLipstick Rendezvous\u201d, in der die k\u00fchne, farbenfrohe und kontrastreiche \u00c4sthetik von Vintage-Comics und -Werbung zum Leben erweckt wird. Von unserem Team aus leidenschaftlichen K\u00fcnstlern und Grafikern erdacht und gestaltet, ist jede Schablone eine Einladung, den Reichtum der Pop-Art der 60er Jahre zu erkunden und dabei Nostalgie und Modernit\u00e4t harmonisch miteinander zu verbinden. Im Mittelpunkt dieser verf\u00fchrerischen Kollektion stehen Schablonen, die den glamour\u00f6sen Moment einer Frau einfangen, die ihren Lippenstift auftr\u00e4gt - eine Szene, die ebenso zeitlos wie elegant ist. Diese Schablonen, die das ausdrucksstarke Gesicht einer Frau in Nahaufnahme zeigen, sind durchdrungen von der Energie, den leuchtenden Farben und den Kontrasten, die vom Comic-Stil von Ikonen wie Roy Lichtenstein inspiriert wurden. Jedes mit akribischer Sorgfalt gestaltete St\u00fcck ist nicht nur ein k\u00fcnstlerisches Werkzeug, sondern auch eine Inspirationsquelle, die die Grenzen Ihrer Kreativit\u00e4t erweitert und Ihre Werke mit einem Hauch von Retro-Glamour bereichert. Wenn Sie sich f\u00fcr eine Schablone aus dieser exklusiven Kollektion entscheiden, umarmen Sie ein einzigartiges St\u00fcck, das Ihre Fantasie anregt und Ihren k\u00fcnstlerischen Kreationen eine tiefe und pers\u00f6nliche Dimension verleiht.<\/p>","protected":false},"excerpt":{"rendered":"<p>Diese Schablone mit ihrem von Comics inspirierten Design ist eine Exklusivit\u00e4t, die sorgf\u00e4ltig in unserem Atelier in Frankreich hergestellt wird.<\/p>","protected":false},"featured_media":13483,"comment_status":"open","ping_status":"closed","template":"","meta":{"bwfblock_default_font":"","_kad_blocks_custom_css":"","_kad_blocks_head_custom_js":"","_kad_blocks_body_custom_js":"","_kad_blocks_footer_custom_js":"","_kadence_starter_templates_imported_post":false,"_kad_post_transparent":"default","_kad_post_title":"","_kad_post_layout":"default","_kad_post_sidebar_id":"","_kad_post_content_style":"default","_kad_post_vertical_padding":"default","_kad_post_feature":"","_kad_post_feature_position":"","_kad_post_header":false,"_kad_post_footer":false,"_kad_post_classname":""},"product_brand":[1415],"product_cat":[605,332],"product_tag":[611,610,574,523,489,492,612,589,575,613,491,608,359,607,490,609,333,390,525,606,231,338],"class_list":{"0":"post-13560","1":"product","2":"type-product","3":"status-publish","4":"has-post-thumbnail","6":"product_brand-mes-pochoirs","7":"product_cat-lipstick-rendezvous","8":"product_cat-pochoirs-pop-art","9":"product_tag-anime","10":"product_tag-annees-60","11":"product_tag-bande-dessinee","12":"product_tag-bd","13":"product_tag-close-up","14":"product_tag-collection","15":"product_tag-colore","16":"product_tag-comic-book","17":"product_tag-comics","18":"product_tag-elegance","19":"product_tag-expression","20":"product_tag-feminin","21":"product_tag-femme","22":"product_tag-glamour","23":"product_tag-gros-plan","24":"product_tag-maquillage","25":"product_tag-pop-art","26":"product_tag-portrait","27":"product_tag-retro","28":"product_tag-rouge-a-levres","29":"product_tag-vintage","30":"product_tag-visage","32":"first","33":"instock","34":"featured","35":"taxable","36":"shipping-taxable","37":"purchasable","38":"product-type-variable","39":"has-default-attributes","40":"entry","41":"content-bg","42":"loop-entry"},"taxonomy_info":{"product_brand":[{"value":1415,"label":"Mes Pochoirs"}],"product_cat":[{"value":605,"label":"Lipstick Rendezvous"},{"value":332,"label":"Pop Art"}],"product_tag":[{"value":611,"label":"anim\u00e9"},{"value":610,"label":"ann\u00e9es 60"},{"value":574,"label":"Bande Dessin\u00e9e"},{"value":523,"label":"BD"},{"value":489,"label":"Close-Up"},{"value":492,"label":"collection"},{"value":612,"label":"color\u00e9"},{"value":589,"label":"comic book"},{"value":575,"label":"Comics"},{"value":613,"label":"\u00e9l\u00e9gance"},{"value":491,"label":"expression"},{"value":608,"label":"feminin"},{"value":359,"label":"femme"},{"value":607,"label":"glamour"},{"value":490,"label":"Gros plan"},{"value":609,"label":"maquillage"},{"value":333,"label":"pop art"},{"value":390,"label":"portrait"},{"value":525,"label":"r\u00e9tro"},{"value":606,"label":"rouge \u00e0 l\u00e8vres"},{"value":231,"label":"vintage"},{"value":338,"label":"visage"}]},"featured_image_src_large":["https:\/\/mes-pochoirs.com\/wp-content\/uploads\/2024\/03\/pochoir-LRV007-collection-Lipstick-Rendezvous-mes-pochoirs-com--858x1030.jpg",858,1030,true],"author_info":[],"comment_info":0,"_links":{"self":[{"href":"https:\/\/mes-pochoirs.com\/de\/wp-json\/wp\/v2\/product\/13560","targetHints":{"allow":["GET"]}}],"collection":[{"href":"https:\/\/mes-pochoirs.com\/de\/wp-json\/wp\/v2\/product"}],"about":[{"href":"https:\/\/mes-pochoirs.com\/de\/wp-json\/wp\/v2\/types\/product"}],"replies":[{"embeddable":true,"href":"https:\/\/mes-pochoirs.com\/de\/wp-json\/wp\/v2\/comments?post=13560"}],"wp:featuredmedia":[{"embeddable":true,"href":"https:\/\/mes-pochoirs.com\/de\/wp-json\/wp\/v2\/media\/13483"}],"wp:attachment":[{"href":"https:\/\/mes-pochoirs.com\/de\/wp-json\/wp\/v2\/media?parent=13560"}],"wp:term":[{"taxonomy":"product_brand","embeddable":true,"href":"https:\/\/mes-pochoirs.com\/de\/wp-json\/wp\/v2\/product_brand?post=13560"},{"taxonomy":"product_cat","embeddable":true,"href":"https:\/\/mes-pochoirs.com\/de\/wp-json\/wp\/v2\/product_cat?post=13560"},{"taxonomy":"product_tag","embeddable":true,"href":"https:\/\/mes-pochoirs.com\/de\/wp-json\/wp\/v2\/product_tag?post=13560"}],"curies":[{"name":"wp","href":"https:\/\/api.w.org\/{rel}","templated":true}]}}