{"id":14044,"date":"2024-05-03T12:48:04","date_gmt":"2024-05-03T10:48:04","guid":{"rendered":"https:\/\/mes-pochoirs.com\/?post_type=product&#038;p=14044"},"modified":"2025-10-31T12:05:39","modified_gmt":"2025-10-31T11:05:39","slug":"schablone-strand-urlaubsidyll-pl0002","status":"publish","type":"product","link":"https:\/\/mes-pochoirs.com\/de\/produit\/pochoir-plage-vacances-idylliques-pl0002","title":{"rendered":"Schablone Palmenstrand - PL0002"},"content":{"rendered":"<h2>Schablone Strand idyllischer Urlaub<\/h2>\n<h3>Schaffen Sie unvergessliche Estivalsouvenirs<\/h3>\n<p>Plongez dans l&#8217;ambiance estivale avec notre pochoir plage vacances idylliques. Ce pochoir captivant vous transporte instantan\u00e9ment vers des rivages ensoleill\u00e9s \u00e9voquant des souvenirs de vacances inoubliables. Parfait pour ajouter une touche de d\u00e9tente et de s\u00e9r\u00e9nit\u00e9 \u00e0 vos cr\u00e9ations artistiques, ce pochoir vous permet de cr\u00e9er des sc\u00e8nes de plage \u00e0 couper le souffle sur divers supports. Laissez-vous inspirer par l&#8217;\u00e9clat du soleil, la tranquillit\u00e9 des lieux pour donner vie \u00e0 vos \u0153uvres d&#8217;art et \u00e0 vos projets d\u00e9coratifs. Id\u00e9al pour les amoureux de l&#8217;\u00e9t\u00e9 et les passionn\u00e9s de voyages, ce pochoir vous transporte vers des vacances inoubliables.<\/p>","protected":false},"excerpt":{"rendered":"<p><span style=\"color: #34568b;\"><strong>\"Sommererinnerung auf Leinwand\"<\/strong><\/span><\/p>\n<p>Diese Schablone ist eine Exklusivit\u00e4t, die in unserem Atelier in Frankreich hergestellt wird.<br \/>\nW\u00e4hlen Sie aus den angebotenen Optionen die gew\u00fcnschte Gr\u00f6\u00dfe aus.<\/p>","protected":false},"featured_media":13997,"comment_status":"open","ping_status":"closed","template":"","meta":{"bwfblock_default_font":"","_kad_blocks_custom_css":"","_kad_blocks_head_custom_js":"","_kad_blocks_body_custom_js":"","_kad_blocks_footer_custom_js":"","_kadence_starter_templates_imported_post":false,"_kad_post_transparent":"default","_kad_post_title":"","_kad_post_layout":"default","_kad_post_sidebar_id":"","_kad_post_content_style":"default","_kad_post_vertical_padding":"default","_kad_post_feature":"","_kad_post_feature_position":"","_kad_post_header":false,"_kad_post_footer":false,"_kad_post_classname":""},"product_brand":[1415],"product_cat":[940,618],"product_tag":[621,627,625,623,622,629,630,619,624,309,626,631,628,373,632],"class_list":{"0":"post-14044","1":"product","2":"type-product","3":"status-publish","4":"has-post-thumbnail","6":"product_brand-mes-pochoirs","7":"product_cat-paysages-plages","8":"product_cat-pochoirs-paysages","9":"product_tag-ete","10":"product_tag-exotisme","11":"product_tag-horizon","12":"product_tag-ile","13":"product_tag-littoral","14":"product_tag-mer","15":"product_tag-ocean","16":"product_tag-palmiers","17":"product_tag-paradisiaque","18":"product_tag-paysage","19":"product_tag-plage","20":"product_tag-sable","21":"product_tag-soleil","22":"product_tag-tropical","23":"product_tag-vacances","25":"first","26":"instock","27":"featured","28":"taxable","29":"shipping-taxable","30":"purchasable","31":"product-type-variable","32":"has-default-attributes","33":"entry","34":"content-bg","35":"loop-entry"},"taxonomy_info":{"product_brand":[{"value":1415,"label":"Mes Pochoirs"}],"product_cat":[{"value":940,"label":"Paysages Plages"},{"value":618,"label":"Paysages"}],"product_tag":[{"value":621,"label":"\u00e9t\u00e9"},{"value":627,"label":"exotisme"},{"value":625,"label":"horizon"},{"value":623,"label":"\u00eele"},{"value":622,"label":"littoral"},{"value":629,"label":"mer"},{"value":630,"label":"oc\u00e9an"},{"value":619,"label":"palmiers"},{"value":624,"label":"paradisiaque"},{"value":309,"label":"paysage"},{"value":626,"label":"plage"},{"value":631,"label":"sable"},{"value":628,"label":"soleil"},{"value":373,"label":"tropical"},{"value":632,"label":"vacances"}]},"featured_image_src_large":["https:\/\/mes-pochoirs.com\/wp-content\/uploads\/2024\/05\/PL0002-FR-pochoir-paysage-plage-1-1-mes-pochoirs-com--858x1030.jpg",858,1030,true],"author_info":[],"comment_info":0,"_links":{"self":[{"href":"https:\/\/mes-pochoirs.com\/de\/wp-json\/wp\/v2\/product\/14044","targetHints":{"allow":["GET"]}}],"collection":[{"href":"https:\/\/mes-pochoirs.com\/de\/wp-json\/wp\/v2\/product"}],"about":[{"href":"https:\/\/mes-pochoirs.com\/de\/wp-json\/wp\/v2\/types\/product"}],"replies":[{"embeddable":true,"href":"https:\/\/mes-pochoirs.com\/de\/wp-json\/wp\/v2\/comments?post=14044"}],"wp:featuredmedia":[{"embeddable":true,"href":"https:\/\/mes-pochoirs.com\/de\/wp-json\/wp\/v2\/media\/13997"}],"wp:attachment":[{"href":"https:\/\/mes-pochoirs.com\/de\/wp-json\/wp\/v2\/media?parent=14044"}],"wp:term":[{"taxonomy":"product_brand","embeddable":true,"href":"https:\/\/mes-pochoirs.com\/de\/wp-json\/wp\/v2\/product_brand?post=14044"},{"taxonomy":"product_cat","embeddable":true,"href":"https:\/\/mes-pochoirs.com\/de\/wp-json\/wp\/v2\/product_cat?post=14044"},{"taxonomy":"product_tag","embeddable":true,"href":"https:\/\/mes-pochoirs.com\/de\/wp-json\/wp\/v2\/product_tag?post=14044"}],"curies":[{"name":"wp","href":"https:\/\/api.w.org\/{rel}","templated":true}]}}