{"id":14874,"date":"2024-06-27T11:56:35","date_gmt":"2024-06-27T09:56:35","guid":{"rendered":"https:\/\/mes-pochoirs.com\/?post_type=product&#038;p=14874"},"modified":"2025-10-31T12:06:57","modified_gmt":"2025-10-31T11:06:57","slug":"schablone-rosenblute","status":"publish","type":"product","link":"https:\/\/mes-pochoirs.com\/de\/produit\/pochoir-fleur-de-rosier","title":{"rendered":"Schablone Bet\u00f6rende Rose - RM011"},"content":{"rendered":"<h2>Bet\u00f6rende Rose<\/h2>\n<h3>Bringen Sie die duftende Sch\u00f6nheit der Rosen in Ihre Projekte ein<\/h3>\n<p>D\u00e9couvrez le Pochoir Fleur de Rosier de notre collection &#8220;Rose Melody&#8221;, con\u00e7u pour les artistes et cr\u00e9ateurs souhaitant int\u00e9grer des motifs floraux \u00e9l\u00e9gants et d\u00e9taill\u00e9s dans leurs projets. Ce pochoir est parfait pour ceux qui travaillent dans des styles de peinture contemporains, street art, ou d\u00e9coration int\u00e9rieure, offrant une polyvalence exceptionnelle pour diverses applications artistiques. Les motifs floraux, en particulier ceux de la rose, apportent une touche intemporelle et raffin\u00e9e \u00e0 toutes les cr\u00e9ations artistiques. Utilis\u00e9 dans le street art, le pochoir fleur de rosier permet de juxtaposer la douceur de la nature avec la duret\u00e9 de l&#8217;environnement urbain, cr\u00e9ant des \u0153uvres vibrantes et pleines de contrastes. Les artistes contemporains trouvent \u00e9galement dans ce pochoir une mani\u00e8re d&#8217;ajouter des \u00e9l\u00e9ments organiques et stylis\u00e9s \u00e0 leurs toiles, cr\u00e9ant ainsi des compositions modernes et innovantes. En d\u00e9coration int\u00e9rieure, les motifs de roses peuvent transformer un espace, ajoutant une dimension de beaut\u00e9 naturelle et de sophistication. Le Pochoir Fleur de Rosier est con\u00e7u pour \u00eatre un outil polyvalent, r\u00e9utilisable, et capable de s&#8217;adapter \u00e0 une multitude de techniques de peinture. Que vous utilisiez de la peinture acrylique pour des d\u00e9tails nets et pr\u00e9cis, des bombes de peinture pour des effets de street art audacieux, ou de la peinture \u00e0 l&#8217;huile pour des textures riches et profondes, ce pochoir vous permet d&#8217;explorer une vaste gamme de possibilit\u00e9s cr\u00e9atives. Chaque utilisation du pochoir apporte une nouvelle couche de profondeur et d&#8217;\u00e9l\u00e9gance \u00e0 vos \u0153uvres, faisant de ce motif floral un \u00e9l\u00e9ment central de votre expression artistique.<\/p>","protected":false},"excerpt":{"rendered":"<p><span style=\"color: #34568b;\"><strong>\"Erwecke das bet\u00f6rende Parfum in deinen Sch\u00f6pfungen\"<\/strong><\/span><\/p>\n<p>Diese Schablone ist eine Exklusivit\u00e4t, die sorgf\u00e4ltig in unserem Atelier in Frankreich hergestellt wird.<br \/>\nW\u00e4hlen Sie die gew\u00fcnschte Gr\u00f6\u00dfe aus den unten angebotenen Optionen.<\/p>","protected":false},"featured_media":14705,"comment_status":"open","ping_status":"closed","template":"","meta":{"bwfblock_default_font":"","_kad_blocks_custom_css":"","_kad_blocks_head_custom_js":"","_kad_blocks_body_custom_js":"","_kad_blocks_footer_custom_js":"","_kadence_starter_templates_imported_post":false,"_kad_post_transparent":"default","_kad_post_title":"","_kad_post_layout":"default","_kad_post_sidebar_id":"","_kad_post_content_style":"default","_kad_post_vertical_padding":"default","_kad_post_feature":"","_kad_post_feature_position":"","_kad_post_header":false,"_kad_post_footer":false,"_kad_post_classname":""},"product_brand":[1415],"product_cat":[644,51,1138],"product_tag":[50,416,648,370,645,649,647,646],"class_list":{"0":"post-14874","1":"product","2":"type-product","3":"status-publish","4":"has-post-thumbnail","6":"product_brand-mes-pochoirs","7":"product_cat-rose-melody","8":"product_cat-pochoirs-fleurs","9":"product_cat-pochoirs-saint-valentin","10":"product_tag-fleur","11":"product_tag-fleurs","12":"product_tag-floral","13":"product_tag-nature","14":"product_tag-rose","15":"product_tag-roses","16":"product_tag-rosier","17":"product_tag-tige","19":"first","20":"instock","21":"taxable","22":"shipping-taxable","23":"purchasable","24":"product-type-variable","25":"entry","26":"content-bg","27":"loop-entry"},"taxonomy_info":{"product_brand":[{"value":1415,"label":"Mes Pochoirs"}],"product_cat":[{"value":644,"label":"Rose Melody"},{"value":51,"label":"Fleurs"},{"value":1138,"label":"Saint-Valentin"}],"product_tag":[{"value":50,"label":"fleur"},{"value":416,"label":"fleurs"},{"value":648,"label":"floral"},{"value":370,"label":"nature"},{"value":645,"label":"rose"},{"value":649,"label":"roses"},{"value":647,"label":"rosier"},{"value":646,"label":"tige"}]},"featured_image_src_large":["https:\/\/mes-pochoirs.com\/wp-content\/uploads\/2024\/06\/RM011-FR-pochoir-Rose-melody-collection-4-5-mes-pochoirs-com--858x1030.jpg",858,1030,true],"author_info":[],"comment_info":1,"_links":{"self":[{"href":"https:\/\/mes-pochoirs.com\/de\/wp-json\/wp\/v2\/product\/14874","targetHints":{"allow":["GET"]}}],"collection":[{"href":"https:\/\/mes-pochoirs.com\/de\/wp-json\/wp\/v2\/product"}],"about":[{"href":"https:\/\/mes-pochoirs.com\/de\/wp-json\/wp\/v2\/types\/product"}],"replies":[{"embeddable":true,"href":"https:\/\/mes-pochoirs.com\/de\/wp-json\/wp\/v2\/comments?post=14874"}],"wp:featuredmedia":[{"embeddable":true,"href":"https:\/\/mes-pochoirs.com\/de\/wp-json\/wp\/v2\/media\/14705"}],"wp:attachment":[{"href":"https:\/\/mes-pochoirs.com\/de\/wp-json\/wp\/v2\/media?parent=14874"}],"wp:term":[{"taxonomy":"product_brand","embeddable":true,"href":"https:\/\/mes-pochoirs.com\/de\/wp-json\/wp\/v2\/product_brand?post=14874"},{"taxonomy":"product_cat","embeddable":true,"href":"https:\/\/mes-pochoirs.com\/de\/wp-json\/wp\/v2\/product_cat?post=14874"},{"taxonomy":"product_tag","embeddable":true,"href":"https:\/\/mes-pochoirs.com\/de\/wp-json\/wp\/v2\/product_tag?post=14874"}],"curies":[{"name":"wp","href":"https:\/\/api.w.org\/{rel}","templated":true}]}}