{"id":149,"date":"2021-04-30T08:59:45","date_gmt":"2021-04-30T08:59:45","guid":{"rendered":"https:\/\/mes-pochoirs.com\/?post_type=product&#038;p=149"},"modified":"2025-10-31T11:40:29","modified_gmt":"2025-10-31T10:40:29","slug":"schablone-blume-f0002","status":"publish","type":"product","link":"https:\/\/mes-pochoirs.com\/de\/produit\/pochoir-fleur-f0002","title":{"rendered":"Schablone Blume - F0002"},"content":{"rendered":"<h2>Schablone Blume<\/h2>\n<h3>Eine Blume, die unter Ihren Pinseln erbl\u00fcht<\/h3>\n<p><strong>Schablone Blume<\/strong> In der Mitte dieses strahlenden Musters entfaltet sich eine stilisierte Blume, die majest\u00e4tisch und poetisch wirkt. Ihre \u00fcbereinander liegenden Bl\u00fctenbl\u00e4tter erinnern an eine sich ausbreitende Bl\u00fcte, w\u00e4hrend zarte Tr\u00f6pfchen die organische Bewegung der Komposition unterstreichen. Diese Schablone dr\u00fcckt die Sch\u00f6nheit der Natur und den Lebensimpuls aus und l\u00e4dt zu einer freien, flie\u00dfenden und leuchtenden Gestaltung ein. Sie eignet sich perfekt, um Ihrer Wohndekoration einen einzigartigen floralen Touch zu verleihen und jedes Projekt in ein visuelles Bouquet zu verwandeln. Es ist ein Werkzeug des Ausdrucks und der Inspiration, eine echte Einladung, Ihre Ideen auf einer Leinwand, einem M\u00f6belst\u00fcck oder einer Wand erbl\u00fchen zu lassen. Mit wenigen Handgriffen verwandelt es eine neutrale Oberfl\u00e4che in eine lebendige und ausdrucksstarke Wanddekoration, die Frische, Sanftheit und Harmonie verleiht. Dieses Blumenmotiv wird zu einem Katalysator der Kreativit\u00e4t, ideal f\u00fcr leidenschaftliche Maler, K\u00fcnstler, Dekorateure oder DIY-Fans, die einf\u00fchlsame, elegante und individuelle Werke schaffen m\u00f6chten.<\/p>\n<h3>Ein nat\u00fcrlicher und zugleich k\u00fcnstlerischer Stil<\/h3>\n<p><strong>Schablone Blume<\/strong> Dieses Motiv, das in einem stilisierten Blumenregister verankert ist, verbindet dekorative Tradition mit grafischer Modernit\u00e4t. Es ist inspiriert von pflanzlichen Rosetten, nat\u00fcrlichen Mandalas und floralen Ornamenten, beh\u00e4lt aber dennoch eine klare visuelle Lesart bei. Seine ausgewogene Symmetrie sorgt f\u00fcr zeitlose Eleganz, w\u00e4hrend seine tropfenf\u00f6rmigen Linien eine flie\u00dfende, zeitgem\u00e4\u00dfe Bewegung zeichnen. Es ist ideal, um Ihre k\u00fcnstlerischen Kreationen zu bereichern oder Ihre <strong>Wanddekoration<\/strong> mit Finesse und Pers\u00f6nlichkeit. Diese Schablone f\u00fcgt sich anmutig in eine Vielzahl von Dekorationswelten ein: Zen-, Boh\u00e8me-, Romantik- oder Grafik-Ambiente. Dieser hybride Stil spricht sowohl Liebhaber von Innendekorationen als auch K\u00fcnstler an, die auf der Suche nach subtilen und zugleich kraftvollen Motiven sind. Wiederverwendbar, beidseitig verwendbar, in verschiedenen Gr\u00f6\u00dfen erh\u00e4ltlich und pr\u00e4zise zugeschnitten, wird diese hochwertige Schablone zu einem treuen Begleiter bei all Ihren kreativen Erkundungen. Sie veredelt jeden Raum, jedes Kunstwerk mit einer originellen und zart ausdrucksstarken floralen Signatur.<\/p>","protected":false},"excerpt":{"rendered":"<p><strong data-start=\"1705\" data-end=\"1722\">Schablone Blume<\/strong> um Ihr Kunstwerk oder Ihre Wand mit Finesse zu versch\u00f6nern. Hohe Qualit\u00e4t, in verschiedenen Gr\u00f6\u00dfen erh\u00e4ltlich, wiederverwendbar und k\u00fcnstlerisch.<\/p>","protected":false},"featured_media":159,"comment_status":"open","ping_status":"closed","template":"","meta":{"bwfblock_default_font":"","_kad_blocks_custom_css":"","_kad_blocks_head_custom_js":"","_kad_blocks_body_custom_js":"","_kad_blocks_footer_custom_js":"","_kadence_starter_templates_imported_post":false,"_kad_post_transparent":"default","_kad_post_title":"","_kad_post_layout":"default","_kad_post_sidebar_id":"","_kad_post_content_style":"default","_kad_post_vertical_padding":"default","_kad_post_feature":"","_kad_post_feature_position":"","_kad_post_header":false,"_kad_post_footer":false,"_kad_post_classname":""},"product_brand":[1415],"product_cat":[51],"product_tag":[1364,567,227,50,1360,1363,1361,763,1362,955,1337,1256],"class_list":{"0":"post-149","1":"product","2":"type-product","3":"status-publish","4":"has-post-thumbnail","6":"product_brand-mes-pochoirs","7":"product_cat-pochoirs-fleurs","8":"product_tag-boheme","9":"product_tag-decoration","10":"product_tag-faience","11":"product_tag-fleur","12":"product_tag-maison","13":"product_tag-mandalas-naturels","14":"product_tag-modernite","15":"product_tag-romantique","16":"product_tag-rosaces","17":"product_tag-tradition","18":"product_tag-vegetal","19":"product_tag-zen","21":"first","22":"instock","23":"taxable","24":"shipping-taxable","25":"purchasable","26":"product-type-variable","27":"has-default-attributes","28":"entry","29":"content-bg","30":"loop-entry"},"taxonomy_info":{"product_brand":[{"value":1415,"label":"Mes Pochoirs"}],"product_cat":[{"value":51,"label":"Fleurs"}],"product_tag":[{"value":1364,"label":"boh\u00e8me"},{"value":567,"label":"decoration"},{"value":227,"label":"fa\u00efence"},{"value":50,"label":"fleur"},{"value":1360,"label":"maison"},{"value":1363,"label":"mandalas naturels"},{"value":1361,"label":"modernit\u00e9"},{"value":763,"label":"romantique"},{"value":1362,"label":"rosaces"},{"value":955,"label":"tradition"},{"value":1337,"label":"v\u00e9g\u00e9tal"},{"value":1256,"label":"zen"}]},"featured_image_src_large":["https:\/\/mes-pochoirs.com\/wp-content\/uploads\/2021\/04\/F0002-mes-pochoirs-com-858x1030.jpg",858,1030,true],"author_info":[],"comment_info":0,"_links":{"self":[{"href":"https:\/\/mes-pochoirs.com\/de\/wp-json\/wp\/v2\/product\/149","targetHints":{"allow":["GET"]}}],"collection":[{"href":"https:\/\/mes-pochoirs.com\/de\/wp-json\/wp\/v2\/product"}],"about":[{"href":"https:\/\/mes-pochoirs.com\/de\/wp-json\/wp\/v2\/types\/product"}],"replies":[{"embeddable":true,"href":"https:\/\/mes-pochoirs.com\/de\/wp-json\/wp\/v2\/comments?post=149"}],"wp:featuredmedia":[{"embeddable":true,"href":"https:\/\/mes-pochoirs.com\/de\/wp-json\/wp\/v2\/media\/159"}],"wp:attachment":[{"href":"https:\/\/mes-pochoirs.com\/de\/wp-json\/wp\/v2\/media?parent=149"}],"wp:term":[{"taxonomy":"product_brand","embeddable":true,"href":"https:\/\/mes-pochoirs.com\/de\/wp-json\/wp\/v2\/product_brand?post=149"},{"taxonomy":"product_cat","embeddable":true,"href":"https:\/\/mes-pochoirs.com\/de\/wp-json\/wp\/v2\/product_cat?post=149"},{"taxonomy":"product_tag","embeddable":true,"href":"https:\/\/mes-pochoirs.com\/de\/wp-json\/wp\/v2\/product_tag?post=149"}],"curies":[{"name":"wp","href":"https:\/\/api.w.org\/{rel}","templated":true}]}}