{"id":14986,"date":"2024-07-04T22:45:14","date_gmt":"2024-07-04T20:45:14","guid":{"rendered":"https:\/\/mes-pochoirs.com\/?post_type=product&#038;p=14986"},"modified":"2025-10-31T12:07:08","modified_gmt":"2025-10-31T11:07:08","slug":"schablone-acrylfarbe","status":"publish","type":"product","link":"https:\/\/mes-pochoirs.com\/de\/produit\/pochoir-peinture-acrylique","title":{"rendered":"Comic-Schablone \"Frau &amp; Lippenstift\" - LRV014"},"content":{"rendered":"<h2>Schablone Acrylmalerei<\/h2>\n<h3>Ein unnachahmlicher, glamour\u00f6ser Stil, inspiriert von Comicb\u00fcchern<\/h3>\n<p>Plongez dans l&#8217;univers glamour du Pop Art avec notre pochoir issu de la collection &#8220;Lipstick Rendezvous&#8221;. Ce pochoir repr\u00e9sente le portrait rapproch\u00e9 d&#8217;une femme chic appliquant du rouge \u00e0 l\u00e8vres, capturant parfaitement l&#8217;essence du style BD et pop art inspir\u00e9 des comic books. Imaginez les \u0153uvres d&#8217;art que vous pouvez cr\u00e9er en vous inspirant de Roy Lichtenstein et des bandes dessin\u00e9es des ann\u00e9es 60 avec une touche r\u00e9tro et vintage. Chaque mod\u00e8le est unique et exclusif \u00e0 notre boutique, imagin\u00e9 et cr\u00e9\u00e9 par notre \u00e9quipe talentueuse pour offrir un style pop art inimitable. Ce pochoir est id\u00e9al pour les artistes souhaitant ajouter une touche de glamour et de sophistication \u00e0 leurs \u0153uvres. Avec ce pochoir, vos cr\u00e9ations de peinture prennent vie, vous permettant de r\u00e9aliser des \u0153uvres captivantes et uniques. Gr\u00e2ce \u00e0 sa conception r\u00e9utilisable, vous pouvez l&#8217;utiliser \u00e0 plusieurs reprises sans perte de qualit\u00e9. Les d\u00e9tails minutieux et le design inspir\u00e9 des comics font de ce pochoir un outil indispensable pour les amateurs de BD et de Pop Art. Apportez une ambiance r\u00e9tro et vintage \u00e0 vos projets artistiques avec ce pochoir qui fusionne \u00e9l\u00e9gance et audace. Utilisable sur divers supports, ce pochoir offre une polyvalence qui stimule la cr\u00e9ativit\u00e9. Que vous soyez un artiste professionnel ou un amateur passionn\u00e9, ce pochoir vous aidera \u00e0 r\u00e9aliser des \u0153uvres remarquables qui captivent et inspirent.<\/p>","protected":false},"excerpt":{"rendered":"<p>Diese Schablone mit ihrem von Comics inspirierten Design ist eine Exklusivit\u00e4t, die in unserem Atelier in Frankreich sorgf\u00e4ltig hergestellt wird.<\/p>","protected":false},"featured_media":13490,"comment_status":"open","ping_status":"closed","template":"","meta":{"bwfblock_default_font":"","_kad_blocks_custom_css":"","_kad_blocks_head_custom_js":"","_kad_blocks_body_custom_js":"","_kad_blocks_footer_custom_js":"","_kadence_starter_templates_imported_post":false,"_kad_post_transparent":"default","_kad_post_title":"","_kad_post_layout":"default","_kad_post_sidebar_id":"","_kad_post_content_style":"default","_kad_post_vertical_padding":"default","_kad_post_feature":"","_kad_post_feature_position":"","_kad_post_header":false,"_kad_post_footer":false,"_kad_post_classname":""},"product_brand":[1415],"product_cat":[605,332],"product_tag":[611,610,574,523,489,492,612,589,575,613,491,608,359,607,490,609,333,390,525,606,231,338],"class_list":{"0":"post-14986","1":"product","2":"type-product","3":"status-publish","4":"has-post-thumbnail","6":"product_brand-mes-pochoirs","7":"product_cat-lipstick-rendezvous","8":"product_cat-pochoirs-pop-art","9":"product_tag-anime","10":"product_tag-annees-60","11":"product_tag-bande-dessinee","12":"product_tag-bd","13":"product_tag-close-up","14":"product_tag-collection","15":"product_tag-colore","16":"product_tag-comic-book","17":"product_tag-comics","18":"product_tag-elegance","19":"product_tag-expression","20":"product_tag-feminin","21":"product_tag-femme","22":"product_tag-glamour","23":"product_tag-gros-plan","24":"product_tag-maquillage","25":"product_tag-pop-art","26":"product_tag-portrait","27":"product_tag-retro","28":"product_tag-rouge-a-levres","29":"product_tag-vintage","30":"product_tag-visage","32":"first","33":"instock","34":"featured","35":"taxable","36":"shipping-taxable","37":"purchasable","38":"product-type-variable","39":"has-default-attributes","40":"entry","41":"content-bg","42":"loop-entry"},"taxonomy_info":{"product_brand":[{"value":1415,"label":"Mes Pochoirs"}],"product_cat":[{"value":605,"label":"Lipstick Rendezvous"},{"value":332,"label":"Pop Art"}],"product_tag":[{"value":611,"label":"anim\u00e9"},{"value":610,"label":"ann\u00e9es 60"},{"value":574,"label":"Bande Dessin\u00e9e"},{"value":523,"label":"BD"},{"value":489,"label":"Close-Up"},{"value":492,"label":"collection"},{"value":612,"label":"color\u00e9"},{"value":589,"label":"comic book"},{"value":575,"label":"Comics"},{"value":613,"label":"\u00e9l\u00e9gance"},{"value":491,"label":"expression"},{"value":608,"label":"feminin"},{"value":359,"label":"femme"},{"value":607,"label":"glamour"},{"value":490,"label":"Gros plan"},{"value":609,"label":"maquillage"},{"value":333,"label":"pop art"},{"value":390,"label":"portrait"},{"value":525,"label":"r\u00e9tro"},{"value":606,"label":"rouge \u00e0 l\u00e8vres"},{"value":231,"label":"vintage"},{"value":338,"label":"visage"}]},"featured_image_src_large":["https:\/\/mes-pochoirs.com\/wp-content\/uploads\/2024\/03\/pochoir-LRV014-collection-Lipstick-Rendezvous-mes-pochoirs-com--858x1030.jpg",858,1030,true],"author_info":[],"comment_info":0,"_links":{"self":[{"href":"https:\/\/mes-pochoirs.com\/de\/wp-json\/wp\/v2\/product\/14986","targetHints":{"allow":["GET"]}}],"collection":[{"href":"https:\/\/mes-pochoirs.com\/de\/wp-json\/wp\/v2\/product"}],"about":[{"href":"https:\/\/mes-pochoirs.com\/de\/wp-json\/wp\/v2\/types\/product"}],"replies":[{"embeddable":true,"href":"https:\/\/mes-pochoirs.com\/de\/wp-json\/wp\/v2\/comments?post=14986"}],"wp:featuredmedia":[{"embeddable":true,"href":"https:\/\/mes-pochoirs.com\/de\/wp-json\/wp\/v2\/media\/13490"}],"wp:attachment":[{"href":"https:\/\/mes-pochoirs.com\/de\/wp-json\/wp\/v2\/media?parent=14986"}],"wp:term":[{"taxonomy":"product_brand","embeddable":true,"href":"https:\/\/mes-pochoirs.com\/de\/wp-json\/wp\/v2\/product_brand?post=14986"},{"taxonomy":"product_cat","embeddable":true,"href":"https:\/\/mes-pochoirs.com\/de\/wp-json\/wp\/v2\/product_cat?post=14986"},{"taxonomy":"product_tag","embeddable":true,"href":"https:\/\/mes-pochoirs.com\/de\/wp-json\/wp\/v2\/product_tag?post=14986"}],"curies":[{"name":"wp","href":"https:\/\/api.w.org\/{rel}","templated":true}]}}