{"id":15136,"date":"2024-07-17T11:06:07","date_gmt":"2024-07-17T09:06:07","guid":{"rendered":"https:\/\/mes-pochoirs.com\/?post_type=product&#038;p=15136"},"modified":"2025-10-31T12:07:22","modified_gmt":"2025-10-31T11:07:22","slug":"schablone-lowenkopf-a0014","status":"publish","type":"product","link":"https:\/\/mes-pochoirs.com\/de\/produit\/pochoir-tete-de-lion-a0014","title":{"rendered":"Schablone L\u00f6wenkopf - A0014"},"content":{"rendered":"<h2>Schablone L\u00f6wenkopf<\/h2>\n<h3>Ein Symbol f\u00fcr Macht und Eleganz<\/h3>\n<p>Die Schablone L\u00f6wenkopf ist eine au\u00dfergew\u00f6hnliche Kreation, die den Kopf dieses emblematischen Tieres fein und majest\u00e4tisch darstellt. Diese Schablone, die zu unserer Kategorie \"Tiere\" geh\u00f6rt, zeichnet sich durch ihr einzigartiges und exklusives Design aus, das von unserem Team erdacht und entworfen wurde. Der L\u00f6we, ein Symbol f\u00fcr Macht, Mut und Adel, ist in dieser Schablone wundersch\u00f6n eingefangen und bietet eine naturgetreue und k\u00fcnstlerische Darstellung dieses k\u00f6niglichen Tieres. Wenn Sie diese Schablone verwenden, k\u00f6nnen Sie Ihren Kunstwerken oder der Dekoration verschiedener Medien einen Hauch von Gr\u00f6\u00dfe und Eleganz verleihen. Egal, ob Sie ein K\u00fcnstler sind, der seine Kreationen bereichern m\u00f6chte, oder jemand, der seinen Raum mit einem Hauch von Wildnis dekorieren m\u00f6chte, diese L\u00f6wenkopf-Schablone wird Ihre Erwartungen perfekt erf\u00fcllen.<\/p>\n<h3>Ein vielseitiges Design f\u00fcr alle Ihre Kreationen<\/h3>\n<p>Die L\u00f6wenkopf-Schablone wurde speziell entwickelt, um sich harmonisch in eine Vielzahl von Kunststilen einzuf\u00fcgen. Ob Sie nun realistische, abstrakte oder zeitgen\u00f6ssische Kunstwerke bevorzugen, diese Schablone passt sich jeder Inspiration an. Ihre Pr\u00e4zision und ihre makellosen Details machen sie zu einem wertvollen Werkzeug f\u00fcr K\u00fcnstler, die ihren Werken einen Hauch von Raffinesse und Charakter verleihen m\u00f6chten. Verwenden Sie sie, um beeindruckende Wandmalereien, fesselnde Leinwandbilder oder sogar M\u00f6bel und Textilien individuell zu gestalten. Die L\u00f6wenkopf-Schablone bietet unendliche kreative Freiheit, mit der Sie allt\u00e4gliche Gegenst\u00e4nde in echte Kunstwerke verwandeln k\u00f6nnen. Dank ihres sorgf\u00e4ltigen Designs garantiert jede Verwendung dieser Schablone ein professionelles und \u00e4sthetisch ansprechendes Ergebnis, das zur Einzigartigkeit und visuellen Attraktivit\u00e4t Ihrer Kreationen beitr\u00e4gt.<\/p>","protected":false},"excerpt":{"rendered":"<p>L\u00f6wenkopf-Schablone, die sich perfekt f\u00fcr Ihre k\u00fcnstlerischen Kreationen eignet. Verleihen Sie Ihren Projekten mit diesem einzigartigen Design einen Hauch von Erhabenheit und Eleganz.<\/p>","protected":false},"featured_media":15047,"comment_status":"open","ping_status":"closed","template":"","meta":{"bwfblock_default_font":"","_kad_blocks_custom_css":"","_kad_blocks_head_custom_js":"","_kad_blocks_body_custom_js":"","_kad_blocks_footer_custom_js":"","_kadence_starter_templates_imported_post":false,"_kad_post_transparent":"default","_kad_post_title":"","_kad_post_layout":"default","_kad_post_sidebar_id":"","_kad_post_content_style":"default","_kad_post_vertical_padding":"default","_kad_post_feature":"","_kad_post_feature_position":"","_kad_post_header":false,"_kad_post_footer":false,"_kad_post_classname":""},"product_brand":[1415],"product_cat":[364],"product_tag":[367,366,667,370,452,457,500],"class_list":{"0":"post-15136","1":"product","2":"type-product","3":"status-publish","4":"has-post-thumbnail","6":"product_brand-mes-pochoirs","7":"product_cat-pochoirs-animaux","8":"product_tag-animal","9":"product_tag-animaux","10":"product_tag-lion","11":"product_tag-nature","12":"product_tag-sauvage","13":"product_tag-savane","14":"product_tag-tete","16":"first","17":"instock","18":"taxable","19":"shipping-taxable","20":"purchasable","21":"product-type-variable","22":"has-default-attributes","23":"entry","24":"content-bg","25":"loop-entry"},"taxonomy_info":{"product_brand":[{"value":1415,"label":"Mes Pochoirs"}],"product_cat":[{"value":364,"label":"Animaux"}],"product_tag":[{"value":367,"label":"animal"},{"value":366,"label":"animaux"},{"value":667,"label":"lion"},{"value":370,"label":"nature"},{"value":452,"label":"sauvage"},{"value":457,"label":"savane"},{"value":500,"label":"t\u00eate"}]},"featured_image_src_large":["https:\/\/mes-pochoirs.com\/wp-content\/uploads\/2024\/07\/A0014-FR-pochoir-Animaux-tete-lion-1-1-copyright-mes-pochoirs-com--858x1030.jpg",858,1030,true],"author_info":[],"comment_info":0,"_links":{"self":[{"href":"https:\/\/mes-pochoirs.com\/de\/wp-json\/wp\/v2\/product\/15136","targetHints":{"allow":["GET"]}}],"collection":[{"href":"https:\/\/mes-pochoirs.com\/de\/wp-json\/wp\/v2\/product"}],"about":[{"href":"https:\/\/mes-pochoirs.com\/de\/wp-json\/wp\/v2\/types\/product"}],"replies":[{"embeddable":true,"href":"https:\/\/mes-pochoirs.com\/de\/wp-json\/wp\/v2\/comments?post=15136"}],"wp:featuredmedia":[{"embeddable":true,"href":"https:\/\/mes-pochoirs.com\/de\/wp-json\/wp\/v2\/media\/15047"}],"wp:attachment":[{"href":"https:\/\/mes-pochoirs.com\/de\/wp-json\/wp\/v2\/media?parent=15136"}],"wp:term":[{"taxonomy":"product_brand","embeddable":true,"href":"https:\/\/mes-pochoirs.com\/de\/wp-json\/wp\/v2\/product_brand?post=15136"},{"taxonomy":"product_cat","embeddable":true,"href":"https:\/\/mes-pochoirs.com\/de\/wp-json\/wp\/v2\/product_cat?post=15136"},{"taxonomy":"product_tag","embeddable":true,"href":"https:\/\/mes-pochoirs.com\/de\/wp-json\/wp\/v2\/product_tag?post=15136"}],"curies":[{"name":"wp","href":"https:\/\/api.w.org\/{rel}","templated":true}]}}