{"id":15261,"date":"2024-07-26T08:05:34","date_gmt":"2024-07-26T06:05:34","guid":{"rendered":"https:\/\/mes-pochoirs.com\/?post_type=product&#038;p=15261"},"modified":"2025-10-31T12:09:25","modified_gmt":"2025-10-31T11:09:25","slug":"schablone-weibliches-gesicht-exp006","status":"publish","type":"product","link":"https:\/\/mes-pochoirs.com\/de\/produit\/pochoir-visage-feminin-exp006","title":{"rendered":"Schablone Explosives Portr\u00e4t \"Jyn\" - EXP006"},"content":{"rendered":"<h3>Tauchen Sie ein in die Essenz der Kollektion \"Explosive Portraits\".<\/h3>\n<p>Die Schablone Frauengesicht aus unserer Kollektion \"Explosive Portraits\" ist ein einzigartiges und fesselndes Kunstwerk. Diese Schablone, die ein Nahportr\u00e4t einer Frau darstellt, verk\u00f6rpert perfekt die Essenz weiblicher Sch\u00f6nheit durch eine zeitgen\u00f6ssische Interpretation. Sie wurde als Blickfang entworfen und ist ideal f\u00fcr K\u00fcnstler, die ihren Kreationen einen Hauch von Glamour und Raffinesse verleihen m\u00f6chten. Das auf k\u00fcnstlerische und abstrakte Weise behandelte weibliche Gesicht bietet dank seines modernen, farbenfrohen Designs eine Vielzahl an kreativen M\u00f6glichkeiten. Jedes Detail wurde sorgf\u00e4ltig durchdacht, um Eleganz und Anmut einzufangen und gleichzeitig maximale Flexibilit\u00e4t bei der Verwendung von Farben und Texturen zu erm\u00f6glichen. Wenn Sie diese Schablone verwenden, k\u00f6nnen Sie problemlos Elemente der Messermalerei, kr\u00e4ftige Schattierungen und starke Kontraste einbauen und so den dynamischen und ausdrucksstarken Charakter Ihres Kunstwerks hervorheben.<\/p>\n<h3>Ein zeitgen\u00f6ssischer Stil f\u00fcr moderne Kunstwerke<\/h3>\n<p>Die Kollektion \"Explosive Portraits\" zeichnet sich durch ihren einzigartigen zeitgen\u00f6ssischen Stil aus, der Elemente der modernen und abstrakten Kunst miteinander verbindet. Diese Schablone mit einem weiblichen Gesicht bildet hier keine Ausnahme und bietet ein Design, das sowohl k\u00fchn als auch raffiniert ist. Die Modernit\u00e4t dieser Schablone liegt in ihren klaren Linien und dem erfinderischen Einsatz von Farben, wodurch ein Kunstwerk entsteht, das sowohl vibrierend als auch harmonisch ist. Der hier gew\u00e4hlte k\u00fcnstlerische Ansatz erm\u00f6glicht das Spiel mit Texturen und Formen und bietet eine unvergleichliche kreative Freiheit. Jede Schablone in dieser Kollektion wurde von unserem Team talentierter K\u00fcnstler erdacht und gestaltet, wodurch eine unvergleichliche Exklusivit\u00e4t und Originalit\u00e4t gew\u00e4hrleistet wird. Diese Kollektion wurde speziell f\u00fcr diejenigen entworfen, die ihren Kunstwerken eine neue, glamour\u00f6se Dimension verleihen m\u00f6chten, indem sie starke und fesselnde visuelle Elemente integrieren. Egal, ob Sie ein angehender oder ein erfahrener K\u00fcnstler sind, mit dieser Schablone k\u00f6nnen Sie Ihre Ideen in echte zeitgen\u00f6ssische Meisterwerke verwandeln.<\/p>","protected":false},"excerpt":{"rendered":"<p>Die Schablone Frauengesicht aus der Kollektion \"Explosive Portraits\" bietet ein einzigartiges, farbenfrohes, zeitgen\u00f6ssisches Design, das perfekt ist, um Ihren k\u00fcnstlerischen Kreationen einen Hauch von Glamour und Modernit\u00e4t zu verleihen.<\/p>","protected":false},"featured_media":15237,"comment_status":"open","ping_status":"closed","template":"","meta":{"bwfblock_default_font":"","_kad_blocks_custom_css":"","_kad_blocks_head_custom_js":"","_kad_blocks_body_custom_js":"","_kad_blocks_footer_custom_js":"","_kadence_starter_templates_imported_post":false,"_kad_post_transparent":"default","_kad_post_title":"","_kad_post_layout":"default","_kad_post_sidebar_id":"","_kad_post_content_style":"default","_kad_post_vertical_padding":"default","_kad_post_feature":"","_kad_post_feature_position":"","_kad_post_header":false,"_kad_post_footer":false,"_kad_post_classname":""},"product_brand":[1415],"product_cat":[659,481,36],"product_tag":[694,686,677,689,612,687,696,608,359,675,695,467,390,693,338],"class_list":{"0":"post-15261","1":"product","2":"type-product","3":"status-publish","4":"has-post-thumbnail","6":"product_brand-mes-pochoirs","7":"product_cat-explosive-portraits","8":"product_cat-collections","9":"product_cat-pochoirs-portraits-visages","10":"product_tag-abstrait","11":"product_tag-acrylique","12":"product_tag-art-abstrait","13":"product_tag-artistique","14":"product_tag-colore","15":"product_tag-couteau-a-palette","16":"product_tag-couteau-a-peindre","17":"product_tag-feminin","18":"product_tag-femme","19":"product_tag-moderne","20":"product_tag-oeuvre-dart","21":"product_tag-peinture","22":"product_tag-portrait","23":"product_tag-style-contemporain","24":"product_tag-visage","26":"first","27":"instock","28":"taxable","29":"shipping-taxable","30":"purchasable","31":"product-type-variable","32":"entry","33":"content-bg","34":"loop-entry"},"taxonomy_info":{"product_brand":[{"value":1415,"label":"Mes Pochoirs"}],"product_cat":[{"value":659,"label":"Explosive Portraits"},{"value":481,"label":"Collections"},{"value":36,"label":"Portraits &amp; Visages"}],"product_tag":[{"value":694,"label":"abstrait"},{"value":686,"label":"acrylique"},{"value":677,"label":"art abstrait"},{"value":689,"label":"artistique"},{"value":612,"label":"color\u00e9"},{"value":687,"label":"couteau a palette"},{"value":696,"label":"couteau \u00e0 peindre"},{"value":608,"label":"feminin"},{"value":359,"label":"femme"},{"value":675,"label":"moderne"},{"value":695,"label":"\u0153uvre d'art"},{"value":467,"label":"peinture"},{"value":390,"label":"portrait"},{"value":693,"label":"style contemporain"},{"value":338,"label":"visage"}]},"featured_image_src_large":["https:\/\/mes-pochoirs.com\/wp-content\/uploads\/2024\/07\/EXP006-FR-pochoir-collection-explosive-portraits-4-5-copyright-mes-pochoirs-com--858x1030.jpg",858,1030,true],"author_info":[],"comment_info":0,"_links":{"self":[{"href":"https:\/\/mes-pochoirs.com\/de\/wp-json\/wp\/v2\/product\/15261","targetHints":{"allow":["GET"]}}],"collection":[{"href":"https:\/\/mes-pochoirs.com\/de\/wp-json\/wp\/v2\/product"}],"about":[{"href":"https:\/\/mes-pochoirs.com\/de\/wp-json\/wp\/v2\/types\/product"}],"replies":[{"embeddable":true,"href":"https:\/\/mes-pochoirs.com\/de\/wp-json\/wp\/v2\/comments?post=15261"}],"wp:featuredmedia":[{"embeddable":true,"href":"https:\/\/mes-pochoirs.com\/de\/wp-json\/wp\/v2\/media\/15237"}],"wp:attachment":[{"href":"https:\/\/mes-pochoirs.com\/de\/wp-json\/wp\/v2\/media?parent=15261"}],"wp:term":[{"taxonomy":"product_brand","embeddable":true,"href":"https:\/\/mes-pochoirs.com\/de\/wp-json\/wp\/v2\/product_brand?post=15261"},{"taxonomy":"product_cat","embeddable":true,"href":"https:\/\/mes-pochoirs.com\/de\/wp-json\/wp\/v2\/product_cat?post=15261"},{"taxonomy":"product_tag","embeddable":true,"href":"https:\/\/mes-pochoirs.com\/de\/wp-json\/wp\/v2\/product_tag?post=15261"}],"curies":[{"name":"wp","href":"https:\/\/api.w.org\/{rel}","templated":true}]}}