{"id":15272,"date":"2024-07-26T08:05:34","date_gmt":"2024-07-26T06:05:34","guid":{"rendered":"https:\/\/mes-pochoirs.com\/?post_type=product&#038;p=15272"},"modified":"2025-10-31T12:09:27","modified_gmt":"2025-10-31T11:09:27","slug":"schablone-expressives-portrat-exp007","status":"publish","type":"product","link":"https:\/\/mes-pochoirs.com\/de\/produit\/pochoir-portrait-expressif-exp007","title":{"rendered":"Schablone Explosives Portr\u00e4t \"Lyra\" - EXP007"},"content":{"rendered":"<h2>Ein ausdrucksstarkes und einzigartiges Kunstwerk<\/h2>\n<h3>Schablone Ausdrucksstarkes Portr\u00e4t<\/h3>\n<p>Diese Nahschablone stellt das Gesicht einer Frau mit fesselnder Intensit\u00e4t dar. Als Teil unserer prestigetr\u00e4chtigen \"Explosive Portraits\"-Kollektion f\u00e4ngt dieses zeitgen\u00f6ssische Design das Wesen eines tiefen, geheimnisvollen Blicks ein. Das akribisch detaillierte Portr\u00e4t hebt die feinen Z\u00fcge und subtilen Emotionen der Frau hervor und schafft eine sofortige Verbindung mit dem Betrachter. Diese Schablone ist nicht nur ein einfaches Gestaltungsmittel, sondern ein echtes Kunstwerk, das jede Leinwand in ein einzigartiges Meisterwerk verwandelt. Sie wurde entwickelt, um zu inspirieren und zu beeindrucken, und eignet sich perfekt f\u00fcr K\u00fcnstler, die ihren Kreationen einen Hauch von Raffinesse und Glamour verleihen m\u00f6chten.<\/p>\n<h3>Zeitgen\u00f6ssischer und vibrierender Stil<\/h3>\n<p>Diese einzigartige Schablone zeichnet sich durch ihren zeitgen\u00f6ssischen Stil aus, der Elemente abstrakter und moderner Kunst mit einer Explosion von Farben verbindet. Durch die Verwendung von Maltechniken mit dem Messer schafft sie reiche Texturen und dynamische Kontraste, die das Auge fesseln. Das farbenfrohe und k\u00fcnstlerische Design dieses Modells wurde so konzipiert, dass es sich f\u00fcr verschiedene Projekte eignet, sei es f\u00fcr Leinw\u00e4nde, W\u00e4nde oder Textilien. Jeder Strich dieser Schablone wurde von unserem Team sorgf\u00e4ltig ausgearbeitet und garantiert Exklusivit\u00e4t und h\u00f6chste Qualit\u00e4t. Die Kollektion \"Explosive Portraits\" wurde speziell f\u00fcr K\u00fcnstler entworfen, die ihre Kreativit\u00e4t durch vibrierende und ausdrucksstarke Werke zum Ausdruck bringen m\u00f6chten und ihrem Portfolio eine Dimension von Glamour und Modernit\u00e4t hinzuf\u00fcgen.<\/p>","protected":false},"excerpt":{"rendered":"<p>Diese ausdrucksstarke Schablone aus der Kollektion \"Explosive Portraits\" bietet ein zeitgem\u00e4\u00dfes, farbenfrohes Nahportr\u00e4t einer Frau. Sie wurde entworfen, um Ihren k\u00fcnstlerischen Kreationen einen Hauch von Glamour und Modernit\u00e4t zu verleihen.<\/p>","protected":false},"featured_media":15283,"comment_status":"open","ping_status":"closed","template":"","meta":{"bwfblock_default_font":"","_kad_blocks_custom_css":"","_kad_blocks_head_custom_js":"","_kad_blocks_body_custom_js":"","_kad_blocks_footer_custom_js":"","_kadence_starter_templates_imported_post":false,"_kad_post_transparent":"default","_kad_post_title":"","_kad_post_layout":"default","_kad_post_sidebar_id":"","_kad_post_content_style":"default","_kad_post_vertical_padding":"default","_kad_post_feature":"","_kad_post_feature_position":"","_kad_post_header":false,"_kad_post_footer":false,"_kad_post_classname":""},"product_brand":[1415],"product_cat":[659,481,36],"product_tag":[694,686,677,689,612,687,696,608,359,675,695,467,390,693,338],"class_list":{"0":"post-15272","1":"product","2":"type-product","3":"status-publish","4":"has-post-thumbnail","6":"product_brand-mes-pochoirs","7":"product_cat-explosive-portraits","8":"product_cat-collections","9":"product_cat-pochoirs-portraits-visages","10":"product_tag-abstrait","11":"product_tag-acrylique","12":"product_tag-art-abstrait","13":"product_tag-artistique","14":"product_tag-colore","15":"product_tag-couteau-a-palette","16":"product_tag-couteau-a-peindre","17":"product_tag-feminin","18":"product_tag-femme","19":"product_tag-moderne","20":"product_tag-oeuvre-dart","21":"product_tag-peinture","22":"product_tag-portrait","23":"product_tag-style-contemporain","24":"product_tag-visage","26":"first","27":"instock","28":"taxable","29":"shipping-taxable","30":"purchasable","31":"product-type-variable","32":"entry","33":"content-bg","34":"loop-entry"},"taxonomy_info":{"product_brand":[{"value":1415,"label":"Mes Pochoirs"}],"product_cat":[{"value":659,"label":"Explosive Portraits"},{"value":481,"label":"Collections"},{"value":36,"label":"Portraits &amp; Visages"}],"product_tag":[{"value":694,"label":"abstrait"},{"value":686,"label":"acrylique"},{"value":677,"label":"art abstrait"},{"value":689,"label":"artistique"},{"value":612,"label":"color\u00e9"},{"value":687,"label":"couteau a palette"},{"value":696,"label":"couteau \u00e0 peindre"},{"value":608,"label":"feminin"},{"value":359,"label":"femme"},{"value":675,"label":"moderne"},{"value":695,"label":"\u0153uvre d'art"},{"value":467,"label":"peinture"},{"value":390,"label":"portrait"},{"value":693,"label":"style contemporain"},{"value":338,"label":"visage"}]},"featured_image_src_large":["https:\/\/mes-pochoirs.com\/wp-content\/uploads\/2024\/07\/EXP007-FR-pochoir-collection-explosive-portraits-4-5-copyright-mes-pochoirs-com--858x1030.jpg",858,1030,true],"author_info":[],"comment_info":0,"_links":{"self":[{"href":"https:\/\/mes-pochoirs.com\/de\/wp-json\/wp\/v2\/product\/15272","targetHints":{"allow":["GET"]}}],"collection":[{"href":"https:\/\/mes-pochoirs.com\/de\/wp-json\/wp\/v2\/product"}],"about":[{"href":"https:\/\/mes-pochoirs.com\/de\/wp-json\/wp\/v2\/types\/product"}],"replies":[{"embeddable":true,"href":"https:\/\/mes-pochoirs.com\/de\/wp-json\/wp\/v2\/comments?post=15272"}],"wp:featuredmedia":[{"embeddable":true,"href":"https:\/\/mes-pochoirs.com\/de\/wp-json\/wp\/v2\/media\/15283"}],"wp:attachment":[{"href":"https:\/\/mes-pochoirs.com\/de\/wp-json\/wp\/v2\/media?parent=15272"}],"wp:term":[{"taxonomy":"product_brand","embeddable":true,"href":"https:\/\/mes-pochoirs.com\/de\/wp-json\/wp\/v2\/product_brand?post=15272"},{"taxonomy":"product_cat","embeddable":true,"href":"https:\/\/mes-pochoirs.com\/de\/wp-json\/wp\/v2\/product_cat?post=15272"},{"taxonomy":"product_tag","embeddable":true,"href":"https:\/\/mes-pochoirs.com\/de\/wp-json\/wp\/v2\/product_tag?post=15272"}],"curies":[{"name":"wp","href":"https:\/\/api.w.org\/{rel}","templated":true}]}}