{"id":15286,"date":"2024-07-26T08:05:34","date_gmt":"2024-07-26T06:05:34","guid":{"rendered":"https:\/\/mes-pochoirs.com\/?post_type=product&#038;p=15286"},"modified":"2025-10-31T12:09:29","modified_gmt":"2025-10-31T11:09:29","slug":"schablone-abstrakte-kunst-exp008","status":"publish","type":"product","link":"https:\/\/mes-pochoirs.com\/de\/produit\/pochoir-art-abstrait-exp008","title":{"rendered":"Schablone Explosives Portr\u00e4t \"Vexia\" - EXP008"},"content":{"rendered":"<h2>Ein einzigartiges abstraktes Kunstwerk<\/h2>\n<h3>Eine Frau mit einem r\u00e4tselhaften Gesicht<\/h3>\n<p>Die abstrakte Kunstschablone, die wir Ihnen anbieten, ist viel mehr als nur ein kreatives Werkzeug; sie verk\u00f6rpert das Geheimnis der zeitgen\u00f6ssischen Kunst. Diese Schablone zeigt das Close-up eines Gesichts, bei dem jede Linie und jede Kurve sorgf\u00e4ltig gezeichnet wurde, um eine Vielzahl von Emotionen und Gedanken hervorzurufen, die jede Kreation einzigartig und pers\u00f6nlich machen. Aus unserer Kategorie \"explosives Portr\u00e4t\" f\u00e4ngt diese Schablone die Komplexit\u00e4t und Sch\u00f6nheit auf eine Weise ein, die inspiriert und fasziniert. Wenn Sie diese Schablone verwenden, entscheiden Sie sich daf\u00fcr, Kunstwerke zu schaffen, die eine Geschichte erz\u00e4hlen - die Geschichte eines faszinierenden abstrakten Portr\u00e4ts, das die Blicke auf sich zieht.<\/p>\n<h3>Ein exklusives Design f\u00fcr ambitionierte K\u00fcnstler<\/h3>\n<p>Unsere Modelle wurden von unserem Team aus leidenschaftlichen Designern erdacht und entworfen, wodurch ein einzigartiges und exklusives Design gew\u00e4hrleistet wird. Diese Kollektion wurde speziell f\u00fcr K\u00fcnstler entworfen, die ihren Werken einen glamour\u00f6sen und anspruchsvollen Touch verleihen m\u00f6chten. Egal, ob Sie ein Gem\u00e4lde versch\u00f6nern, eine Wand dekorieren oder ein Kleidungsst\u00fcck individuell gestalten m\u00f6chten, diese Schablone gibt Ihnen die Freiheit, elegante und gewagte Kunstwerke zu schaffen. Abstrakte Kunst erm\u00f6glicht es, Formen und Farben zu transzendieren, und mit dieser Schablone kann jeder K\u00fcnstler seiner Fantasie freien Lauf lassen, um wirklich au\u00dfergew\u00f6hnliche St\u00fccke zu schaffen. Die kreativen M\u00f6glichkeiten sind endlos, sodass jeder das Portr\u00e4t dieser geheimnisvollen Frau nach seinen eigenen Inspirationen und k\u00fcnstlerischen Techniken neu erfinden kann.<\/p>","protected":false},"excerpt":{"rendered":"<p>Diese abstrakte Kunstschablone zeigt ein Close-up-Portr\u00e4t und bietet ein einzigartiges und exklusives Design, mit dem Sie Ihren k\u00fcnstlerischen Kreationen auf verschiedenen Medien einen glamour\u00f6sen Touch verleihen k\u00f6nnen.<\/p>","protected":false},"featured_media":15284,"comment_status":"open","ping_status":"closed","template":"","meta":{"bwfblock_default_font":"","_kad_blocks_custom_css":"","_kad_blocks_head_custom_js":"","_kad_blocks_body_custom_js":"","_kad_blocks_footer_custom_js":"","_kadence_starter_templates_imported_post":false,"_kad_post_transparent":"default","_kad_post_title":"","_kad_post_layout":"default","_kad_post_sidebar_id":"","_kad_post_content_style":"default","_kad_post_vertical_padding":"default","_kad_post_feature":"","_kad_post_feature_position":"","_kad_post_header":false,"_kad_post_footer":false,"_kad_post_classname":""},"product_brand":[1415],"product_cat":[659,481,36],"product_tag":[694,686,677,689,612,687,696,608,359,675,695,467,390,693,338],"class_list":{"0":"post-15286","1":"product","2":"type-product","3":"status-publish","4":"has-post-thumbnail","6":"product_brand-mes-pochoirs","7":"product_cat-explosive-portraits","8":"product_cat-collections","9":"product_cat-pochoirs-portraits-visages","10":"product_tag-abstrait","11":"product_tag-acrylique","12":"product_tag-art-abstrait","13":"product_tag-artistique","14":"product_tag-colore","15":"product_tag-couteau-a-palette","16":"product_tag-couteau-a-peindre","17":"product_tag-feminin","18":"product_tag-femme","19":"product_tag-moderne","20":"product_tag-oeuvre-dart","21":"product_tag-peinture","22":"product_tag-portrait","23":"product_tag-style-contemporain","24":"product_tag-visage","26":"first","27":"instock","28":"taxable","29":"shipping-taxable","30":"purchasable","31":"product-type-variable","32":"entry","33":"content-bg","34":"loop-entry"},"taxonomy_info":{"product_brand":[{"value":1415,"label":"Mes Pochoirs"}],"product_cat":[{"value":659,"label":"Explosive Portraits"},{"value":481,"label":"Collections"},{"value":36,"label":"Portraits &amp; Visages"}],"product_tag":[{"value":694,"label":"abstrait"},{"value":686,"label":"acrylique"},{"value":677,"label":"art abstrait"},{"value":689,"label":"artistique"},{"value":612,"label":"color\u00e9"},{"value":687,"label":"couteau a palette"},{"value":696,"label":"couteau \u00e0 peindre"},{"value":608,"label":"feminin"},{"value":359,"label":"femme"},{"value":675,"label":"moderne"},{"value":695,"label":"\u0153uvre d'art"},{"value":467,"label":"peinture"},{"value":390,"label":"portrait"},{"value":693,"label":"style contemporain"},{"value":338,"label":"visage"}]},"featured_image_src_large":["https:\/\/mes-pochoirs.com\/wp-content\/uploads\/2024\/07\/EXP008-FR-pochoir-collection-explosive-portraits-4-5-copyright-mes-pochoirs-com--858x1030.jpg",858,1030,true],"author_info":[],"comment_info":0,"_links":{"self":[{"href":"https:\/\/mes-pochoirs.com\/de\/wp-json\/wp\/v2\/product\/15286","targetHints":{"allow":["GET"]}}],"collection":[{"href":"https:\/\/mes-pochoirs.com\/de\/wp-json\/wp\/v2\/product"}],"about":[{"href":"https:\/\/mes-pochoirs.com\/de\/wp-json\/wp\/v2\/types\/product"}],"replies":[{"embeddable":true,"href":"https:\/\/mes-pochoirs.com\/de\/wp-json\/wp\/v2\/comments?post=15286"}],"wp:featuredmedia":[{"embeddable":true,"href":"https:\/\/mes-pochoirs.com\/de\/wp-json\/wp\/v2\/media\/15284"}],"wp:attachment":[{"href":"https:\/\/mes-pochoirs.com\/de\/wp-json\/wp\/v2\/media?parent=15286"}],"wp:term":[{"taxonomy":"product_brand","embeddable":true,"href":"https:\/\/mes-pochoirs.com\/de\/wp-json\/wp\/v2\/product_brand?post=15286"},{"taxonomy":"product_cat","embeddable":true,"href":"https:\/\/mes-pochoirs.com\/de\/wp-json\/wp\/v2\/product_cat?post=15286"},{"taxonomy":"product_tag","embeddable":true,"href":"https:\/\/mes-pochoirs.com\/de\/wp-json\/wp\/v2\/product_tag?post=15286"}],"curies":[{"name":"wp","href":"https:\/\/api.w.org\/{rel}","templated":true}]}}