{"id":15560,"date":"2024-11-27T10:55:07","date_gmt":"2024-11-27T09:55:07","guid":{"rendered":"https:\/\/mes-pochoirs.com\/?post_type=product&#038;p=15560"},"modified":"2025-10-31T12:10:21","modified_gmt":"2025-10-31T11:10:21","slug":"schablone-malen-weiblich-evf004","status":"publish","type":"product","link":"https:\/\/mes-pochoirs.com\/de\/produit\/pochoir-peinture-feminin-evf004","title":{"rendered":"Comic Schablone Frau &amp; Parfum - EVF004"},"content":{"rendered":"<h2>Schablonenmalerei Feminin<\/h2>\n<h3>Glamour\u00f6ses Portr\u00e4t<\/h3>\n<p>Unsere feminine Malschablone zeigt ein fesselndes Close-up einer glamour\u00f6sen Frau, die sich parf\u00fcmiert. Dieses einzigartige Design verk\u00f6rpert Raffinesse und Weiblichkeit und bietet ein kraftvolles und zugleich stimmungsvolles Bild, das sich perfekt eignet, um Kunst- und Dekorationsliebhaber zu begeistern. Das sanft gezeichnete Gesicht der Frau spiegelt Selbstbewusstsein und Ausstrahlung wider, die jedem Kunstwerk eine emotionale Dimension verleihen. Diese Schablone ist vom Pop-Art-Stil und von Comics inspiriert und geh\u00f6rt zu unserer exklusiven Kollektion \"Evening Fragrance\", die speziell daf\u00fcr entworfen wurde, Ihren k\u00fcnstlerischen Kreationen einen Hauch von Raffinesse und Charme zu verleihen.<\/p>\n<h3>Comic- und Pop-Art-Stil<\/h3>\n<p>Les lignes audacieuses de ce pochoir capturent l\u2019essence du style comic book, o\u00f9 chaque trait est accentu\u00e9 pour maximiser l&#8217;impact visuel. Les couleurs vives ajoutent une dimension suppl\u00e9mentaire, rendant chaque \u0153uvre cr\u00e9\u00e9e avec ce pochoir particuli\u00e8rement attrayante et m\u00e9morable. Les contours marqu\u00e9s permettent de d\u00e9finir clairement les formes et les d\u00e9tails, ce qui est essentiel pour obtenir une repr\u00e9sentation nette et pr\u00e9cise de la sc\u00e8ne. Notre \u00e9quipe a minutieusement \u00e9labor\u00e9 ce design pour qu\u2019il se d\u00e9marque par sa qualit\u00e9 exceptionnelle et son originalit\u00e9. Chaque \u00e9l\u00e9ment a \u00e9t\u00e9 pens\u00e9 pour offrir une exp\u00e9rience artistique unique, permettant aux cr\u00e9ateurs de s&#8217;exprimer librement tout en b\u00e9n\u00e9ficiant d&#8217;un support de haute qualit\u00e9. Ce pochoir est id\u00e9al pour les artistes qui souhaitent infuser leurs \u0153uvres d\u2019une atmosph\u00e8re glamour. Il offre aux artistes la possibilit\u00e9 d\u2019explorer et de combiner diff\u00e9rentes techniques de peinture. Que ce soit pour des \u0153uvres murales, des toiles ou d&#8217;autres supports, il permet de cr\u00e9er des compositions vibrantes et captivantes, o\u00f9 le glamour et le Pop Art se rejoignent pour donner vie \u00e0 des cr\u00e9ations uniques et m\u00e9morables. En utilisant ce pochoir, les artistes peuvent non seulement exprimer leur passion pour le style comic book, mais aussi ajouter une touche de sophistication et d&#8217;\u00e9l\u00e9gance \u00e0 leurs \u0153uvres, cr\u00e9ant ainsi un \u00e9quilibre parfait.<\/p>","protected":false},"excerpt":{"rendered":"<p>Feminine Malschablone: Verleihen Sie Ihren Kreationen einen glamour\u00f6sen und anspruchsvollen Touch mit unserer exklusiven Kollektion \"Evening Fragrance\".<\/p>","protected":false},"featured_media":15644,"comment_status":"open","ping_status":"closed","template":"","meta":{"bwfblock_default_font":"","_kad_blocks_custom_css":"","_kad_blocks_head_custom_js":"","_kad_blocks_body_custom_js":"","_kad_blocks_footer_custom_js":"","_kadence_starter_templates_imported_post":false,"_kad_post_transparent":"default","_kad_post_title":"","_kad_post_layout":"default","_kad_post_sidebar_id":"","_kad_post_content_style":"default","_kad_post_vertical_padding":"default","_kad_post_feature":"","_kad_post_feature_position":"","_kad_post_header":false,"_kad_post_footer":false,"_kad_post_classname":""},"product_brand":[1415],"product_cat":[697,481,332],"product_tag":[523,705,489,698,699,359,704,700,703,333,390,338],"class_list":{"0":"post-15560","1":"product","2":"type-product","3":"status-publish","4":"has-post-thumbnail","6":"product_brand-mes-pochoirs","7":"product_cat-evening-fragrance","8":"product_cat-collections","9":"product_cat-pochoirs-pop-art","10":"product_tag-bd","11":"product_tag-chic","12":"product_tag-close-up","13":"product_tag-comic","14":"product_tag-comics-book","15":"product_tag-femme","16":"product_tag-illustration","17":"product_tag-parfum","18":"product_tag-personnage","19":"product_tag-pop-art","20":"product_tag-portrait","21":"product_tag-visage","23":"first","24":"instock","25":"taxable","26":"shipping-taxable","27":"purchasable","28":"product-type-variable","29":"has-default-attributes","30":"entry","31":"content-bg","32":"loop-entry"},"taxonomy_info":{"product_brand":[{"value":1415,"label":"Mes Pochoirs"}],"product_cat":[{"value":697,"label":"Evening Fragrance"},{"value":481,"label":"Collections"},{"value":332,"label":"Pop Art"}],"product_tag":[{"value":523,"label":"BD"},{"value":705,"label":"chic"},{"value":489,"label":"Close-Up"},{"value":698,"label":"Comic"},{"value":699,"label":"Comics book"},{"value":359,"label":"femme"},{"value":704,"label":"illustration"},{"value":700,"label":"parfum"},{"value":703,"label":"personnage"},{"value":333,"label":"pop art"},{"value":390,"label":"portrait"},{"value":338,"label":"visage"}]},"featured_image_src_large":["https:\/\/mes-pochoirs.com\/wp-content\/uploads\/2024\/08\/EVF004-FR-pochoir-collection-evening-fragrance-1-1-copyright-mes-pochoirs-com--858x1030.jpg",858,1030,true],"author_info":[],"comment_info":0,"_links":{"self":[{"href":"https:\/\/mes-pochoirs.com\/de\/wp-json\/wp\/v2\/product\/15560","targetHints":{"allow":["GET"]}}],"collection":[{"href":"https:\/\/mes-pochoirs.com\/de\/wp-json\/wp\/v2\/product"}],"about":[{"href":"https:\/\/mes-pochoirs.com\/de\/wp-json\/wp\/v2\/types\/product"}],"replies":[{"embeddable":true,"href":"https:\/\/mes-pochoirs.com\/de\/wp-json\/wp\/v2\/comments?post=15560"}],"wp:featuredmedia":[{"embeddable":true,"href":"https:\/\/mes-pochoirs.com\/de\/wp-json\/wp\/v2\/media\/15644"}],"wp:attachment":[{"href":"https:\/\/mes-pochoirs.com\/de\/wp-json\/wp\/v2\/media?parent=15560"}],"wp:term":[{"taxonomy":"product_brand","embeddable":true,"href":"https:\/\/mes-pochoirs.com\/de\/wp-json\/wp\/v2\/product_brand?post=15560"},{"taxonomy":"product_cat","embeddable":true,"href":"https:\/\/mes-pochoirs.com\/de\/wp-json\/wp\/v2\/product_cat?post=15560"},{"taxonomy":"product_tag","embeddable":true,"href":"https:\/\/mes-pochoirs.com\/de\/wp-json\/wp\/v2\/product_tag?post=15560"}],"curies":[{"name":"wp","href":"https:\/\/api.w.org\/{rel}","templated":true}]}}