{"id":15952,"date":"2025-08-20T09:25:50","date_gmt":"2025-08-20T07:25:50","guid":{"rendered":"https:\/\/mes-pochoirs.com\/?post_type=product&#038;p=15952"},"modified":"2025-10-31T12:11:48","modified_gmt":"2025-10-31T11:11:48","slug":"schablone-frau-comic-stil-lpl001","status":"publish","type":"product","link":"https:\/\/mes-pochoirs.com\/de\/produit\/pochoir-femme-style-comics-lpl001","title":{"rendered":"Comic Schablone Frau &amp; Schnuller - LPL001"},"content":{"rendered":"<h2>Schablone Frau Comic-Stil\u00a0<\/h2>\n<h3>Eine glamour\u00f6se Ikone der Pop-Art<\/h3>\n<p>Entdecken Sie den <strong>Schablone Frau Comic-Stil<\/strong> aus unserer Kollektion \"Lollipop Lady\", ein Muss f\u00fcr alle Liebhaber des Retro- und Vintage-Stils. Diese Schablone zeigt ein Nahportr\u00e4t einer glamour\u00f6sen Frau, die sanft einen Lolli h\u00e4lt - eine Anspielung auf die verf\u00fchrerische \u00c4sthetik der 60er Jahre. Der Stil ist entschieden von klassischen Comics und Graphic Novels inspiriert, mit markanten Strichen und leuchtenden Farben, die an die ikonischen Werke der Pop Art erinnern. Jedes Detail dieser Schablone, von der Retro-Frisur bis zu den vollen Lippen, wurde entworfen, um die Essenz einer Zeit einzufangen, in der Kunst und Popkultur in voller Bl\u00fcte standen. Dieses einzigartige und exklusive Design wurde von unserem Team speziell f\u00fcr K\u00fcnstler und Designer erdacht und entworfen, die ihren Werken einen Hauch von Glamour verleihen m\u00f6chten. Diese Schablone passt perfekt in die Kategorie Pop Art unseres Katalogs und bietet eine moderne und k\u00fcnstlerische Art, den ikonischen Stil der Comics neu zu interpretieren.<\/p>\n<h3>Ein Pop-Art-Stil, der f\u00fcr Comic-Liebhaber unverzichtbar ist<\/h3>\n<p>Die <strong>Schablone Frau Comic-Stil<\/strong> aus unserer Kollektion zeichnet sich durch seinen gewagten Grafikstil aus, der typisch f\u00fcr die Pop Art und die Comics der 60er Jahre ist. Der Einfluss der Comics spiegelt sich in den klaren Linien und scharfen Kontrasten wider und schafft so ein starkes und fesselndes Bild. Diese Schablone ist ideal f\u00fcr K\u00fcnstler, die ihren Kreationen eine Retro-Dimension verleihen m\u00f6chten, indem sie mit den visuellen Codes der Vergangenheit spielen und gleichzeitig einen modernen Touch einbringen. Ob auf Leinwand, Wand oder Textilien, mit dieser Schablone k\u00f6nnen Sie Werke schaffen, die die Aufmerksamkeit auf sich ziehen und an die Energie und Lebendigkeit der Werke von Roy Lichtenstein und anderen Pop-Art-Ikonen erinnern. Diese Schablone ist nicht nur ein dekoratives Motiv, sondern eine echte Einladung, in die farbenfrohe und pulsierende Welt der 60er Jahre einzutauchen, mit einem Hauch von Verf\u00fchrung und Nostalgie. Lassen Sie sich von diesem exklusiven Design inspirieren und holen Sie sich den Geist der Pop Art in Ihr Atelier.<\/p>","protected":false},"excerpt":{"rendered":"<p><strong>Schablone Frau Comic-Stil<\/strong>, wiederverwendbar und von hoher Qualit\u00e4t. Erh\u00e4ltlich in verschiedenen Gr\u00f6\u00dfen, um sich an alle Ihre Kunstprojekte anzupassen.<\/p>","protected":false},"featured_media":15928,"comment_status":"open","ping_status":"closed","template":"","meta":{"bwfblock_default_font":"","_kad_blocks_custom_css":"","_kad_blocks_head_custom_js":"","_kad_blocks_body_custom_js":"","_kad_blocks_footer_custom_js":"","_kadence_starter_templates_imported_post":false,"_kad_post_transparent":"default","_kad_post_title":"","_kad_post_layout":"default","_kad_post_sidebar_id":"","_kad_post_content_style":"default","_kad_post_vertical_padding":"default","_kad_post_feature":"","_kad_post_feature_position":"","_kad_post_header":false,"_kad_post_footer":false,"_kad_post_classname":""},"product_brand":[1415],"product_cat":[1721,481,332,36],"product_tag":[523,489,698,699,359,607,333,390,744],"class_list":{"0":"post-15952","1":"product","2":"type-product","3":"status-publish","4":"has-post-thumbnail","6":"product_brand-mes-pochoirs","7":"product_cat-lollipop-lady","8":"product_cat-collections","9":"product_cat-pochoirs-pop-art","10":"product_cat-pochoirs-portraits-visages","11":"product_tag-bd","12":"product_tag-close-up","13":"product_tag-comic","14":"product_tag-comics-book","15":"product_tag-femme","16":"product_tag-glamour","17":"product_tag-pop-art","18":"product_tag-portrait","19":"product_tag-sucette","21":"first","22":"instock","23":"taxable","24":"shipping-taxable","25":"purchasable","26":"product-type-variable","27":"entry","28":"content-bg","29":"loop-entry"},"taxonomy_info":{"product_brand":[{"value":1415,"label":"Mes Pochoirs"}],"product_cat":[{"value":1721,"label":"Lollipop Lady"},{"value":481,"label":"Collections"},{"value":332,"label":"Pop Art"},{"value":36,"label":"Portraits &amp; Visages"}],"product_tag":[{"value":523,"label":"BD"},{"value":489,"label":"Close-Up"},{"value":698,"label":"Comic"},{"value":699,"label":"Comics book"},{"value":359,"label":"femme"},{"value":607,"label":"glamour"},{"value":333,"label":"pop art"},{"value":390,"label":"portrait"},{"value":744,"label":"sucette"}]},"featured_image_src_large":["https:\/\/mes-pochoirs.com\/wp-content\/uploads\/2024\/08\/LPL001-FR-pochoir-collection-lollipop-lady-1-1-copyright-mes-pochoirs-com--858x1030.jpg",858,1030,true],"author_info":[],"comment_info":0,"_links":{"self":[{"href":"https:\/\/mes-pochoirs.com\/de\/wp-json\/wp\/v2\/product\/15952","targetHints":{"allow":["GET"]}}],"collection":[{"href":"https:\/\/mes-pochoirs.com\/de\/wp-json\/wp\/v2\/product"}],"about":[{"href":"https:\/\/mes-pochoirs.com\/de\/wp-json\/wp\/v2\/types\/product"}],"replies":[{"embeddable":true,"href":"https:\/\/mes-pochoirs.com\/de\/wp-json\/wp\/v2\/comments?post=15952"}],"wp:featuredmedia":[{"embeddable":true,"href":"https:\/\/mes-pochoirs.com\/de\/wp-json\/wp\/v2\/media\/15928"}],"wp:attachment":[{"href":"https:\/\/mes-pochoirs.com\/de\/wp-json\/wp\/v2\/media?parent=15952"}],"wp:term":[{"taxonomy":"product_brand","embeddable":true,"href":"https:\/\/mes-pochoirs.com\/de\/wp-json\/wp\/v2\/product_brand?post=15952"},{"taxonomy":"product_cat","embeddable":true,"href":"https:\/\/mes-pochoirs.com\/de\/wp-json\/wp\/v2\/product_cat?post=15952"},{"taxonomy":"product_tag","embeddable":true,"href":"https:\/\/mes-pochoirs.com\/de\/wp-json\/wp\/v2\/product_tag?post=15952"}],"curies":[{"name":"wp","href":"https:\/\/api.w.org\/{rel}","templated":true}]}}