{"id":15958,"date":"2025-08-28T10:54:18","date_gmt":"2025-08-28T08:54:18","guid":{"rendered":"https:\/\/mes-pochoirs.com\/?post_type=product&#038;p=15958"},"modified":"2025-10-31T12:11:50","modified_gmt":"2025-10-31T11:11:50","slug":"schablone-pop-art-frau-lpl002","status":"publish","type":"product","link":"https:\/\/mes-pochoirs.com\/de\/produit\/pochoir-pop-art-femme-lpl002","title":{"rendered":"Comic Schablone Frau &amp; Schnuller - LPL002"},"content":{"rendered":"<h2>Pop Art Schablone Frau<\/h2>\n<h3>Ein glamour\u00f6ses, von Comics inspiriertes Portr\u00e4t<\/h3>\n<p>Die <strong>Pop Art Schablone Frau<\/strong> aus unserer exklusiven \"Lollipop Lady\"-Kollektion f\u00e4ngt die Essenz des Retro-Glamours ein, indem sie das Nahportr\u00e4t einer eleganten Frau mit einem Lollipop in Szene setzt. Dieses Modell, das von den klassischen Comics der 60er Jahre inspiriert wurde, ist eine echte Hommage an den ikonischen Stil der Pop-Art. Die klaren Linien, leuchtenden Farben und gewagten Konturen erinnern sofort an die \u00c4sthetik der Comics und schaffen ein visuelles Kunstwerk, das sowohl fesselnd als auch nostalgisch ist. Die Schablone \"Lollipop Lady\" ist mehr als nur ein kreatives Werkzeug; sie ist ein Fenster in eine Zeit, in der sich Vintage-Stil und popkulturelle Bilder zu unvergesslichen Kunstwerken vermischten. Mit diesem einzigartigen und exklusiven Design k\u00f6nnen Sie Ihren Kreationen einen Hauch von Glamour und Eleganz verleihen und gleichzeitig einem zeitlosen Kunststil huldigen.<\/p>\n<h3>Ein unvergleichlicher Comic-\/Pop-Art-Stil<\/h3>\n<p>Unser <strong>Pop Art Schablone Frau<\/strong> steht ganz in der Tradition der Pop-Art und ist direkt von den visuellen Elementen der Comics inspiriert. K\u00fcnstler, die ihren Werken einen Hauch von Retro verleihen m\u00f6chten, werden von dieser Schablone mit ihrem ausgepr\u00e4gten und entschiedenen Vintage-Stil begeistert sein. Die St\u00e4rke der Pop-Art liegt in ihrer F\u00e4higkeit, das Gew\u00f6hnliche in das Au\u00dfergew\u00f6hnliche zu verwandeln, und mit dieser Schablone gelingt Ihnen das mit Leichtigkeit. Stellen Sie sich Kreationen vor, in denen Elemente der Popkultur modern interpretiert werden, in denen jeder Pinselstrich und jeder Spray eine neue Dimension in Ihre Arbeit einbringt. Egal, ob Sie ein erfahrener K\u00fcnstler oder ein begeisterter Amateur sind, diese Schablone wurde entwickelt, damit Sie Ihrer Kreativit\u00e4t freien Lauf lassen k\u00f6nnen, indem Sie die Grenzen der Pop-Art erkunden. Das Design wurde von unserem Team sorgf\u00e4ltig entworfen, um sicherzustellen, dass es die Erwartungen von Liebhabern des Retro-Stils und Comic-Fans erf\u00fcllt.<\/p>","protected":false},"excerpt":{"rendered":"<p><strong>Pop Art Schablone Frau<\/strong> wiederverwendbar aus hochwertigem Kunststoff, in verschiedenen Gr\u00f6\u00dfen f\u00fcr glamour\u00f6se und langlebige Kreationen erh\u00e4ltlich.<\/p>","protected":false},"featured_media":15929,"comment_status":"open","ping_status":"closed","template":"","meta":{"bwfblock_default_font":"","_kad_blocks_custom_css":"","_kad_blocks_head_custom_js":"","_kad_blocks_body_custom_js":"","_kad_blocks_footer_custom_js":"","_kadence_starter_templates_imported_post":false,"_kad_post_transparent":"default","_kad_post_title":"","_kad_post_layout":"default","_kad_post_sidebar_id":"","_kad_post_content_style":"default","_kad_post_vertical_padding":"default","_kad_post_feature":"","_kad_post_feature_position":"","_kad_post_header":false,"_kad_post_footer":false,"_kad_post_classname":""},"product_brand":[1415],"product_cat":[1721,481,332,36],"product_tag":[523,489,698,699,359,607,333,390,744],"class_list":{"0":"post-15958","1":"product","2":"type-product","3":"status-publish","4":"has-post-thumbnail","6":"product_brand-mes-pochoirs","7":"product_cat-lollipop-lady","8":"product_cat-collections","9":"product_cat-pochoirs-pop-art","10":"product_cat-pochoirs-portraits-visages","11":"product_tag-bd","12":"product_tag-close-up","13":"product_tag-comic","14":"product_tag-comics-book","15":"product_tag-femme","16":"product_tag-glamour","17":"product_tag-pop-art","18":"product_tag-portrait","19":"product_tag-sucette","21":"first","22":"instock","23":"taxable","24":"shipping-taxable","25":"purchasable","26":"product-type-variable","27":"entry","28":"content-bg","29":"loop-entry"},"taxonomy_info":{"product_brand":[{"value":1415,"label":"Mes Pochoirs"}],"product_cat":[{"value":1721,"label":"Lollipop Lady"},{"value":481,"label":"Collections"},{"value":332,"label":"Pop Art"},{"value":36,"label":"Portraits &amp; Visages"}],"product_tag":[{"value":523,"label":"BD"},{"value":489,"label":"Close-Up"},{"value":698,"label":"Comic"},{"value":699,"label":"Comics book"},{"value":359,"label":"femme"},{"value":607,"label":"glamour"},{"value":333,"label":"pop art"},{"value":390,"label":"portrait"},{"value":744,"label":"sucette"}]},"featured_image_src_large":["https:\/\/mes-pochoirs.com\/wp-content\/uploads\/2024\/08\/LPL002-FR-pochoir-collection-lollipop-lady-1-1-copyright-mes-pochoirs-com--858x1030.jpg",858,1030,true],"author_info":[],"comment_info":0,"_links":{"self":[{"href":"https:\/\/mes-pochoirs.com\/de\/wp-json\/wp\/v2\/product\/15958","targetHints":{"allow":["GET"]}}],"collection":[{"href":"https:\/\/mes-pochoirs.com\/de\/wp-json\/wp\/v2\/product"}],"about":[{"href":"https:\/\/mes-pochoirs.com\/de\/wp-json\/wp\/v2\/types\/product"}],"replies":[{"embeddable":true,"href":"https:\/\/mes-pochoirs.com\/de\/wp-json\/wp\/v2\/comments?post=15958"}],"wp:featuredmedia":[{"embeddable":true,"href":"https:\/\/mes-pochoirs.com\/de\/wp-json\/wp\/v2\/media\/15929"}],"wp:attachment":[{"href":"https:\/\/mes-pochoirs.com\/de\/wp-json\/wp\/v2\/media?parent=15958"}],"wp:term":[{"taxonomy":"product_brand","embeddable":true,"href":"https:\/\/mes-pochoirs.com\/de\/wp-json\/wp\/v2\/product_brand?post=15958"},{"taxonomy":"product_cat","embeddable":true,"href":"https:\/\/mes-pochoirs.com\/de\/wp-json\/wp\/v2\/product_cat?post=15958"},{"taxonomy":"product_tag","embeddable":true,"href":"https:\/\/mes-pochoirs.com\/de\/wp-json\/wp\/v2\/product_tag?post=15958"}],"curies":[{"name":"wp","href":"https:\/\/api.w.org\/{rel}","templated":true}]}}