{"id":16003,"date":"2025-08-20T14:48:26","date_gmt":"2025-08-20T12:48:26","guid":{"rendered":"https:\/\/mes-pochoirs.com\/?post_type=product&#038;p=16003"},"modified":"2025-10-31T12:11:56","modified_gmt":"2025-10-31T11:11:56","slug":"schablone-stil-pop-art-lpl009","status":"publish","type":"product","link":"https:\/\/mes-pochoirs.com\/de\/produit\/pochoir-style-pop-art-lpl009","title":{"rendered":"Comic Schablone Frau &amp; Schnuller - LPL009"},"content":{"rendered":"<h2>Schablone Pop-Art-Stil<\/h2>\n<h3>Ein glamour\u00f6ses Werk, inspiriert von der \u00c4sthetik der Pop Art<\/h3>\n<p>Die <strong>Schablone im Pop-Art-Stil<\/strong> aus unserer exklusiven \"Lollipop Lady\"-Kollektion ist mehr als nur ein kreatives Werkzeug; sie ist eine Einladung, in die pulsierende und gewagte Welt der 60er Jahre einzutauchen. Die Schablone zeigt das Nahportr\u00e4t einer glamour\u00f6sen Frau, die mit einer sinnlichen und gleichzeitig verspielten Haltung einen Lolli h\u00e4lt. Inspiriert von den zeitlosen Ikonen der Pop-Art und der Comics, f\u00e4ngt diese Schablone das Wesen dieser Retro-\u00c4ra ein, in der sich Kunst mit Popkultur vermischt, um visuell eindringliche und nostalgische Werke zu schaffen. Mit dieser Schablone k\u00f6nnen Sie Ihren Kreationen einen Hauch von Vintage-Raffinesse einhauchen und gleichzeitig die Dynamik und Energie des Pop-Art-Stils zelebrieren. Ob Sie nun ein Comic-Liebhaber sind oder ein K\u00fcnstler, der seinen Werken eine glamour\u00f6se Dimension verleihen m\u00f6chte, diese Schablone ist das perfekte Werkzeug, um Ihre Leidenschaft f\u00fcr die Kunst und Kultur der 60er Jahre zum Ausdruck zu bringen.<\/p>\n<h3>Ein exklusives Design f\u00fcr Liebhaber von Pop Art und Comics<\/h3>\n<p>Die Kollektion \"Lollipop Lady\" passt perfekt zum Trend des Comic-\/Pop-Art-Stils und vereint das Beste aus beiden Welten, um fesselnde und zugleich ikonische Designs zu bieten. Das Gesicht der Frau, das mit klaren Linien und k\u00fchnen Farbfl\u00e4chen gezeichnet wurde, ist direkt von Comics inspiriert, mit einem deutlichen Augenzwinkern auf die \u00c4sthetik der 60er Jahre. Der Retro- und Vintage-Stil wird hier mit einem modernen Touch neu interpretiert, um jedem K\u00fcnstler die M\u00f6glichkeit zu geben, Werke zu schaffen, die nicht unbemerkt bleiben. Diese <strong>Schablone im Pop-Art-Stil<\/strong> ist das Ergebnis eines sorgf\u00e4ltigen Designs unseres Teams, das sich von den visuellen Codes der Pop-Art inspirieren lie\u00df, um ein einzigartiges Produkt anzubieten. Mit ihren liebevoll gestalteten Details ist diese Schablone perfekt f\u00fcr alle, die ihren Kreationen eine k\u00fcnstlerische und glamour\u00f6se Dimension verleihen und dabei dem Geist der Pop-Art treu bleiben wollen.<\/p>","protected":false},"excerpt":{"rendered":"<p><strong>Schablone im Pop-Art-Stil<\/strong> wiederverwendbar, hohe Qualit\u00e4t, in verschiedenen Gr\u00f6\u00dfen erh\u00e4ltlich. Ideal f\u00fcr gewagte und glamour\u00f6se k\u00fcnstlerische Kreationen.<\/p>","protected":false},"featured_media":15936,"comment_status":"open","ping_status":"closed","template":"","meta":{"bwfblock_default_font":"","_kad_blocks_custom_css":"","_kad_blocks_head_custom_js":"","_kad_blocks_body_custom_js":"","_kad_blocks_footer_custom_js":"","_kadence_starter_templates_imported_post":false,"_kad_post_transparent":"default","_kad_post_title":"","_kad_post_layout":"default","_kad_post_sidebar_id":"","_kad_post_content_style":"default","_kad_post_vertical_padding":"default","_kad_post_feature":"","_kad_post_feature_position":"","_kad_post_header":false,"_kad_post_footer":false,"_kad_post_classname":""},"product_brand":[1415],"product_cat":[1721,481,332,36],"product_tag":[523,489,698,699,359,607,333,390,744],"class_list":{"0":"post-16003","1":"product","2":"type-product","3":"status-publish","4":"has-post-thumbnail","6":"product_brand-mes-pochoirs","7":"product_cat-lollipop-lady","8":"product_cat-collections","9":"product_cat-pochoirs-pop-art","10":"product_cat-pochoirs-portraits-visages","11":"product_tag-bd","12":"product_tag-close-up","13":"product_tag-comic","14":"product_tag-comics-book","15":"product_tag-femme","16":"product_tag-glamour","17":"product_tag-pop-art","18":"product_tag-portrait","19":"product_tag-sucette","21":"first","22":"instock","23":"taxable","24":"shipping-taxable","25":"purchasable","26":"product-type-variable","27":"entry","28":"content-bg","29":"loop-entry"},"taxonomy_info":{"product_brand":[{"value":1415,"label":"Mes Pochoirs"}],"product_cat":[{"value":1721,"label":"Lollipop Lady"},{"value":481,"label":"Collections"},{"value":332,"label":"Pop Art"},{"value":36,"label":"Portraits &amp; Visages"}],"product_tag":[{"value":523,"label":"BD"},{"value":489,"label":"Close-Up"},{"value":698,"label":"Comic"},{"value":699,"label":"Comics book"},{"value":359,"label":"femme"},{"value":607,"label":"glamour"},{"value":333,"label":"pop art"},{"value":390,"label":"portrait"},{"value":744,"label":"sucette"}]},"featured_image_src_large":["https:\/\/mes-pochoirs.com\/wp-content\/uploads\/2024\/08\/LPL009-FR-pochoir-collection-lollipop-lady-1-1-copyright-mes-pochoirs-com--858x1030.jpg",858,1030,true],"author_info":[],"comment_info":0,"_links":{"self":[{"href":"https:\/\/mes-pochoirs.com\/de\/wp-json\/wp\/v2\/product\/16003","targetHints":{"allow":["GET"]}}],"collection":[{"href":"https:\/\/mes-pochoirs.com\/de\/wp-json\/wp\/v2\/product"}],"about":[{"href":"https:\/\/mes-pochoirs.com\/de\/wp-json\/wp\/v2\/types\/product"}],"replies":[{"embeddable":true,"href":"https:\/\/mes-pochoirs.com\/de\/wp-json\/wp\/v2\/comments?post=16003"}],"wp:featuredmedia":[{"embeddable":true,"href":"https:\/\/mes-pochoirs.com\/de\/wp-json\/wp\/v2\/media\/15936"}],"wp:attachment":[{"href":"https:\/\/mes-pochoirs.com\/de\/wp-json\/wp\/v2\/media?parent=16003"}],"wp:term":[{"taxonomy":"product_brand","embeddable":true,"href":"https:\/\/mes-pochoirs.com\/de\/wp-json\/wp\/v2\/product_brand?post=16003"},{"taxonomy":"product_cat","embeddable":true,"href":"https:\/\/mes-pochoirs.com\/de\/wp-json\/wp\/v2\/product_cat?post=16003"},{"taxonomy":"product_tag","embeddable":true,"href":"https:\/\/mes-pochoirs.com\/de\/wp-json\/wp\/v2\/product_tag?post=16003"}],"curies":[{"name":"wp","href":"https:\/\/api.w.org\/{rel}","templated":true}]}}