{"id":16140,"date":"2024-09-05T14:06:39","date_gmt":"2024-09-05T12:06:39","guid":{"rendered":"https:\/\/mes-pochoirs.com\/?post_type=product&#038;p=16140"},"modified":"2025-10-31T12:12:04","modified_gmt":"2025-10-31T11:12:04","slug":"futuristische-schablone-urbaner-stil-frr006","status":"publish","type":"product","link":"https:\/\/mes-pochoirs.com\/de\/produit\/pochoir-futuriste-style-urbain-frr006","title":{"rendered":"Schablone Virtuelle Realit\u00e4t - FRR006"},"content":{"rendered":"<p>Pochoir Futuriste Style Urbain\u00a0 Le pochoir futuriste style urbain que nous vous pr\u00e9sentons ici est une v\u00e9ritable \u0153uvre d\u2019art \u00e0 lui seul. Ce mod\u00e8le fait partie de notre collection &#8220;Fragmented Realities&#8221; et repr\u00e9sente un portrait rapproch\u00e9 d&#8217;une femme portant des lunettes de r\u00e9alit\u00e9 virtuelle. Le visage est orient\u00e9 vers le haut, sugg\u00e9rant une immersion totale dans un monde virtuel, un univers o\u00f9 la technologie et l&#8217;exploration se rejoignent pour cr\u00e9er de nouvelles r\u00e9alit\u00e9s. Les lunettes futuristes accentuent l&#8217;aspect cyberpunk de ce design, renfor\u00e7ant le th\u00e8me de l\u2019interconnexion entre l\u2019Homme et la technologie dans un futur proche. Ce pochoir met en avant une esth\u00e9tique urbaine et contemporaine. L\u2019impression d\u2019aventure et de futur est renforc\u00e9e par les d\u00e9tails minutieux des lunettes et du casque, qui placent ce mod\u00e8le dans une vision avant-gardiste du futur. Que vous soyez un artiste de rue ou un cr\u00e9ateur d\u2019art num\u00e9rique, ce pochoir apportera une touche technologique et futuriste \u00e0 vos \u0153uvres. Il est id\u00e9al pour ceux qui souhaitent explorer des th\u00e8mes comme l<strong>&#8216;<\/strong>Vernetzung und die Erforschung virtueller Welten.<\/p>\n<h3>Ein urbaner und zeitgen\u00f6ssischer Stil<\/h3>\n<p>Le Pochoir futuriste style urbain fait partie de notre cat\u00e9gorie &#8220;Fragmented Realities&#8221;, id\u00e9ale pour ceux qui souhaitent exprimer une vision intime et immersive \u00e0 travers l&#8217;art du portrait. Ce mod\u00e8le exclusif, imagin\u00e9 par notre \u00e9quipe, s\u2019inspire d\u2019une esth\u00e9tique cyberpunk, symbolisant \u00e0 la fois la complexit\u00e9 et la beaut\u00e9 des r\u00e9alit\u00e9s technologiques. Les lunettes de r\u00e9alit\u00e9 virtuelle accentuent l&#8217;aspect futuriste, propulsant le spectateur dans un univers o\u00f9 la technologie et l\u2019exploration sont au centre de l\u2019exp\u00e9rience humaine. Ce pochoir est un v\u00e9ritable hommage \u00e0 la culture urbaine et \u00e0 l\u2019interconnexion technologique du monde moderne. Il trouvera parfaitement sa place dans des \u0153uvres explorant des th\u00e8mes comme l\u2019aventure, le futur, ou encore l\u2019impact des technologies sur notre quotidien. Si vous \u00eates un artiste \u00e0 la recherche d\u2019un design contemporain qui parle du monde virtuel, ce pochoir est fait pour vous.<\/p>","protected":false},"excerpt":{"rendered":"<p>Futuristische Schablone im urbanen Stil, wiederverwendbar, hohe Qualit\u00e4t und in verschiedenen Gr\u00f6\u00dfen erh\u00e4ltlich. Ideal f\u00fcr zeitgen\u00f6ssische und avantgardistische Kreationen.<\/p>","protected":false},"featured_media":16108,"comment_status":"open","ping_status":"closed","template":"","meta":{"bwfblock_default_font":"","_kad_blocks_custom_css":"","_kad_blocks_head_custom_js":"","_kad_blocks_body_custom_js":"","_kad_blocks_footer_custom_js":"","_kadence_starter_templates_imported_post":false,"_kad_post_transparent":"default","_kad_post_title":"","_kad_post_layout":"default","_kad_post_sidebar_id":"","_kad_post_content_style":"default","_kad_post_vertical_padding":"default","_kad_post_feature":"","_kad_post_feature_position":"","_kad_post_header":false,"_kad_post_footer":false,"_kad_post_classname":""},"product_brand":[1415],"product_cat":[754,481,36],"product_tag":[751,410,676,745,722,359,749,752,747,748,746,753,750],"class_list":{"0":"post-16140","1":"product","2":"type-product","3":"status-publish","4":"has-post-thumbnail","6":"product_brand-mes-pochoirs","7":"product_cat-fragmented-realities","8":"product_cat-collections","9":"product_cat-pochoirs-portraits-visages","10":"product_tag-aventure","11":"product_tag-casque","12":"product_tag-contemporain","13":"product_tag-cyberpunk","14":"product_tag-exploration","15":"product_tag-femme","16":"product_tag-futur","17":"product_tag-interconnexion","18":"product_tag-lunettes-futuristes","19":"product_tag-monde-virtuel","20":"product_tag-realite-virtuelle","21":"product_tag-style-urbain","22":"product_tag-technologie","24":"first","25":"instock","26":"taxable","27":"shipping-taxable","28":"purchasable","29":"product-type-variable","30":"entry","31":"content-bg","32":"loop-entry"},"taxonomy_info":{"product_brand":[{"value":1415,"label":"Mes Pochoirs"}],"product_cat":[{"value":754,"label":"Fragmented Realities"},{"value":481,"label":"Collections"},{"value":36,"label":"Portraits &amp; Visages"}],"product_tag":[{"value":751,"label":"aventure"},{"value":410,"label":"casque"},{"value":676,"label":"contemporain"},{"value":745,"label":"cyberpunk"},{"value":722,"label":"exploration"},{"value":359,"label":"femme"},{"value":749,"label":"futur"},{"value":752,"label":"interconnexion"},{"value":747,"label":"lunettes futuristes"},{"value":748,"label":"monde virtuel"},{"value":746,"label":"r\u00e9alit\u00e9 virtuelle"},{"value":753,"label":"style urbain"},{"value":750,"label":"technologie"}]},"featured_image_src_large":["https:\/\/mes-pochoirs.com\/wp-content\/uploads\/2024\/09\/FRR006-FR-pochoir-collection-Fragmented-realities-1-1-copyright-mes-pochoirs-com--858x1030.jpg",858,1030,true],"author_info":[],"comment_info":0,"_links":{"self":[{"href":"https:\/\/mes-pochoirs.com\/de\/wp-json\/wp\/v2\/product\/16140","targetHints":{"allow":["GET"]}}],"collection":[{"href":"https:\/\/mes-pochoirs.com\/de\/wp-json\/wp\/v2\/product"}],"about":[{"href":"https:\/\/mes-pochoirs.com\/de\/wp-json\/wp\/v2\/types\/product"}],"replies":[{"embeddable":true,"href":"https:\/\/mes-pochoirs.com\/de\/wp-json\/wp\/v2\/comments?post=16140"}],"wp:featuredmedia":[{"embeddable":true,"href":"https:\/\/mes-pochoirs.com\/de\/wp-json\/wp\/v2\/media\/16108"}],"wp:attachment":[{"href":"https:\/\/mes-pochoirs.com\/de\/wp-json\/wp\/v2\/media?parent=16140"}],"wp:term":[{"taxonomy":"product_brand","embeddable":true,"href":"https:\/\/mes-pochoirs.com\/de\/wp-json\/wp\/v2\/product_brand?post=16140"},{"taxonomy":"product_cat","embeddable":true,"href":"https:\/\/mes-pochoirs.com\/de\/wp-json\/wp\/v2\/product_cat?post=16140"},{"taxonomy":"product_tag","embeddable":true,"href":"https:\/\/mes-pochoirs.com\/de\/wp-json\/wp\/v2\/product_tag?post=16140"}],"curies":[{"name":"wp","href":"https:\/\/api.w.org\/{rel}","templated":true}]}}