{"id":165,"date":"2021-05-13T06:41:17","date_gmt":"2021-05-13T06:41:17","guid":{"rendered":"https:\/\/mes-pochoirs.com\/?post_type=product&#038;p=165"},"modified":"2025-10-31T11:40:31","modified_gmt":"2025-10-31T10:40:31","slug":"mandala-schablone-m0003","status":"publish","type":"product","link":"https:\/\/mes-pochoirs.com\/de\/produit\/pochoir-mandala-m0003","title":{"rendered":"Schablone Mandala - M0003"},"content":{"rendered":"<h2>Schablone Mandala<\/h2>\n<h3>Ein Mandala, Das Frieden und Kreative Energie bringt<\/h3>\n<p><strong>Schablone Mandala<\/strong>In der Mitte dieses Musters erstrahlt eine zart stilisierte Blume mit symmetrischen und klaren Bl\u00fctenbl\u00e4ttern. Dieses Blumenherz entfaltet sich in einer rosettenartigen Struktur, die an die Reinheit nat\u00fcrlicher Mandalas und die Eleganz alter handgefertigter Fayencen erinnert. Jede Arabeske, jeder Tropfen, jede ausgeschnittene Fl\u00e4che tr\u00e4gt dazu bei, ein Gef\u00fchl des Gleichgewichts und der Gelassenheit zu schaffen. Diese Schablone ist nicht nur ein kreatives Werkzeug: Sie wird zum Ausgangspunkt f\u00fcr eine visuelle Reise, eine Einladung, Ihre Oberfl\u00e4chen - W\u00e4nde, Leinw\u00e4nde oder M\u00f6bel - mit Poesie und Kraft zum Schwingen zu bringen. Gedacht als harmonische Bereicherung Ihrer Dekoration, f\u00fcgt er sich perfekt in ein Zen-, Boh\u00e8me- oder Pflanzen-Ambiente ein. Er verwandelt jeden Untergrund in ein Werk, das von Sinn und Ruhe vibriert und Ihrer Wohndekoration Sanftheit und Kraft verleiht. Er ist einfach zu verwenden und begleitet Sie bei Ihren Mal- und Kunstprojekten. Er wird zum Spiegelbild Ihrer eigenen inneren Welt zwischen Verwurzelung und Ausdrucksfreiheit.<\/p>\n<h3>Ein Stil Zwischen Tradition und moderner Grafik<\/h3>\n<p><strong>Schablone Mandala<\/strong> Dieses Design, das sowohl von der orientalischen sakralen Kunst als auch von westlichen dekorativen Motiven inspiriert ist, verbindet auf raffinierte Weise Tradition und Moderne. Die floralen Formen, Arabesken und geometrischen Linien erinnern an die Rosetten vergangener Zeiten, sind aber gleichzeitig zeitgem\u00e4\u00df, schlicht und elegant. Das kreisf\u00f6rmige Motiv erinnert an den Lebenszyklus, die Natur und die innere Bewegung, die dem sch\u00f6pferischen Akt eigen ist. Ideal f\u00fcr Maler, Dekorateure oder Do-it-yourself-Enthusiasten, passt es sich allen W\u00fcnschen nach Wanddekoration, individueller Gestaltung von M\u00f6beln oder der Herstellung von Gem\u00e4lden mit pflanzlicher Inspiration an. Die Schablone ist in verschiedenen Gr\u00f6\u00dfen erh\u00e4ltlich, wiederverwendbar und von hoher Qualit\u00e4t. Sie wird zu einem einzigartigen Ausdrucksmittel, das jede Geste veredeln und eine einfache Fl\u00e4che in ein aussagekr\u00e4ftiges, lebendiges und leuchtendes Kunstwerk verwandeln kann.<\/p>","protected":false},"excerpt":{"rendered":"<p><strong data-start=\"1056\" data-end=\"1075\">Mandala-Schablone<\/strong> Perfekt f\u00fcr b\u00f6hmische und dekorative Kunstwerke. Beidseitig verwendbar, in verschiedenen Gr\u00f6\u00dfen erh\u00e4ltlich, Profi-Qualit\u00e4t f\u00fcr Kunstmaler.<\/p>","protected":false},"featured_media":176,"comment_status":"open","ping_status":"closed","template":"","meta":{"bwfblock_default_font":"","_kad_blocks_custom_css":"","_kad_blocks_head_custom_js":"","_kad_blocks_body_custom_js":"","_kad_blocks_footer_custom_js":"","_kadence_starter_templates_imported_post":false,"_kad_post_transparent":"default","_kad_post_title":"","_kad_post_layout":"default","_kad_post_sidebar_id":"","_kad_post_content_style":"default","_kad_post_vertical_padding":"default","_kad_post_feature":"","_kad_post_feature_position":"","_kad_post_header":false,"_kad_post_footer":false,"_kad_post_classname":""},"product_brand":[1415],"product_cat":[38],"product_tag":[229,1364,567,227,50,1360,230,1363,1361,1362,955,1337,1256],"class_list":{"0":"post-165","1":"product","2":"type-product","3":"status-publish","4":"has-post-thumbnail","6":"product_brand-mes-pochoirs","7":"product_cat-pochoirs-mandala","8":"product_tag-arabesque","9":"product_tag-boheme","10":"product_tag-decoration","11":"product_tag-faience","12":"product_tag-fleur","13":"product_tag-maison","14":"product_tag-mandala","15":"product_tag-mandalas-naturels","16":"product_tag-modernite","17":"product_tag-rosaces","18":"product_tag-tradition","19":"product_tag-vegetal","20":"product_tag-zen","22":"first","23":"instock","24":"featured","25":"taxable","26":"shipping-taxable","27":"purchasable","28":"product-type-variable","29":"has-default-attributes","30":"entry","31":"content-bg","32":"loop-entry"},"taxonomy_info":{"product_brand":[{"value":1415,"label":"Mes Pochoirs"}],"product_cat":[{"value":38,"label":"Mandala"}],"product_tag":[{"value":229,"label":"arabesque"},{"value":1364,"label":"boh\u00e8me"},{"value":567,"label":"decoration"},{"value":227,"label":"fa\u00efence"},{"value":50,"label":"fleur"},{"value":1360,"label":"maison"},{"value":230,"label":"mandala"},{"value":1363,"label":"mandalas naturels"},{"value":1361,"label":"modernit\u00e9"},{"value":1362,"label":"rosaces"},{"value":955,"label":"tradition"},{"value":1337,"label":"v\u00e9g\u00e9tal"},{"value":1256,"label":"zen"}]},"featured_image_src_large":["https:\/\/mes-pochoirs.com\/wp-content\/uploads\/2021\/05\/M0003-pochoir-mandala-mes-pochoirs-com-1-858x1030.jpg",858,1030,true],"author_info":[],"comment_info":0,"_links":{"self":[{"href":"https:\/\/mes-pochoirs.com\/de\/wp-json\/wp\/v2\/product\/165","targetHints":{"allow":["GET"]}}],"collection":[{"href":"https:\/\/mes-pochoirs.com\/de\/wp-json\/wp\/v2\/product"}],"about":[{"href":"https:\/\/mes-pochoirs.com\/de\/wp-json\/wp\/v2\/types\/product"}],"replies":[{"embeddable":true,"href":"https:\/\/mes-pochoirs.com\/de\/wp-json\/wp\/v2\/comments?post=165"}],"wp:featuredmedia":[{"embeddable":true,"href":"https:\/\/mes-pochoirs.com\/de\/wp-json\/wp\/v2\/media\/176"}],"wp:attachment":[{"href":"https:\/\/mes-pochoirs.com\/de\/wp-json\/wp\/v2\/media?parent=165"}],"wp:term":[{"taxonomy":"product_brand","embeddable":true,"href":"https:\/\/mes-pochoirs.com\/de\/wp-json\/wp\/v2\/product_brand?post=165"},{"taxonomy":"product_cat","embeddable":true,"href":"https:\/\/mes-pochoirs.com\/de\/wp-json\/wp\/v2\/product_cat?post=165"},{"taxonomy":"product_tag","embeddable":true,"href":"https:\/\/mes-pochoirs.com\/de\/wp-json\/wp\/v2\/product_tag?post=165"}],"curies":[{"name":"wp","href":"https:\/\/api.w.org\/{rel}","templated":true}]}}