{"id":16613,"date":"2024-09-25T12:07:53","date_gmt":"2024-09-25T10:07:53","guid":{"rendered":"https:\/\/mes-pochoirs.com\/?post_type=product&#038;p=16613"},"modified":"2025-10-31T12:13:36","modified_gmt":"2025-10-31T11:13:36","slug":"schablone-hintergrund-street-art-gr0009","status":"publish","type":"product","link":"https:\/\/mes-pochoirs.com\/de\/produit\/pochoir-fond-street-art-gr0009","title":{"rendered":"Schablone Abstraktes Graffiti-Fragment - GR0009"},"content":{"rendered":"<h2>Schablone Hintergrund Street Art<\/h2>\n<h2>Eine perfekte Basis f\u00fcr Ihre urbanen Kunstwerke<\/h2>\n<p>Le Pochoir fond street art est un outil essentiel pour les artistes qui souhaitent int\u00e9grer l&#8217;\u00e9nergie brute et le dynamisme du graffiti dans leurs cr\u00e9ations. Ce pochoir repr\u00e9sente un fragment de graffiti abstrait, con\u00e7u sp\u00e9cifiquement pour \u00eatre utilis\u00e9 comme base ou fond dans vos compositions. Il permet d\u2019ajouter des textures urbaines et des motifs abstraits \u00e0 vos \u0153uvres, offrant un point de d\u00e9part puissant et expressif. Ce mod\u00e8le est issu de notre cat\u00e9gorie graffiti, une collection sp\u00e9cialement imagin\u00e9e pour les cr\u00e9ateurs qui souhaitent apporter une touche authentique de street art \u00e0 leurs projets. Que vous travailliez sur une toile, un mur ou un autre support, ce pochoir vous permet de capturer l\u2019essence du street art en quelques coups de pinceau ou de bombe de peinture. Le graffiti abstrait, style embl\u00e9matique de l&#8217;art urbain, ne se limite pas aux grandes fresques visibles sur les murs des villes. Avec ce Pochoir fond street art, vous pouvez recr\u00e9er cette esth\u00e9tique, que ce soit pour des projets d\u00e9coratifs, des \u0153uvres d&#8217;art ou m\u00eame des objets du quotidien. L\u2019art urbain, avec ses formes libres et ses textures brutes, permet une libert\u00e9 d\u2019expression incomparable. Ce pochoir a \u00e9t\u00e9 con\u00e7u par notre \u00e9quipe de cr\u00e9ateurs avec un design exclusif qui garantit une qualit\u00e9 et une originalit\u00e9 exceptionnelles. Il offre une base id\u00e9ale pour enrichir vos cr\u00e9ations avec des touches modernes et authentiques, tout en \u00e9tant facile \u00e0 utiliser pour tous les niveaux d\u2019exp\u00e9rience artistique.<\/p>","protected":false},"excerpt":{"rendered":"<p>Wiederverwendbare Streetart-Hintergrundschablone, hohe Qualit\u00e4t und in verschiedenen Gr\u00f6\u00dfen erh\u00e4ltlich. Ideal, um urbane Hintergr\u00fcnde auf verschiedenen k\u00fcnstlerischen Medien zu gestalten.<\/p>","protected":false},"featured_media":16555,"comment_status":"open","ping_status":"closed","template":"","meta":{"bwfblock_default_font":"","_kad_blocks_custom_css":"","_kad_blocks_head_custom_js":"","_kad_blocks_body_custom_js":"","_kad_blocks_footer_custom_js":"","_kadence_starter_templates_imported_post":false,"_kad_post_transparent":"default","_kad_post_title":"","_kad_post_layout":"default","_kad_post_sidebar_id":"","_kad_post_content_style":"default","_kad_post_vertical_padding":"default","_kad_post_feature":"","_kad_post_feature_position":"","_kad_post_header":false,"_kad_post_footer":false,"_kad_post_classname":""},"product_brand":[1415],"product_cat":[284,328,273],"product_tag":[694,761,762,285,433,760,327,286],"class_list":{"0":"post-16613","1":"product","2":"type-product","3":"status-publish","4":"has-post-thumbnail","6":"product_brand-mes-pochoirs","7":"product_cat-pochoirs-graffitis","8":"product_cat-pochoirs-street-art","9":"product_cat-pochoirs-urbains","10":"product_tag-abstrait","11":"product_tag-base","12":"product_tag-fond","13":"product_tag-graffiti","14":"product_tag-mur","15":"product_tag-peinture-a-la-bombe","16":"product_tag-street-art","17":"product_tag-urbain","19":"first","20":"instock","21":"taxable","22":"shipping-taxable","23":"purchasable","24":"product-type-variable","25":"entry","26":"content-bg","27":"loop-entry"},"taxonomy_info":{"product_brand":[{"value":1415,"label":"Mes Pochoirs"}],"product_cat":[{"value":284,"label":"Graffitis"},{"value":328,"label":"Street Art"},{"value":273,"label":"Urbains"}],"product_tag":[{"value":694,"label":"abstrait"},{"value":761,"label":"base"},{"value":762,"label":"fond"},{"value":285,"label":"graffiti"},{"value":433,"label":"mur"},{"value":760,"label":"peinture \u00e0 la bombe"},{"value":327,"label":"street art"},{"value":286,"label":"urbain"}]},"featured_image_src_large":["https:\/\/mes-pochoirs.com\/wp-content\/uploads\/2024\/09\/GR0009-FR-pochoir-fragment-graffiti-abstrait-7-10-copyright-mes-pochoirs-com--858x1030.jpg",858,1030,true],"author_info":[],"comment_info":0,"_links":{"self":[{"href":"https:\/\/mes-pochoirs.com\/de\/wp-json\/wp\/v2\/product\/16613","targetHints":{"allow":["GET"]}}],"collection":[{"href":"https:\/\/mes-pochoirs.com\/de\/wp-json\/wp\/v2\/product"}],"about":[{"href":"https:\/\/mes-pochoirs.com\/de\/wp-json\/wp\/v2\/types\/product"}],"replies":[{"embeddable":true,"href":"https:\/\/mes-pochoirs.com\/de\/wp-json\/wp\/v2\/comments?post=16613"}],"wp:featuredmedia":[{"embeddable":true,"href":"https:\/\/mes-pochoirs.com\/de\/wp-json\/wp\/v2\/media\/16555"}],"wp:attachment":[{"href":"https:\/\/mes-pochoirs.com\/de\/wp-json\/wp\/v2\/media?parent=16613"}],"wp:term":[{"taxonomy":"product_brand","embeddable":true,"href":"https:\/\/mes-pochoirs.com\/de\/wp-json\/wp\/v2\/product_brand?post=16613"},{"taxonomy":"product_cat","embeddable":true,"href":"https:\/\/mes-pochoirs.com\/de\/wp-json\/wp\/v2\/product_cat?post=16613"},{"taxonomy":"product_tag","embeddable":true,"href":"https:\/\/mes-pochoirs.com\/de\/wp-json\/wp\/v2\/product_tag?post=16613"}],"curies":[{"name":"wp","href":"https:\/\/api.w.org\/{rel}","templated":true}]}}