{"id":16626,"date":"2024-09-25T12:20:27","date_gmt":"2024-09-25T10:20:27","guid":{"rendered":"https:\/\/mes-pochoirs.com\/?post_type=product&#038;p=16626"},"modified":"2025-10-31T12:13:38","modified_gmt":"2025-10-31T11:13:38","slug":"schablone-close-up-abstrakt-urban-gr0010","status":"publish","type":"product","link":"https:\/\/mes-pochoirs.com\/de\/produit\/pochoir-close-up-abstrait-urbain-gr0010","title":{"rendered":"Schablone Abstraktes Graffiti-Fragment - GR0010"},"content":{"rendered":"<h2>Schablone Close Up Abstrakt Urban<\/h2>\n<h3>Ein Graffiti-Fragment f\u00fcr dynamische Fonds<\/h3>\n<p>Le Pochoir close up abstrait urbain est l\u2019outil parfait pour les artistes qui souhaitent int\u00e9grer l\u2019\u00e9nergie brute et expressive du street art dans leurs cr\u00e9ations. Ce mod\u00e8le repr\u00e9sente un fragment de graffiti abstrait, sp\u00e9cialement con\u00e7u pour \u00eatre utilis\u00e9 en base ou en fond, cr\u00e9ant ainsi des textures et des motifs urbains qui captent imm\u00e9diatement l\u2019attention. Avec son style urbain marqu\u00e9, ce pochoir capture l\u2019essence du graffiti abstrait, o\u00f9 les formes libres et les lignes audacieuses se m\u00e9langent pour cr\u00e9er une esth\u00e9tique unique. Id\u00e9al pour les artistes cherchant \u00e0 ajouter une touche de modernit\u00e9 \u00e0 leurs \u0153uvres, ce pochoir est issu de notre collection graffiti, une gamme d\u00e9di\u00e9e \u00e0 ceux qui souhaitent apporter une dimension urbaine \u00e0 leurs cr\u00e9ations. Le graffiti abstrait est un pilier de l\u2019art de rue, exprimant \u00e0 la fois la libert\u00e9 et l&#8217;\u00e9nergie des grandes villes. Utiliser le pochoir close up abstrait urbain permet de recr\u00e9er cette ambiance dynamique sur divers supports, que ce soit pour d\u00e9corer un mur, une toile, ou personnaliser un objet. Avec son design exclusif, con\u00e7u par notre \u00e9quipe de cr\u00e9ateurs, ce mod\u00e8le offre une base solide pour des compositions plus complexes ou peut \u00eatre utilis\u00e9 seul pour un effet visuel percutant. En jouant avec les techniques de peinture \u00e0 la bombe ou de pinceaux, ce pochoir permet une exploration cr\u00e9ative infinie, laissant l&#8217;artiste libre de construire des couches de textures et d\u2019\u00e9l\u00e9ments abstraits, typiques du street art.<\/p>","protected":false},"excerpt":{"rendered":"<p>Wiederverwendbare, abstrakte, urbane Close-up-Schablone, hohe Qualit\u00e4t, in verschiedenen Gr\u00f6\u00dfen erh\u00e4ltlich. Ideal zum Erstellen von urbanen und zeitgen\u00f6ssischen Hintergr\u00fcnden auf jedem Untergrund.<\/p>","protected":false},"featured_media":16556,"comment_status":"open","ping_status":"closed","template":"","meta":{"bwfblock_default_font":"","_kad_blocks_custom_css":"","_kad_blocks_head_custom_js":"","_kad_blocks_body_custom_js":"","_kad_blocks_footer_custom_js":"","_kadence_starter_templates_imported_post":false,"_kad_post_transparent":"default","_kad_post_title":"","_kad_post_layout":"default","_kad_post_sidebar_id":"","_kad_post_content_style":"default","_kad_post_vertical_padding":"default","_kad_post_feature":"","_kad_post_feature_position":"","_kad_post_header":false,"_kad_post_footer":false,"_kad_post_classname":""},"product_brand":[1415],"product_cat":[284,328,273],"product_tag":[694,761,762,285,433,760,327,286],"class_list":{"0":"post-16626","1":"product","2":"type-product","3":"status-publish","4":"has-post-thumbnail","6":"product_brand-mes-pochoirs","7":"product_cat-pochoirs-graffitis","8":"product_cat-pochoirs-street-art","9":"product_cat-pochoirs-urbains","10":"product_tag-abstrait","11":"product_tag-base","12":"product_tag-fond","13":"product_tag-graffiti","14":"product_tag-mur","15":"product_tag-peinture-a-la-bombe","16":"product_tag-street-art","17":"product_tag-urbain","19":"first","20":"instock","21":"taxable","22":"shipping-taxable","23":"purchasable","24":"product-type-variable","25":"entry","26":"content-bg","27":"loop-entry"},"taxonomy_info":{"product_brand":[{"value":1415,"label":"Mes Pochoirs"}],"product_cat":[{"value":284,"label":"Graffitis"},{"value":328,"label":"Street Art"},{"value":273,"label":"Urbains"}],"product_tag":[{"value":694,"label":"abstrait"},{"value":761,"label":"base"},{"value":762,"label":"fond"},{"value":285,"label":"graffiti"},{"value":433,"label":"mur"},{"value":760,"label":"peinture \u00e0 la bombe"},{"value":327,"label":"street art"},{"value":286,"label":"urbain"}]},"featured_image_src_large":["https:\/\/mes-pochoirs.com\/wp-content\/uploads\/2024\/09\/GR0010-FR-pochoir-fragment-graffiti-abstrait-7-10-copyright-mes-pochoirs-com--858x1030.jpg",858,1030,true],"author_info":[],"comment_info":0,"_links":{"self":[{"href":"https:\/\/mes-pochoirs.com\/de\/wp-json\/wp\/v2\/product\/16626","targetHints":{"allow":["GET"]}}],"collection":[{"href":"https:\/\/mes-pochoirs.com\/de\/wp-json\/wp\/v2\/product"}],"about":[{"href":"https:\/\/mes-pochoirs.com\/de\/wp-json\/wp\/v2\/types\/product"}],"replies":[{"embeddable":true,"href":"https:\/\/mes-pochoirs.com\/de\/wp-json\/wp\/v2\/comments?post=16626"}],"wp:featuredmedia":[{"embeddable":true,"href":"https:\/\/mes-pochoirs.com\/de\/wp-json\/wp\/v2\/media\/16556"}],"wp:attachment":[{"href":"https:\/\/mes-pochoirs.com\/de\/wp-json\/wp\/v2\/media?parent=16626"}],"wp:term":[{"taxonomy":"product_brand","embeddable":true,"href":"https:\/\/mes-pochoirs.com\/de\/wp-json\/wp\/v2\/product_brand?post=16626"},{"taxonomy":"product_cat","embeddable":true,"href":"https:\/\/mes-pochoirs.com\/de\/wp-json\/wp\/v2\/product_cat?post=16626"},{"taxonomy":"product_tag","embeddable":true,"href":"https:\/\/mes-pochoirs.com\/de\/wp-json\/wp\/v2\/product_tag?post=16626"}],"curies":[{"name":"wp","href":"https:\/\/api.w.org\/{rel}","templated":true}]}}