{"id":16691,"date":"2024-09-11T15:06:33","date_gmt":"2024-09-11T13:06:33","guid":{"rendered":"https:\/\/mes-pochoirs.com\/?post_type=product&#038;p=16691"},"modified":"2025-10-31T12:13:48","modified_gmt":"2025-10-31T11:13:48","slug":"schablone-abstrakte-katze-a0022","status":"publish","type":"product","link":"https:\/\/mes-pochoirs.com\/de\/produit\/pochoir-chat-abstrait-a0022","title":{"rendered":"Schablone Katze Abstrakt - A0022"},"content":{"rendered":"<h3>Schablone Katze Abstrakt<\/h3>\n<h3>Katzendesign mit abstraktem Stil<\/h3>\n<p>Le pochoir chat abstrait est une pi\u00e8ce unique et audacieuse qui capte la beaut\u00e9 myst\u00e9rieuse du f\u00e9lin dans un style artistique abstrait. Inspir\u00e9 par la gr\u00e2ce et l&#8217;\u00e9l\u00e9gance naturelle du chat, ce pochoir met en sc\u00e8ne une t\u00eate de chat subtilement stylis\u00e9e, o\u00f9 les formes g\u00e9om\u00e9triques et les courbes minimalistes se m\u00e9langent pour cr\u00e9er une interpr\u00e9tation moderne et dynamique de cet animal fascinant. Ce pochoir, issu de notre cat\u00e9gorie &#8220;animaux&#8221;, est bien plus qu\u2019un simple motif d\u00e9coratif\u202f: il incarne l\u2019essence du f\u00e9lin avec une touche artistique unique. Que ce soit pour un projet de d\u00e9coration, un travail sur toile ou encore pour apporter une dimension nouvelle \u00e0 vos \u0153uvres d&#8217;art, ce pochoir transforme instantan\u00e9ment n\u2019importe quelle surface en une v\u00e9ritable \u0153uvre d&#8217;art. Con\u00e7u sp\u00e9cifiquement pour les amateurs d\u2019art abstrait et les passionn\u00e9s de chats, ce pochoir est id\u00e9al pour ceux qui souhaitent exprimer l&#8217;\u00e9nergie et l&#8217;esprit libre des f\u00e9lins \u00e0 travers des cr\u00e9ations artistiques vari\u00e9es. Les possibilit\u00e9s de style sont infinies\u202f: que vous optiez pour des couleurs vives ou des nuances plus douces, une technique au couteau \u00e0 peindre ou une bombe de peinture, ce pochoir abstrait vous permettra de jouer avec les textures et les contrastes pour cr\u00e9er des effets visuels \u00e9poustouflants. Ce mod\u00e8le exclusif, imagin\u00e9 par notre \u00e9quipe de designers, a \u00e9t\u00e9 pens\u00e9 pour les artistes d\u00e9sirant introduire une touche f\u00e9line \u00e0 leurs cr\u00e9ations. Il est parfait pour s\u2019adapter \u00e0 des \u0153uvres d&#8217;art urbain, des d\u00e9corations murales contemporaines ou encore des projets de personnalisation textile.<\/p>","protected":false},"excerpt":{"rendered":"<p>Abstrakte Katzenschablone, wiederverwendbar und hohe Qualit\u00e4t. Erh\u00e4ltlich in verschiedenen Gr\u00f6\u00dfen, ideal f\u00fcr alle Ihre kreativen Projekte auf verschiedenen Materialien.<\/p>","protected":false},"featured_media":16688,"comment_status":"open","ping_status":"closed","template":"","meta":{"bwfblock_default_font":"","_kad_blocks_custom_css":"","_kad_blocks_head_custom_js":"","_kad_blocks_body_custom_js":"","_kad_blocks_footer_custom_js":"","_kadence_starter_templates_imported_post":false,"_kad_post_transparent":"default","_kad_post_title":"","_kad_post_layout":"default","_kad_post_sidebar_id":"","_kad_post_content_style":"default","_kad_post_vertical_padding":"default","_kad_post_feature":"","_kad_post_feature_position":"","_kad_post_header":false,"_kad_post_footer":false,"_kad_post_classname":""},"product_brand":[1415],"product_cat":[364],"product_tag":[694,367,766,666,767],"class_list":{"0":"post-16691","1":"product","2":"type-product","3":"status-publish","4":"has-post-thumbnail","6":"product_brand-mes-pochoirs","7":"product_cat-pochoirs-animaux","8":"product_tag-abstrait","9":"product_tag-animal","10":"product_tag-chat","11":"product_tag-felin","12":"product_tag-tete-de-chat","14":"first","15":"instock","16":"taxable","17":"shipping-taxable","18":"purchasable","19":"product-type-variable","20":"has-default-attributes","21":"entry","22":"content-bg","23":"loop-entry"},"taxonomy_info":{"product_brand":[{"value":1415,"label":"Mes Pochoirs"}],"product_cat":[{"value":364,"label":"Animaux"}],"product_tag":[{"value":694,"label":"abstrait"},{"value":367,"label":"animal"},{"value":766,"label":"chat"},{"value":666,"label":"f\u00e9lin"},{"value":767,"label":"t\u00eate de chat"}]},"featured_image_src_large":["https:\/\/mes-pochoirs.com\/wp-content\/uploads\/2024\/09\/A0022-FR-pochoir-tete-chat-1-1-copyright-mes-pochoirs-com--858x1030.jpg",858,1030,true],"author_info":[],"comment_info":1,"_links":{"self":[{"href":"https:\/\/mes-pochoirs.com\/de\/wp-json\/wp\/v2\/product\/16691","targetHints":{"allow":["GET"]}}],"collection":[{"href":"https:\/\/mes-pochoirs.com\/de\/wp-json\/wp\/v2\/product"}],"about":[{"href":"https:\/\/mes-pochoirs.com\/de\/wp-json\/wp\/v2\/types\/product"}],"replies":[{"embeddable":true,"href":"https:\/\/mes-pochoirs.com\/de\/wp-json\/wp\/v2\/comments?post=16691"}],"wp:featuredmedia":[{"embeddable":true,"href":"https:\/\/mes-pochoirs.com\/de\/wp-json\/wp\/v2\/media\/16688"}],"wp:attachment":[{"href":"https:\/\/mes-pochoirs.com\/de\/wp-json\/wp\/v2\/media?parent=16691"}],"wp:term":[{"taxonomy":"product_brand","embeddable":true,"href":"https:\/\/mes-pochoirs.com\/de\/wp-json\/wp\/v2\/product_brand?post=16691"},{"taxonomy":"product_cat","embeddable":true,"href":"https:\/\/mes-pochoirs.com\/de\/wp-json\/wp\/v2\/product_cat?post=16691"},{"taxonomy":"product_tag","embeddable":true,"href":"https:\/\/mes-pochoirs.com\/de\/wp-json\/wp\/v2\/product_tag?post=16691"}],"curies":[{"name":"wp","href":"https:\/\/api.w.org\/{rel}","templated":true}]}}