{"id":16705,"date":"2024-09-11T15:36:19","date_gmt":"2024-09-11T13:36:19","guid":{"rendered":"https:\/\/mes-pochoirs.com\/?post_type=product&#038;p=16705"},"modified":"2025-10-31T12:13:51","modified_gmt":"2025-10-31T11:13:51","slug":"schablone-katzenkopf-abstrakt-a00024","status":"publish","type":"product","link":"https:\/\/mes-pochoirs.com\/de\/produit\/pochoir-tete-de-chat-abstrait-a00024","title":{"rendered":"Schablone Katzenkopf Abstrakt - A0024"},"content":{"rendered":"<h2>Schablone Katzenkopf Abstrakt<\/h2>\n<h3>Ausdrucksstarkes und abstraktes Katzendesign<\/h3>\n<p>Le pochoir t\u00eate de chat abstrait est un v\u00e9ritable hommage \u00e0 la beaut\u00e9 \u00e9l\u00e9gante et myst\u00e9rieuse du f\u00e9lin. Ce pochoir capture la t\u00eate de chat avec un design abstrait qui combine des lignes d\u00e9licates et des d\u00e9tails subtils, cr\u00e9ant une \u0153uvre artistique unique en son genre. Inspir\u00e9 par l&#8217;essence m\u00eame du chat, ce pochoir met en valeur les traits expressifs du visage du f\u00e9lin, tels que ses yeux captivants et ses contours fluides. Il offre une vision modernis\u00e9e et stylis\u00e9e de l&#8217;animal, parfaite pour les amateurs d\u2019art contemporain et les passionn\u00e9s d\u2019animaux. Issu de notre collection &#8220;animaux&#8221;, ce pochoir fait partie de nos cr\u00e9ations exclusives, enti\u00e8rement imagin\u00e9es et con\u00e7ues par notre \u00e9quipe de designers. Il s\u2019adresse \u00e0 tous ceux qui souhaitent apporter une touche f\u00e9line \u00e0 leurs projets cr\u00e9atifs, que ce soit pour des \u0153uvres d&#8217;art ou des projets de d\u00e9coration. Gr\u00e2ce \u00e0 son style abstrait, il s&#8217;int\u00e8gre parfaitement dans une vari\u00e9t\u00e9 de d\u00e9cors, du plus minimaliste au plus color\u00e9. Le pochoir t\u00eate de chat abstrait est l&#8217;outil id\u00e9al pour exprimer la puissance et la gr\u00e2ce naturelle de cet animal fascinant tout en offrant une libert\u00e9 artistique compl\u00e8te \u00e0 l&#8217;utilisateur.<\/p>\n<h3>Ein Stil, der sich an alle Ihre Kreationen anpassen l\u00e4sst<\/h3>\n<p>Ce pochoir abstrait est con\u00e7u pour vous permettre d\u2019explorer diff\u00e9rents styles artistiques. Que vous pr\u00e9f\u00e9riez travailler dans un style minimaliste en utilisant des couleurs monochromes ou que vous aimiez jouer avec des nuances plus vives et contrast\u00e9es, ce pochoir vous offre des possibilit\u00e9s infinies. Son design abstrait permet d&#8217;ajouter des \u00e9l\u00e9ments de myst\u00e8re et de sophistication \u00e0 vos \u0153uvres, tout en gardant une reconnaissance imm\u00e9diate de la figure embl\u00e9matique du chat. Il est id\u00e9al pour les artistes souhaitant exp\u00e9rimenter avec des textures et des techniques vari\u00e9es, offrant ainsi une grande libert\u00e9 cr\u00e9ative. Ce mod\u00e8le est \u00e9galement un excellent choix pour des projets de d\u00e9coration int\u00e9rieure. Que ce soit pour personnaliser un espace mural, une toile, un textile, ou m\u00eame du mobilier, le pochoir t\u00eate de chat abstrait saura sublimer vos supports avec une touche artistique \u00e9l\u00e9gante et contemporaine. Chaque r\u00e9alisation devient ainsi une v\u00e9ritable \u0153uvre d&#8217;art, apportant une ambiance f\u00e9line et myst\u00e9rieuse \u00e0 votre environnement.<\/p>","protected":false},"excerpt":{"rendered":"<p>Abstrakte, wiederverwendbare Katzenkopf-Schablone von hoher Qualit\u00e4t. Erh\u00e4ltlich in verschiedenen Gr\u00f6\u00dfen f\u00fcr k\u00fcnstlerische Kreationen auf verschiedenen Materialien.<\/p>","protected":false},"featured_media":16690,"comment_status":"open","ping_status":"closed","template":"","meta":{"bwfblock_default_font":"","_kad_blocks_custom_css":"","_kad_blocks_head_custom_js":"","_kad_blocks_body_custom_js":"","_kad_blocks_footer_custom_js":"","_kadence_starter_templates_imported_post":false,"_kad_post_transparent":"default","_kad_post_title":"","_kad_post_layout":"default","_kad_post_sidebar_id":"","_kad_post_content_style":"default","_kad_post_vertical_padding":"default","_kad_post_feature":"","_kad_post_feature_position":"","_kad_post_header":false,"_kad_post_footer":false,"_kad_post_classname":""},"product_brand":[1415],"product_cat":[364],"product_tag":[694,367,766,666,767],"class_list":{"0":"post-16705","1":"product","2":"type-product","3":"status-publish","4":"has-post-thumbnail","6":"product_brand-mes-pochoirs","7":"product_cat-pochoirs-animaux","8":"product_tag-abstrait","9":"product_tag-animal","10":"product_tag-chat","11":"product_tag-felin","12":"product_tag-tete-de-chat","14":"first","15":"instock","16":"taxable","17":"shipping-taxable","18":"purchasable","19":"product-type-variable","20":"has-default-attributes","21":"entry","22":"content-bg","23":"loop-entry"},"taxonomy_info":{"product_brand":[{"value":1415,"label":"Mes Pochoirs"}],"product_cat":[{"value":364,"label":"Animaux"}],"product_tag":[{"value":694,"label":"abstrait"},{"value":367,"label":"animal"},{"value":766,"label":"chat"},{"value":666,"label":"f\u00e9lin"},{"value":767,"label":"t\u00eate de chat"}]},"featured_image_src_large":["https:\/\/mes-pochoirs.com\/wp-content\/uploads\/2024\/09\/A0024-FR-pochoir-tete-chat-1-1-copyright-mes-pochoirs-com--858x1030.jpg",858,1030,true],"author_info":[],"comment_info":2,"_links":{"self":[{"href":"https:\/\/mes-pochoirs.com\/de\/wp-json\/wp\/v2\/product\/16705","targetHints":{"allow":["GET"]}}],"collection":[{"href":"https:\/\/mes-pochoirs.com\/de\/wp-json\/wp\/v2\/product"}],"about":[{"href":"https:\/\/mes-pochoirs.com\/de\/wp-json\/wp\/v2\/types\/product"}],"replies":[{"embeddable":true,"href":"https:\/\/mes-pochoirs.com\/de\/wp-json\/wp\/v2\/comments?post=16705"}],"wp:featuredmedia":[{"embeddable":true,"href":"https:\/\/mes-pochoirs.com\/de\/wp-json\/wp\/v2\/media\/16690"}],"wp:attachment":[{"href":"https:\/\/mes-pochoirs.com\/de\/wp-json\/wp\/v2\/media?parent=16705"}],"wp:term":[{"taxonomy":"product_brand","embeddable":true,"href":"https:\/\/mes-pochoirs.com\/de\/wp-json\/wp\/v2\/product_brand?post=16705"},{"taxonomy":"product_cat","embeddable":true,"href":"https:\/\/mes-pochoirs.com\/de\/wp-json\/wp\/v2\/product_cat?post=16705"},{"taxonomy":"product_tag","embeddable":true,"href":"https:\/\/mes-pochoirs.com\/de\/wp-json\/wp\/v2\/product_tag?post=16705"}],"curies":[{"name":"wp","href":"https:\/\/api.w.org\/{rel}","templated":true}]}}