{"id":16725,"date":"2024-09-25T16:06:13","date_gmt":"2024-09-25T14:06:13","guid":{"rendered":"https:\/\/mes-pochoirs.com\/?post_type=product&#038;p=16725"},"modified":"2025-10-31T12:13:57","modified_gmt":"2025-10-31T11:13:57","slug":"schablone-graffiti-abstrakt-gr0014","status":"publish","type":"product","link":"https:\/\/mes-pochoirs.com\/de\/produit\/pochoir-graffiti-abstrait-gr0014","title":{"rendered":"Schablone Abstraktes Graffiti-Fragment - GR0014"},"content":{"rendered":"<h2>Schablone Graffiti Abstrakt<\/h2>\n<h3>Ein urbanes Graffiti-Fragment f\u00fcr einen einzigartigen visuellen Eindruck<\/h3>\n<p>Die abstrakte Graffiti-Schablone, die wir anbieten, ist viel mehr als nur ein kreatives Werkzeug: Sie stellt ein St\u00fcck urbane Seele dar, ein Graffiti-Fragment, das die Essenz des Ausdrucks auf der Stra\u00dfe einf\u00e4ngt. Direkt von den W\u00e4nden der Gro\u00dfst\u00e4dte inspiriert, verk\u00f6rpert diese Schablone das Chaos und die rohe Energie der Street Art und bleibt dabei f\u00fcr K\u00fcnstler aller Art zug\u00e4nglich. Dank ihres abstrakten und klaren Designs k\u00f6nnen mit dieser Schablone fragmentierte Formen und komplexe Texturen reproduziert werden, die stark an den Stil der st\u00e4dtischen Graffiti erinnern. Durch die Verwendung als Hintergrund verleiht sie Ihren k\u00fcnstlerischen Kreationen Tiefe und Dimension, egal ob es sich um Leinw\u00e4nde, W\u00e4nde oder Textilprojekte handelt. Es ist ein effektives Mittel, um diesen urbanen, zeitgen\u00f6ssischen Touch zu verleihen, der sofort die Blicke auf sich zieht.<\/p>\n<h3>Abstraktes Design f\u00fcr zeitgen\u00f6ssische Kunst<\/h3>\n<p>Diese Schablone aus unserer Kategorie \"Graffiti\" wurde speziell f\u00fcr K\u00fcnstler entwickelt, die nach kreativer Freiheit suchen. Die unregelm\u00e4\u00dfigen Linien und asymmetrischen Formen, die sie reproduzieren kann, sind ideal, um dynamische und ausdrucksstarke abstrakte Kompositionen zu schaffen. Sein einzigartiges Design, das von unserem Team erdacht und umgesetzt wurde, macht es zu einer exklusiven Wahl f\u00fcr Kreative, die sich von der Masse abheben wollen. Diese abstrakte Graffiti-Schablone eignet sich perfekt f\u00fcr Hintergr\u00fcnde oder als Grundlage f\u00fcr komplexere Werke und erm\u00f6glicht es, starke Kontraste und bereichernde Texturen zu schaffen. Mit ihrer rohen, minimalistischen \u00c4sthetik ist sie ein echtes Sprungbrett, um Ihrer Kreativit\u00e4t auf verschiedenen Oberfl\u00e4chen freien Lauf zu lassen, sei es auf W\u00e4nden, Leinw\u00e4nden oder anderen Medien. \u00a0<\/p>","protected":false},"excerpt":{"rendered":"<p>Wiederverwendbare, abstrakte Graffiti-Schablone aus hochwertigem Kunststoff. Mehrere Gr\u00f6\u00dfen erh\u00e4ltlich f\u00fcr Ihre k\u00fcnstlerischen Kreationen auf allen Materialien.<\/p>","protected":false},"featured_media":16704,"comment_status":"open","ping_status":"closed","template":"","meta":{"bwfblock_default_font":"","_kad_blocks_custom_css":"","_kad_blocks_head_custom_js":"","_kad_blocks_body_custom_js":"","_kad_blocks_footer_custom_js":"","_kadence_starter_templates_imported_post":false,"_kad_post_transparent":"default","_kad_post_title":"","_kad_post_layout":"default","_kad_post_sidebar_id":"","_kad_post_content_style":"default","_kad_post_vertical_padding":"default","_kad_post_feature":"","_kad_post_feature_position":"","_kad_post_header":false,"_kad_post_footer":false,"_kad_post_classname":""},"product_brand":[1415],"product_cat":[284,328,273],"product_tag":[694,761,489,770,768,285,769,433,434,327,286],"class_list":{"0":"post-16725","1":"product","2":"type-product","3":"status-publish","4":"has-post-thumbnail","6":"product_brand-mes-pochoirs","7":"product_cat-pochoirs-graffitis","8":"product_cat-pochoirs-street-art","9":"product_cat-pochoirs-urbains","10":"product_tag-abstrait","11":"product_tag-base","12":"product_tag-close-up","13":"product_tag-fonds","14":"product_tag-fragment","15":"product_tag-graffiti","16":"product_tag-morceau","17":"product_tag-mur","18":"product_tag-mural","19":"product_tag-street-art","20":"product_tag-urbain","22":"first","23":"instock","24":"taxable","25":"shipping-taxable","26":"purchasable","27":"product-type-variable","28":"entry","29":"content-bg","30":"loop-entry"},"taxonomy_info":{"product_brand":[{"value":1415,"label":"Mes Pochoirs"}],"product_cat":[{"value":284,"label":"Graffitis"},{"value":328,"label":"Street Art"},{"value":273,"label":"Urbains"}],"product_tag":[{"value":694,"label":"abstrait"},{"value":761,"label":"base"},{"value":489,"label":"Close-Up"},{"value":770,"label":"fonds"},{"value":768,"label":"Fragment"},{"value":285,"label":"graffiti"},{"value":769,"label":"morceau"},{"value":433,"label":"mur"},{"value":434,"label":"mural"},{"value":327,"label":"street art"},{"value":286,"label":"urbain"}]},"featured_image_src_large":["https:\/\/mes-pochoirs.com\/wp-content\/uploads\/2024\/09\/GR0014-FR-pochoir-fragment-graffiti-abstrait-4-5-copyright-mes-pochoirs-com--858x1030.jpg",858,1030,true],"author_info":[],"comment_info":1,"_links":{"self":[{"href":"https:\/\/mes-pochoirs.com\/de\/wp-json\/wp\/v2\/product\/16725","targetHints":{"allow":["GET"]}}],"collection":[{"href":"https:\/\/mes-pochoirs.com\/de\/wp-json\/wp\/v2\/product"}],"about":[{"href":"https:\/\/mes-pochoirs.com\/de\/wp-json\/wp\/v2\/types\/product"}],"replies":[{"embeddable":true,"href":"https:\/\/mes-pochoirs.com\/de\/wp-json\/wp\/v2\/comments?post=16725"}],"wp:featuredmedia":[{"embeddable":true,"href":"https:\/\/mes-pochoirs.com\/de\/wp-json\/wp\/v2\/media\/16704"}],"wp:attachment":[{"href":"https:\/\/mes-pochoirs.com\/de\/wp-json\/wp\/v2\/media?parent=16725"}],"wp:term":[{"taxonomy":"product_brand","embeddable":true,"href":"https:\/\/mes-pochoirs.com\/de\/wp-json\/wp\/v2\/product_brand?post=16725"},{"taxonomy":"product_cat","embeddable":true,"href":"https:\/\/mes-pochoirs.com\/de\/wp-json\/wp\/v2\/product_cat?post=16725"},{"taxonomy":"product_tag","embeddable":true,"href":"https:\/\/mes-pochoirs.com\/de\/wp-json\/wp\/v2\/product_tag?post=16725"}],"curies":[{"name":"wp","href":"https:\/\/api.w.org\/{rel}","templated":true}]}}