{"id":16877,"date":"2024-09-26T09:00:16","date_gmt":"2024-09-26T07:00:16","guid":{"rendered":"https:\/\/mes-pochoirs.com\/?post_type=product&#038;p=16877"},"modified":"2025-10-31T12:14:37","modified_gmt":"2025-10-31T11:14:37","slug":"schablone-vincent-van-gogh-und-seine-sonnenblumen-ic0002","status":"publish","type":"product","link":"https:\/\/mes-pochoirs.com\/de\/produit\/pochoir-vincent-van-gogh-et-ses-tournesols-ic0002","title":{"rendered":"Schablone Vincent Van Gogh und seine Sonnenblumen - IC0002"},"content":{"rendered":"<h2>Schablone Vincent Van Gogh Und Seine Sonnenblumen<\/h2>\n<h3>Lichtfusion: Van Gogh im Herzen der Sonnenblumen<\/h3>\n<p>\u00a0<\/p>\n<p>Diese einzigartige Schablone wurde nach dem Werk \"The Sun's Embrace (Die Umarmung der Sonne)\" von John Beckley angefertigt und f\u00e4ngt die Symbolkraft des Zusammentreffens von Vincent van Goghs Selbstportr\u00e4t mit seinen ber\u00fchmten Sonnenblumen ein. Das Werk zeigt durch diese Schablone, wie van Gogh eine Vase mit Sonnenblumen h\u00e4lt, eine zutiefst metaphorische Geste, die die Dualit\u00e4t des K\u00fcnstlers hervorruft: ein kreatives und gequ\u00e4ltes Genie, w\u00e4hrend er gleichzeitig in dem Licht und der Vitalit\u00e4t, die diese Blumen symbolisieren, verankert ist.<\/p>\n<p>Diese Schablone ist mehr als nur ein Abbild, sie verk\u00f6rpert den inneren Kampf des K\u00fcnstlers mit der Sch\u00f6nheit, die er einzufangen versucht. Die strahlenden Sonnenblumen scheinen fast eine Erweiterung von Van Gogh selbst zu sein, ein Teil von ihm, den er stolz tr\u00e4gt und der eng mit seinen hellsten Werken verbunden ist. Dieses von John Beckley neu interpretierte Werk bietet eine respektvolle und kraftvolle Hommage an Van Gogh und verleiht ihm gleichzeitig einen zeitgen\u00f6ssischen Touch. Diese einzigartige Schablone ist an sich schon ein wahres Kunstwerk.<\/p>\n<h3>Inspiration ohne Grenzen : Die Magie der Van Gogh-Schablone<\/h3>\n<p>Ob Sie nun ein angehender oder professioneller K\u00fcnstler sind, sich f\u00fcr Van Gogh begeistern oder die Grenzen Ihrer Kreativit\u00e4t erweitern wollen, diese einzigartige Schablone wird Ihren Werken eine tiefe k\u00fcnstlerische und symbolische Dimension verleihen. Sie ist ideal f\u00fcr die Verwendung auf einer Vielzahl von Materialien und erm\u00f6glicht es Ihnen, den Reichtum eines ikonischen Werks in Ihre Projekte einzubeziehen. Diese Schablone bietet eine Gelegenheit, neue Techniken zu erforschen und gleichzeitig Van Goghs k\u00fcnstlerisches Erbe durch eine moderne Interpretation zu w\u00fcrdigen.<\/p>","protected":false},"excerpt":{"rendered":"<p>Schablone <span style=\"font-family: var(--global-body-font-family); font-size: 18px; font-weight: normal;\">Vincent Van Gogh und seine Sonnenblumen<\/span>Eine symbolische Verschmelzung von Van Goghs Selbstportr\u00e4t und seinen emblematischen Blumen, ideal, um Ihre Kunstwerke mit einer zeitgen\u00f6ssischen Interpretation zu bereichern.<\/p>","protected":false},"featured_media":16897,"comment_status":"open","ping_status":"closed","template":"","meta":{"bwfblock_default_font":"","_kad_blocks_custom_css":"","_kad_blocks_head_custom_js":"","_kad_blocks_body_custom_js":"","_kad_blocks_footer_custom_js":"","_kadence_starter_templates_imported_post":false,"_kad_post_transparent":"default","_kad_post_title":"","_kad_post_layout":"default","_kad_post_sidebar_id":"","_kad_post_content_style":"default","_kad_post_vertical_padding":"default","_kad_post_feature":"","_kad_post_feature_position":"","_kad_post_header":false,"_kad_post_footer":false,"_kad_post_classname":""},"product_brand":[1415],"product_cat":[732,36],"product_tag":[656,735,469,340,416,471,564,468,390,792,794,791,338],"class_list":{"0":"post-16877","1":"product","2":"type-product","3":"status-publish","4":"has-post-thumbnail","6":"product_brand-mes-pochoirs","7":"product_cat-pochoirs-icones-celebrites","8":"product_cat-pochoirs-portraits-visages","9":"product_tag-artiste","10":"product_tag-artiste-peintre","11":"product_tag-celebre","12":"product_tag-celebrite","13":"product_tag-fleurs","14":"product_tag-icone","15":"product_tag-oeuvre","16":"product_tag-peintre","17":"product_tag-portrait","18":"product_tag-tournesol","19":"product_tag-van-gogh","20":"product_tag-vincent-van-gogh","21":"product_tag-visage","23":"first","24":"instock","25":"taxable","26":"shipping-taxable","27":"purchasable","28":"product-type-variable","29":"has-default-attributes","30":"entry","31":"content-bg","32":"loop-entry"},"taxonomy_info":{"product_brand":[{"value":1415,"label":"Mes Pochoirs"}],"product_cat":[{"value":732,"label":"Ic\u00f4nes &amp; C\u00e9l\u00e9brit\u00e9s"},{"value":36,"label":"Portraits &amp; Visages"}],"product_tag":[{"value":656,"label":"artiste"},{"value":735,"label":"artiste peintre"},{"value":469,"label":"c\u00e9l\u00e8bre"},{"value":340,"label":"c\u00e9l\u00e9brit\u00e9"},{"value":416,"label":"fleurs"},{"value":471,"label":"icone"},{"value":564,"label":"oeuvre"},{"value":468,"label":"peintre"},{"value":390,"label":"portrait"},{"value":792,"label":"tournesol"},{"value":794,"label":"Van Gogh"},{"value":791,"label":"Vincent Van Gogh"},{"value":338,"label":"visage"}]},"featured_image_src_large":["https:\/\/mes-pochoirs.com\/wp-content\/uploads\/2024\/09\/IC0002-FR-pochoir-vincent-van-gogh-tournesols-1-1-copyright-mes-pochoirs-com--858x1030.jpg",858,1030,true],"author_info":[],"comment_info":7,"_links":{"self":[{"href":"https:\/\/mes-pochoirs.com\/de\/wp-json\/wp\/v2\/product\/16877","targetHints":{"allow":["GET"]}}],"collection":[{"href":"https:\/\/mes-pochoirs.com\/de\/wp-json\/wp\/v2\/product"}],"about":[{"href":"https:\/\/mes-pochoirs.com\/de\/wp-json\/wp\/v2\/types\/product"}],"replies":[{"embeddable":true,"href":"https:\/\/mes-pochoirs.com\/de\/wp-json\/wp\/v2\/comments?post=16877"}],"wp:featuredmedia":[{"embeddable":true,"href":"https:\/\/mes-pochoirs.com\/de\/wp-json\/wp\/v2\/media\/16897"}],"wp:attachment":[{"href":"https:\/\/mes-pochoirs.com\/de\/wp-json\/wp\/v2\/media?parent=16877"}],"wp:term":[{"taxonomy":"product_brand","embeddable":true,"href":"https:\/\/mes-pochoirs.com\/de\/wp-json\/wp\/v2\/product_brand?post=16877"},{"taxonomy":"product_cat","embeddable":true,"href":"https:\/\/mes-pochoirs.com\/de\/wp-json\/wp\/v2\/product_cat?post=16877"},{"taxonomy":"product_tag","embeddable":true,"href":"https:\/\/mes-pochoirs.com\/de\/wp-json\/wp\/v2\/product_tag?post=16877"}],"curies":[{"name":"wp","href":"https:\/\/api.w.org\/{rel}","templated":true}]}}