{"id":17245,"date":"2024-10-04T11:12:58","date_gmt":"2024-10-04T09:12:58","guid":{"rendered":"https:\/\/mes-pochoirs.com\/?post_type=product&#038;p=17245"},"modified":"2025-10-31T12:16:07","modified_gmt":"2025-10-31T11:16:07","slug":"abstrakte-schablone-frau-vogel-pa0024","status":"publish","type":"product","link":"https:\/\/mes-pochoirs.com\/de\/produit\/pochoir-abstrait-femme-oiseau-pa0024","title":{"rendered":"Abstrakte Schablone Frau &amp; Vogel - PA0024"},"content":{"rendered":"<h2>Abstrakte Schablone Frau &amp; Vogel<\/h2>\n<h3>Harmonie zwischen Eleganz und Freiheit<\/h3>\n<p>Die Schablone Abstrakt Frau &amp; Vogel verk\u00f6rpert eine subtile Verschmelzung von weiblicher Sch\u00f6nheit und wilder Natur, die durch einen anmutigen Vogel symbolisiert wird. Diese abstrakte Schablone spielt mit Formen und Kontrasten, um ein poetisches und zugleich r\u00e4tselhaftes Kunstwerk zu schaffen. Mit der Darstellung einer eleganten Frau, deren Konturen sich sanft mit einem Vogel vermischen, dr\u00fcckt diese Schablone ein Gef\u00fchl von Freiheit und einer innigen Verbindung mit der Natur aus. Mit ihren klaren Linien und ihrem abstrakten Stil vermittelt sie sowohl Sanftheit als auch St\u00e4rke und bietet K\u00fcnstlern eine ideale Inspirationsquelle, um einen Hauch von Glamour, Weiblichkeit und Geheimnis in ihre Kreationen zu integrieren. Die Schablone Frau &amp; Vogel erkundet auch die Themen Freiheit, Eleganz und nat\u00fcrliche Sch\u00f6nheit. Der Vogel, ein Symbol f\u00fcr Leichtigkeit und Bewegung, verbindet sich harmonisch mit der weiblichen Silhouette zu einer emotionsreichen visuellen Komposition. Egal, ob Sie sich zu abstrakter Kunst hingezogen f\u00fchlen oder neue kreative Horizonte erkunden m\u00f6chten, diese Schablone wurde entwickelt, um Ihren Werken eine einzigartige Dimension zu verleihen. Die Schablone Abstrakt Frau &amp; Vogel eignet sich perfekt f\u00fcr Wandmalereien, Leinw\u00e4nde oder sogar dekorative Objekte. Sie spiegelt eine moderne und zeitlose \u00c4sthetik wider, die sich f\u00fcr K\u00fcnstler eignet, die Natur und Glamour in ihren Kunstprojekten vereinen m\u00f6chten.<\/p>\n<h3>Exklusives Design f\u00fcr fesselnde k\u00fcnstlerische Kreationen<\/h3>\n<p>Unsere Designs, die von unserem Team aus leidenschaftlichen Designern erdacht und entworfen wurden, bieten eine gro\u00dfe k\u00fcnstlerische Freiheit und sind dennoch leicht erkennbar. Diese Schablone Abstrakt Frau &amp; Vogel verbindet abstrakte Elemente mit zeitlosen Themen wie Weiblichkeit und Natur. Das exklusive Design dieser Schablone mit seinen flie\u00dfenden Linien und suggestiven Formen eignet sich hervorragend f\u00fcr eine Vielzahl von kreativen Projekten, von der Herstellung zeitgen\u00f6ssischer Kunstwerke bis hin zur individuellen Gestaltung von Dekorationsgegenst\u00e4nden. Der abstrakte Stil dieser Schablone erm\u00f6glicht eine Vielzahl von k\u00fcnstlerischen Interpretationen. Sie k\u00f6nnen mit Farben, Texturen und Techniken spielen, um einzigartige Kunstwerke entstehen zu lassen. Die weibliche Silhouette in Verbindung mit dem Vogel ruft ein Gef\u00fchl von Leichtigkeit und Freiheit hervor und verleiht Ihren Kreationen gleichzeitig einen Hauch von Raffinesse. Diese Schablone ist ein unverzichtbares Werkzeug, um Ihrer Kreativit\u00e4t auf elegante und originelle Weise Ausdruck zu verleihen. \u00a0<\/p>","protected":false},"excerpt":{"rendered":"<p>Wiederverwendbare abstrakte Schablone Frau &amp; Vogel, hohe Qualit\u00e4t, in verschiedenen Gr\u00f6\u00dfen erh\u00e4ltlich. Perfekt f\u00fcr elegante k\u00fcnstlerische Kreationen auf allen Materialien.<\/p>","protected":false},"featured_media":17221,"comment_status":"open","ping_status":"closed","template":"","meta":{"bwfblock_default_font":"","_kad_blocks_custom_css":"","_kad_blocks_head_custom_js":"","_kad_blocks_body_custom_js":"","_kad_blocks_footer_custom_js":"","_kadence_starter_templates_imported_post":false,"_kad_post_transparent":"default","_kad_post_title":"","_kad_post_layout":"default","_kad_post_sidebar_id":"","_kad_post_content_style":"default","_kad_post_vertical_padding":"default","_kad_post_feature":"","_kad_post_feature_position":"","_kad_post_header":false,"_kad_post_footer":false,"_kad_post_classname":""},"product_brand":[1415],"product_cat":[36,332],"product_tag":[694,359,370,661,390],"class_list":{"0":"post-17245","1":"product","2":"type-product","3":"status-publish","4":"has-post-thumbnail","6":"product_brand-mes-pochoirs","7":"product_cat-pochoirs-portraits-visages","8":"product_cat-pochoirs-pop-art","9":"product_tag-abstrait","10":"product_tag-femme","11":"product_tag-nature","12":"product_tag-oiseau","13":"product_tag-portrait","15":"first","16":"instock","17":"taxable","18":"shipping-taxable","19":"purchasable","20":"product-type-variable","21":"has-default-attributes","22":"entry","23":"content-bg","24":"loop-entry"},"taxonomy_info":{"product_brand":[{"value":1415,"label":"Mes Pochoirs"}],"product_cat":[{"value":36,"label":"Portraits &amp; Visages"},{"value":332,"label":"Pop Art"}],"product_tag":[{"value":694,"label":"abstrait"},{"value":359,"label":"femme"},{"value":370,"label":"nature"},{"value":661,"label":"oiseau"},{"value":390,"label":"portrait"}]},"featured_image_src_large":["https:\/\/mes-pochoirs.com\/wp-content\/uploads\/2024\/10\/PA0024-FR-pochoir-femme-oiseau-1-1-copyright-mes-pochoirs-com--858x1030.jpg",858,1030,true],"author_info":[],"comment_info":1,"_links":{"self":[{"href":"https:\/\/mes-pochoirs.com\/de\/wp-json\/wp\/v2\/product\/17245","targetHints":{"allow":["GET"]}}],"collection":[{"href":"https:\/\/mes-pochoirs.com\/de\/wp-json\/wp\/v2\/product"}],"about":[{"href":"https:\/\/mes-pochoirs.com\/de\/wp-json\/wp\/v2\/types\/product"}],"replies":[{"embeddable":true,"href":"https:\/\/mes-pochoirs.com\/de\/wp-json\/wp\/v2\/comments?post=17245"}],"wp:featuredmedia":[{"embeddable":true,"href":"https:\/\/mes-pochoirs.com\/de\/wp-json\/wp\/v2\/media\/17221"}],"wp:attachment":[{"href":"https:\/\/mes-pochoirs.com\/de\/wp-json\/wp\/v2\/media?parent=17245"}],"wp:term":[{"taxonomy":"product_brand","embeddable":true,"href":"https:\/\/mes-pochoirs.com\/de\/wp-json\/wp\/v2\/product_brand?post=17245"},{"taxonomy":"product_cat","embeddable":true,"href":"https:\/\/mes-pochoirs.com\/de\/wp-json\/wp\/v2\/product_cat?post=17245"},{"taxonomy":"product_tag","embeddable":true,"href":"https:\/\/mes-pochoirs.com\/de\/wp-json\/wp\/v2\/product_tag?post=17245"}],"curies":[{"name":"wp","href":"https:\/\/api.w.org\/{rel}","templated":true}]}}