{"id":17629,"date":"2024-10-22T22:26:01","date_gmt":"2024-10-22T20:26:01","guid":{"rendered":"https:\/\/mes-pochoirs.com\/?post_type=product&#038;p=17629"},"modified":"2025-10-31T12:16:32","modified_gmt":"2025-10-31T11:16:32","slug":"schablone-wilder-orca-a0044","status":"publish","type":"product","link":"https:\/\/mes-pochoirs.com\/de\/produit\/pochoir-orque-sauvage-a0044","title":{"rendered":"Schablone Orca - A0044"},"content":{"rendered":"<h2>\u00a0Die Schablone Wilder Orca<\/h2>\n<h3>Eine Hommage an die Kraft des Ozeans<\/h3>\n<p>Le Pochoir Orque Sauvage est une c\u00e9l\u00e9bration de la majest\u00e9 et de la force de l\u2019orque, l\u2019un des plus grands pr\u00e9dateurs des oc\u00e9ans. Cet animal marin, connu pour son intelligence et son charisme, incarne la libert\u00e9 et la puissance des fonds marins. Le pochoir met en avant la silhouette \u00e9l\u00e9gante et imposante de l\u2019orque, permettant aux artistes de capturer son \u00e9nergie brute et sa pr\u00e9sence imposante. En choisissant de repr\u00e9senter l\u2019orque dans un style abstrait, ce pochoir offre une approche moderne et artistique, qui souligne l\u2019essence de cet animal tout en permettant une grande libert\u00e9 d\u2019interpr\u00e9tation. L\u2019orque, souvent appel\u00e9e &#8220;baleine tueuse&#8221;, est un symbole de l\u2019harmonie et de la domination dans l\u2019univers marin. Ce pochoir, issu de notre cat\u00e9gorie animaux, permet aux cr\u00e9ateurs d\u2019introduire des \u00e9l\u00e9ments inspir\u00e9s par l\u2019oc\u00e9an dans leurs projets. Que vous souhaitiez ajouter une touche marine \u00e0 une toile, d\u00e9corer un mur avec une sc\u00e8ne oc\u00e9anique, ou simplement apporter un souffle de nature \u00e0 vos cr\u00e9ations, ce mod\u00e8le est con\u00e7u pour vous. Le Pochoir Orque Sauvage vous permet de faire voyager vos spectateurs vers les profondeurs des mers, tout en laissant libre cours \u00e0 votre imagination artistique.<\/p>\n<h3>Abstrakter Stil f\u00fcr einzigartige Meereskreationen<\/h3>\n<p>Avec son style abstrait, le Pochoir Orque Sauvage s\u2019adresse aux artistes qui recherchent des moyens cr\u00e9atifs et contemporains de repr\u00e9senter la vie marine. Ce design exclusif, imagin\u00e9 par notre \u00e9quipe, permet de saisir la silhouette caract\u00e9ristique de l\u2019orque tout en offrant une flexibilit\u00e9 artistique. Les lignes fluides et les formes simplifi\u00e9es capturent le mouvement et la dynamique de cet animal marin dans son environnement naturel, rendant ce pochoir id\u00e9al pour des compositions modernes et minimalistes. Que vous travailliez sur des \u0153uvres murales, des toiles ou m\u00eame des textiles, ce pochoir vous permet d\u2019apporter une touche oc\u00e9anique \u00e0 vos cr\u00e9ations tout en explorant un style artistique \u00e9pur\u00e9. La simplicit\u00e9 du design abstrait fait \u00e9cho \u00e0 la fluidit\u00e9 de l\u2019eau et aux mouvements naturels de l\u2019oc\u00e9an, offrant une approche rafra\u00eechissante et contemporaine pour int\u00e9grer des \u00e9l\u00e9ments marins dans vos \u0153uvres. Ce mod\u00e8le fait partie de notre collection d\u00e9di\u00e9e aux artistes cherchant \u00e0 fusionner la nature sauvage avec des formes artistiques modernes.<\/p>","protected":false},"excerpt":{"rendered":"<p>Schablone Wilder Orca, wiederverwendbar, hochwertig und beidseitig verwendbar. Erh\u00e4ltlich in verschiedenen Gr\u00f6\u00dfen f\u00fcr Ihre Meereskreationen auf verschiedenen k\u00fcnstlerischen Medien.<\/p>","protected":false},"featured_media":17595,"comment_status":"open","ping_status":"closed","template":"","meta":{"bwfblock_default_font":"","_kad_blocks_custom_css":"","_kad_blocks_head_custom_js":"","_kad_blocks_body_custom_js":"","_kad_blocks_footer_custom_js":"","_kadence_starter_templates_imported_post":false,"_kad_post_transparent":"default","_kad_post_title":"","_kad_post_layout":"default","_kad_post_sidebar_id":"","_kad_post_content_style":"default","_kad_post_vertical_padding":"default","_kad_post_feature":"","_kad_post_feature_position":"","_kad_post_header":false,"_kad_post_footer":false,"_kad_post_classname":""},"product_brand":[1415],"product_cat":[364],"product_tag":[805,897,629,630,895],"class_list":{"0":"post-17629","1":"product","2":"type-product","3":"status-publish","4":"has-post-thumbnail","6":"product_brand-mes-pochoirs","7":"product_cat-pochoirs-animaux","8":"product_tag-animal-marin","9":"product_tag-fonds-marins","10":"product_tag-mer","11":"product_tag-ocean","12":"product_tag-orque","14":"first","15":"instock","16":"taxable","17":"shipping-taxable","18":"purchasable","19":"product-type-variable","20":"has-default-attributes","21":"entry","22":"content-bg","23":"loop-entry"},"taxonomy_info":{"product_brand":[{"value":1415,"label":"Mes Pochoirs"}],"product_cat":[{"value":364,"label":"Animaux"}],"product_tag":[{"value":805,"label":"animal marin"},{"value":897,"label":"fonds marins"},{"value":629,"label":"mer"},{"value":630,"label":"oc\u00e9an"},{"value":895,"label":"orque"}]},"featured_image_src_large":["https:\/\/mes-pochoirs.com\/wp-content\/uploads\/2024\/10\/A0044-FR-pochoir-orque-1-1-copyright-mes-pochoirs-com--858x1030.jpg",858,1030,true],"author_info":[],"comment_info":0,"_links":{"self":[{"href":"https:\/\/mes-pochoirs.com\/de\/wp-json\/wp\/v2\/product\/17629","targetHints":{"allow":["GET"]}}],"collection":[{"href":"https:\/\/mes-pochoirs.com\/de\/wp-json\/wp\/v2\/product"}],"about":[{"href":"https:\/\/mes-pochoirs.com\/de\/wp-json\/wp\/v2\/types\/product"}],"replies":[{"embeddable":true,"href":"https:\/\/mes-pochoirs.com\/de\/wp-json\/wp\/v2\/comments?post=17629"}],"wp:featuredmedia":[{"embeddable":true,"href":"https:\/\/mes-pochoirs.com\/de\/wp-json\/wp\/v2\/media\/17595"}],"wp:attachment":[{"href":"https:\/\/mes-pochoirs.com\/de\/wp-json\/wp\/v2\/media?parent=17629"}],"wp:term":[{"taxonomy":"product_brand","embeddable":true,"href":"https:\/\/mes-pochoirs.com\/de\/wp-json\/wp\/v2\/product_brand?post=17629"},{"taxonomy":"product_cat","embeddable":true,"href":"https:\/\/mes-pochoirs.com\/de\/wp-json\/wp\/v2\/product_cat?post=17629"},{"taxonomy":"product_tag","embeddable":true,"href":"https:\/\/mes-pochoirs.com\/de\/wp-json\/wp\/v2\/product_tag?post=17629"}],"curies":[{"name":"wp","href":"https:\/\/api.w.org\/{rel}","templated":true}]}}