{"id":17636,"date":"2024-10-22T22:26:00","date_gmt":"2024-10-22T20:26:00","guid":{"rendered":"https:\/\/mes-pochoirs.com\/?post_type=product&#038;p=17636"},"modified":"2025-10-31T12:16:34","modified_gmt":"2025-10-31T11:16:34","slug":"kreative-schablone-wal-a0045","status":"publish","type":"product","link":"https:\/\/mes-pochoirs.com\/de\/produit\/pochoir-creatif-baleine-a0045","title":{"rendered":"Schablone Wal - A0045"},"content":{"rendered":"<h2>Die Kreative Schablone Wal<\/h2>\n<h3>Eine majest\u00e4tische Beschw\u00f6rung der Ozeane<\/h3>\n<p>Le Pochoir Cr\u00e9atif Baleine est une ode \u00e0 l&#8217;un des animaux marins les plus impressionnants et majestueux : la baleine. Symbolisant \u00e0 la fois la grandeur, la s\u00e9r\u00e9nit\u00e9 et la puissance des oc\u00e9ans, cette cr\u00e9ature incarne le lien profond entre l&#8217;homme et la mer. Ce pochoir capture la silhouette \u00e9l\u00e9gante et imposante de la baleine, tout en l\u2019interpr\u00e9tant \u00e0 travers un style abstrait qui donne une libert\u00e9 artistique \u00e0 l\u2019utilisateur. Cette repr\u00e9sentation simplifi\u00e9e et moderne permet de refl\u00e9ter l\u2019essence de la baleine tout en apportant une touche contemporaine aux \u0153uvres artistiques. Ce pochoir, issu de notre cat\u00e9gorie animaux, est destin\u00e9 aux artistes et cr\u00e9ateurs souhaitant ajouter une dimension marine et animale \u00e0 leurs projets. La baleine, avec son lien \u00e9troit \u00e0 l\u2019eau, aux fonds marins, \u00e0 la mer et \u00e0 l\u2019oc\u00e9an, apporte une richesse th\u00e9matique inestimable. Que ce soit pour d\u00e9corer une toile, un mur, ou un autre type de support, le Pochoir Cr\u00e9atif Baleine permet de faire entrer la puissance et la majest\u00e9 des fonds marins dans vos cr\u00e9ations. Il s&#8217;adresse \u00e0 tous ceux qui veulent exploiter le potentiel cr\u00e9atif des animaux marins tout en explorant une esth\u00e9tique minimaliste et moderne.<\/p>\n<h3>Abstrakter Stil f\u00fcr einzigartige Meereskreationen<\/h3>\n<p>Le Pochoir Cr\u00e9atif Baleine adopte un style abstrait, permettant aux artistes de jouer avec les formes et les textures tout en mettant en avant les caract\u00e9ristiques principales de cet animal marin embl\u00e9matique. Ce design exclusif, imagin\u00e9 par notre \u00e9quipe, combine simplicit\u00e9 et dynamisme, ce qui en fait un outil parfait pour des compositions modernes et innovantes. L&#8217;abstraction dans ce pochoir permet aux cr\u00e9ateurs de s\u2019\u00e9loigner de la repr\u00e9sentation classique de la baleine pour cr\u00e9er des \u0153uvres originales, inspir\u00e9es et personnalis\u00e9es. Ce pochoir est id\u00e9al pour les projets muraux ou sur toile, et s\u2019adapte \u00e9galement \u00e0 divers supports tels que le bois ou le textile. Avec des lignes fluides et des formes \u00e9pur\u00e9es, il capture la gr\u00e2ce naturelle de la baleine tout en s&#8217;int\u00e9grant parfaitement \u00e0 une vari\u00e9t\u00e9 de styles artistiques. En utilisant ce pochoir, les artistes peuvent donner vie \u00e0 des \u0153uvres marines qui \u00e9voquent \u00e0 la fois la puissance de l\u2019oc\u00e9an et l&#8217;\u00e9l\u00e9gance des cr\u00e9atures qui y vivent.<\/p>","protected":false},"excerpt":{"rendered":"<p>Kreative Schablone Wal, wiederverwendbar, beidseitig verwendbar und von hoher Qualit\u00e4t. Erh\u00e4ltlich in verschiedenen Gr\u00f6\u00dfen f\u00fcr Ihre Meereskreationen auf verschiedenen k\u00fcnstlerischen Medien.<\/p>","protected":false},"featured_media":17596,"comment_status":"open","ping_status":"closed","template":"","meta":{"bwfblock_default_font":"","_kad_blocks_custom_css":"","_kad_blocks_head_custom_js":"","_kad_blocks_body_custom_js":"","_kad_blocks_footer_custom_js":"","_kadence_starter_templates_imported_post":false,"_kad_post_transparent":"default","_kad_post_title":"","_kad_post_layout":"default","_kad_post_sidebar_id":"","_kad_post_content_style":"default","_kad_post_vertical_padding":"default","_kad_post_feature":"","_kad_post_feature_position":"","_kad_post_header":false,"_kad_post_footer":false,"_kad_post_classname":""},"product_brand":[1415],"product_cat":[364],"product_tag":[805,898,904,899,905,629,630],"class_list":{"0":"post-17636","1":"product","2":"type-product","3":"status-publish","4":"has-post-thumbnail","6":"product_brand-mes-pochoirs","7":"product_cat-pochoirs-animaux","8":"product_tag-animal-marin","9":"product_tag-baleine","10":"product_tag-cetace","11":"product_tag-fonds-marin","12":"product_tag-mammifere","13":"product_tag-mer","14":"product_tag-ocean","16":"first","17":"instock","18":"taxable","19":"shipping-taxable","20":"purchasable","21":"product-type-variable","22":"entry","23":"content-bg","24":"loop-entry"},"taxonomy_info":{"product_brand":[{"value":1415,"label":"Mes Pochoirs"}],"product_cat":[{"value":364,"label":"Animaux"}],"product_tag":[{"value":805,"label":"animal marin"},{"value":898,"label":"baleine"},{"value":904,"label":"c\u00e9tac\u00e9"},{"value":899,"label":"fonds marin"},{"value":905,"label":"mammif\u00e8re"},{"value":629,"label":"mer"},{"value":630,"label":"oc\u00e9an"}]},"featured_image_src_large":["https:\/\/mes-pochoirs.com\/wp-content\/uploads\/2024\/10\/A0045-FR-pochoir-baleine-4-5-copyright-mes-pochoirs-com--858x1030.jpg",858,1030,true],"author_info":[],"comment_info":0,"_links":{"self":[{"href":"https:\/\/mes-pochoirs.com\/de\/wp-json\/wp\/v2\/product\/17636","targetHints":{"allow":["GET"]}}],"collection":[{"href":"https:\/\/mes-pochoirs.com\/de\/wp-json\/wp\/v2\/product"}],"about":[{"href":"https:\/\/mes-pochoirs.com\/de\/wp-json\/wp\/v2\/types\/product"}],"replies":[{"embeddable":true,"href":"https:\/\/mes-pochoirs.com\/de\/wp-json\/wp\/v2\/comments?post=17636"}],"wp:featuredmedia":[{"embeddable":true,"href":"https:\/\/mes-pochoirs.com\/de\/wp-json\/wp\/v2\/media\/17596"}],"wp:attachment":[{"href":"https:\/\/mes-pochoirs.com\/de\/wp-json\/wp\/v2\/media?parent=17636"}],"wp:term":[{"taxonomy":"product_brand","embeddable":true,"href":"https:\/\/mes-pochoirs.com\/de\/wp-json\/wp\/v2\/product_brand?post=17636"},{"taxonomy":"product_cat","embeddable":true,"href":"https:\/\/mes-pochoirs.com\/de\/wp-json\/wp\/v2\/product_cat?post=17636"},{"taxonomy":"product_tag","embeddable":true,"href":"https:\/\/mes-pochoirs.com\/de\/wp-json\/wp\/v2\/product_tag?post=17636"}],"curies":[{"name":"wp","href":"https:\/\/api.w.org\/{rel}","templated":true}]}}