{"id":17747,"date":"2024-10-30T09:47:57","date_gmt":"2024-10-30T08:47:57","guid":{"rendered":"https:\/\/mes-pochoirs.com\/?post_type=product&#038;p=17747"},"modified":"2025-10-31T12:17:01","modified_gmt":"2025-10-31T11:17:01","slug":"halftone-schablone-mona-lisa-h0001","status":"publish","type":"product","link":"https:\/\/mes-pochoirs.com\/de\/produit\/pochoir-halftone-mona-lisa-h0001","title":{"rendered":"Halftone Schablone Mona Lisa - H0001"},"content":{"rendered":"<h2>Halftone Schablone Mona Lisa<\/h2>\n<h3>Ein neu definiertes Icon<\/h3>\n<p>Die Halftone-Schablone Mona Lisa bietet eine einzigartige Perspektive auf eines der ikonischsten Werke der Kunstgeschichte und f\u00fcgt ihm einen modernen und gewagten Stil hinzu. Unter Verwendung der Halftone- oder Rastertechnik verwandelt diese Schablone die ber\u00fchmte Figur der Mona Lisa, ein ikonisches Gem\u00e4lde von Leonardo da Vinci, in ein dynamisches und fesselndes Design. Diese k\u00fcnstlerische Entscheidung erm\u00f6glicht es den Designern, mit Kontrasten zu spielen und eine eigene grafische Darstellung zu w\u00e4hlen, die das Geheimnis des Originals wieder aufleben l\u00e4sst und gleichzeitig eine zeitgen\u00f6ssische Pop-\u00c4sthetik integriert.<\/p>\n<h3>Fesselnde Halftone-Kreationen<\/h3>\n<p>Int\u00e9gr\u00e9 dans notre collection exclusive de pochoirs halftone, ce mod\u00e8le a \u00e9t\u00e9 soigneusement con\u00e7u par notre \u00e9quipe pour r\u00e9pondre aux besoins des artistes et cr\u00e9ateurs. Que ce soit pour des projets muraux percutants ou pour sublimer des objets et textiles, ce pochoir est un outil polyvalent qui apporte une touche artistique et sophistiqu\u00e9e. Inspir\u00e9e des techniques de trame utilis\u00e9es dans l\u2019art graphique et les impressions traditionnelles, cette approche conf\u00e8re au visage intemporel de la Mona Lisa une modernit\u00e9 in\u00e9dite. Le style halftone permet de cr\u00e9er des jeux d\u2019ombres et de lumi\u00e8res qui enrichissent les \u0153uvres d\u2019un relief visuel saisissant. Ce pochoir apporte une texture distinctive qui attire l\u2019\u0153il. Les effets visuels du tramage ajoutent profondeur et dimension aux projets artistiques, faisant de ce mod\u00e8le un choix id\u00e9al pour les artistes souhaitant marier classicisme et modernit\u00e9 dans leurs cr\u00e9ations.<\/p>","protected":false},"excerpt":{"rendered":"<p>Halftone-Schablone Mona Lisa aus wiederverwendbarem Kunststoff, beidseitig verwendbar und von hoher Qualit\u00e4t. Erh\u00e4ltlich in verschiedenen Gr\u00f6\u00dfen, passend f\u00fcr alle Ihre Kunstprojekte.<\/p>","protected":false},"featured_media":17744,"comment_status":"open","ping_status":"closed","template":"","meta":{"bwfblock_default_font":"","_kad_blocks_custom_css":"","_kad_blocks_head_custom_js":"","_kad_blocks_body_custom_js":"","_kad_blocks_footer_custom_js":"","_kadence_starter_templates_imported_post":false,"_kad_post_transparent":"default","_kad_post_title":"","_kad_post_layout":"default","_kad_post_sidebar_id":"","_kad_post_content_style":"default","_kad_post_vertical_padding":"default","_kad_post_feature":"","_kad_post_feature_position":"","_kad_post_header":false,"_kad_post_footer":false,"_kad_post_classname":""},"product_brand":[1415],"product_cat":[910,732],"product_tag":[335,519,336,471,915,465,912,617,911,916],"class_list":{"0":"post-17747","1":"product","2":"type-product","3":"status-publish","4":"has-post-thumbnail","6":"product_brand-mes-pochoirs","7":"product_cat-pochoirs-style-halftone","8":"product_cat-pochoirs-icones-celebrites","9":"product_tag-demi-teinte","10":"product_tag-effet","11":"product_tag-halftone","12":"product_tag-icone","13":"product_tag-leonard-de-vinci","14":"product_tag-mona-lisa","15":"product_tag-peinture-celebre","16":"product_tag-tramage","17":"product_tag-trame","18":"product_tag-visuel","20":"first","21":"instock","22":"taxable","23":"shipping-taxable","24":"purchasable","25":"product-type-variable","26":"has-default-attributes","27":"entry","28":"content-bg","29":"loop-entry"},"taxonomy_info":{"product_brand":[{"value":1415,"label":"Mes Pochoirs"}],"product_cat":[{"value":910,"label":"Halftone"},{"value":732,"label":"Ic\u00f4nes &amp; C\u00e9l\u00e9brit\u00e9s"}],"product_tag":[{"value":335,"label":"demi-teinte"},{"value":519,"label":"effet"},{"value":336,"label":"halftone"},{"value":471,"label":"icone"},{"value":915,"label":"L\u00e9onard de Vinci"},{"value":465,"label":"Mona Lisa"},{"value":912,"label":"peinture c\u00e9l\u00e8bre"},{"value":617,"label":"tramage"},{"value":911,"label":"trame"},{"value":916,"label":"visuel"}]},"featured_image_src_large":["https:\/\/mes-pochoirs.com\/wp-content\/uploads\/2024\/10\/H0001-FR-pochoir-halftone-mona-lisa-1-1-copyright-mes-pochoirs-com--858x1030.jpg",858,1030,true],"author_info":[],"comment_info":0,"_links":{"self":[{"href":"https:\/\/mes-pochoirs.com\/de\/wp-json\/wp\/v2\/product\/17747","targetHints":{"allow":["GET"]}}],"collection":[{"href":"https:\/\/mes-pochoirs.com\/de\/wp-json\/wp\/v2\/product"}],"about":[{"href":"https:\/\/mes-pochoirs.com\/de\/wp-json\/wp\/v2\/types\/product"}],"replies":[{"embeddable":true,"href":"https:\/\/mes-pochoirs.com\/de\/wp-json\/wp\/v2\/comments?post=17747"}],"wp:featuredmedia":[{"embeddable":true,"href":"https:\/\/mes-pochoirs.com\/de\/wp-json\/wp\/v2\/media\/17744"}],"wp:attachment":[{"href":"https:\/\/mes-pochoirs.com\/de\/wp-json\/wp\/v2\/media?parent=17747"}],"wp:term":[{"taxonomy":"product_brand","embeddable":true,"href":"https:\/\/mes-pochoirs.com\/de\/wp-json\/wp\/v2\/product_brand?post=17747"},{"taxonomy":"product_cat","embeddable":true,"href":"https:\/\/mes-pochoirs.com\/de\/wp-json\/wp\/v2\/product_cat?post=17747"},{"taxonomy":"product_tag","embeddable":true,"href":"https:\/\/mes-pochoirs.com\/de\/wp-json\/wp\/v2\/product_tag?post=17747"}],"curies":[{"name":"wp","href":"https:\/\/api.w.org\/{rel}","templated":true}]}}