{"id":18367,"date":"2024-11-15T12:16:58","date_gmt":"2024-11-15T11:16:58","guid":{"rendered":"https:\/\/mes-pochoirs.com\/?post_type=product&#038;p=18367"},"modified":"2026-04-13T14:29:03","modified_gmt":"2026-04-13T12:29:03","slug":"schablone-mittelalterliches-dorf-weihnachten-fe0008","status":"publish","type":"product","link":"https:\/\/mes-pochoirs.com\/de\/produit\/pochoir-village-medieval-noel-fe0008","title":{"rendered":"Schablone Weihnachtsdorf - FE0008"},"content":{"rendered":"<h2>Schablone Mittelalterliches Dorf Weihnachten<\/h2>\n<h3>Eine verschneite Szenerie mit uraltem Charme<\/h3>\n<p>Tauchen Sie mit unserer exklusiven Schablone Mittelalterliches Dorf Weihnachten in die magische Atmosph\u00e4re der Feiertage ein. Sie zeigt ein charmantes Winterdorf, das vom Mittelalter inspiriert ist. Diese abstrakte Schablone aus unserer Kollektion Feste &amp; Events illustriert Fachwerkh\u00e4user, gepflasterte Gassen und mit glitzerndem Schnee bedeckte D\u00e4cher und versetzt Ihre Kreationen in eine traditionelle und zeitlose Weihnachtsszene. Jedes Detail beschw\u00f6rt den Charme eines Weihnachtsfestes aus vergangenen Zeiten herauf und vereint die Ruhe des Winters mit dem Reichtum mittelalterlicher Traditionen. Perfekt, um die festliche, winterliche Stimmung einzufangen, ist diese Schablone ideal f\u00fcr k\u00fcnstlerische und dekorative Projekte, die die Sch\u00f6nheit der Jahreszeit und den Zauber von Weihnachten feiern.<\/p>\n<h3>Abstraktes Design f\u00fcr vielf\u00e4ltige Kreationen<\/h3>\n<p>Mit ihrem abstrakten Stil und den einzigartigen Details bietet die Schablone Mittelalterliches Weihnachtsdorf unendliche kreative Flexibilit\u00e4t. Diese Schablone ist ideal f\u00fcr die Gestaltung von Gru\u00dfkarten, Wanddekorationen, k\u00fcnstlerischen Gem\u00e4lden oder individuellen Geschenkverpackungen und passt sich all Ihren Projekten an, ob klassisch oder zeitgen\u00f6ssisch. Sie wurde von unserem Team sorgf\u00e4ltig entworfen, ist wiederverwendbar, beidseitig verwendbar und in verschiedenen Gr\u00f6\u00dfen erh\u00e4ltlich, sodass bei jeder Verwendung eine hervorragende Qualit\u00e4t gew\u00e4hrleistet ist. Diese Schablone verleiht Ihren Kreationen einen Hauch von Authentizit\u00e4t und mittelalterlicher Eleganz, w\u00e4hrend sie die warme und festliche Atmosph\u00e4re eines verschneiten Weihnachtsfestes einbindet. Lassen Sie Ihre Ideen mit dieser Schablone in Meisterwerke verwandeln, die von der Geschichte und dem Zauber der Weihnachtszeit inspiriert sind.<\/p>","protected":false},"excerpt":{"rendered":"<p>Schablone Mittelalterliches Weihnachtsdorf: Wiederverwendbar, beidseitig verwendbar, hohe Qualit\u00e4t, in verschiedenen Gr\u00f6\u00dfen f\u00fcr Ihre Kreationen und festlichen Dekorationen erh\u00e4ltlich.<\/p>","protected":false},"featured_media":18277,"comment_status":"open","ping_status":"closed","template":"","meta":{"bwfblock_default_font":"","_kad_blocks_custom_css":"","_kad_blocks_head_custom_js":"","_kad_blocks_body_custom_js":"","_kad_blocks_footer_custom_js":"","_kadence_starter_templates_imported_post":false,"_kad_post_transparent":"default","_kad_post_title":"","_kad_post_layout":"default","_kad_post_sidebar_id":"","_kad_post_content_style":"default","_kad_post_vertical_padding":"default","_kad_post_feature":"","_kad_post_feature_position":"","_kad_post_header":false,"_kad_post_footer":false,"_kad_post_classname":""},"product_brand":[1415],"product_cat":[951,950,618],"product_tag":[959,962,960,952,961,955,958],"class_list":{"0":"post-18367","1":"product","2":"type-product","3":"status-publish","4":"has-post-thumbnail","6":"product_brand-mes-pochoirs","7":"product_cat-pochoirs-noel","8":"product_cat-pochoirs-fetes-evenements","9":"product_cat-pochoirs-paysages","10":"product_tag-hiver","11":"product_tag-medieval","12":"product_tag-neige","13":"product_tag-noel","14":"product_tag-scene-de-noel","15":"product_tag-tradition","16":"product_tag-village","18":"first","19":"instock","20":"taxable","21":"shipping-taxable","22":"purchasable","23":"product-type-variable","24":"has-default-attributes","25":"entry","26":"content-bg","27":"loop-entry"},"taxonomy_info":{"product_brand":[{"value":1415,"label":"Mes Pochoirs"}],"product_cat":[{"value":951,"label":"No\u00ebl"},{"value":950,"label":"F\u00eates &amp; \u00c9v\u00e9nements"},{"value":618,"label":"Paysages"}],"product_tag":[{"value":959,"label":"hiver"},{"value":962,"label":"m\u00e9di\u00e9val"},{"value":960,"label":"neige"},{"value":952,"label":"no\u00ebl"},{"value":961,"label":"sc\u00e8ne de no\u00ebl"},{"value":955,"label":"tradition"},{"value":958,"label":"village"}]},"featured_image_src_large":["https:\/\/mes-pochoirs.com\/wp-content\/uploads\/2024\/11\/FE0008-FR-pochoir-village-noel-1-1-copyright-mes-pochoirs-com--858x1030.jpg",858,1030,true],"author_info":[],"comment_info":0,"_links":{"self":[{"href":"https:\/\/mes-pochoirs.com\/de\/wp-json\/wp\/v2\/product\/18367","targetHints":{"allow":["GET"]}}],"collection":[{"href":"https:\/\/mes-pochoirs.com\/de\/wp-json\/wp\/v2\/product"}],"about":[{"href":"https:\/\/mes-pochoirs.com\/de\/wp-json\/wp\/v2\/types\/product"}],"replies":[{"embeddable":true,"href":"https:\/\/mes-pochoirs.com\/de\/wp-json\/wp\/v2\/comments?post=18367"}],"wp:featuredmedia":[{"embeddable":true,"href":"https:\/\/mes-pochoirs.com\/de\/wp-json\/wp\/v2\/media\/18277"}],"wp:attachment":[{"href":"https:\/\/mes-pochoirs.com\/de\/wp-json\/wp\/v2\/media?parent=18367"}],"wp:term":[{"taxonomy":"product_brand","embeddable":true,"href":"https:\/\/mes-pochoirs.com\/de\/wp-json\/wp\/v2\/product_brand?post=18367"},{"taxonomy":"product_cat","embeddable":true,"href":"https:\/\/mes-pochoirs.com\/de\/wp-json\/wp\/v2\/product_cat?post=18367"},{"taxonomy":"product_tag","embeddable":true,"href":"https:\/\/mes-pochoirs.com\/de\/wp-json\/wp\/v2\/product_tag?post=18367"}],"curies":[{"name":"wp","href":"https:\/\/api.w.org\/{rel}","templated":true}]}}