{"id":18393,"date":"2024-11-15T12:47:15","date_gmt":"2024-11-15T11:47:15","guid":{"rendered":"https:\/\/mes-pochoirs.com\/?post_type=product&#038;p=18393"},"modified":"2026-04-13T14:28:49","modified_gmt":"2026-04-13T12:28:49","slug":"schablone-weihnachtsrentier-fe0011","status":"publish","type":"product","link":"https:\/\/mes-pochoirs.com\/de\/produit\/pochoir-renne-de-noel-fe0011","title":{"rendered":"Schablone Weihnachtsrentier - FE0011"},"content":{"rendered":"<h2>Schablone Weihnachtsrentier<\/h2>\n<h3>Die Eleganz des Festtagssymbols<\/h3>\n<p>Verleihen Sie Ihren Kreationen einen m\u00e4rchenhaften Touch mit unserer Schablone Weihnachtsrentier, einem exklusiven St\u00fcck, das dieses symboltr\u00e4chtige Tier der Weihnachtszeit in den Mittelpunkt stellt. Diese abstrakte Schablone aus unseren Kollektionen Feste &amp; Events und Tiere zeigt ein elegantes Rentier, das mit festlichen Details wie Girlanden und Stechpalme geschm\u00fcckt ist. Das Rentier wird mit den Weihnachtstraditionen und der Magie des Schlittens des Weihnachtsmannes in Verbindung gebracht und verk\u00f6rpert Freude, Staunen und den Geist des Teilens. Diese Schablone ist ideal, um das Wesen von Weihnachten einzufangen und gleichzeitig Ihren Kunst- und Dekorationsprojekten eine animalische und nat\u00fcrliche Note zu verleihen.<\/p>\n<h3>Abstraktes Design f\u00fcr festliche und raffinierte Kreationen<\/h3>\n<p>Mit seinem abstrakten Stil und seinen klaren Linien bietet das Schablone Weihnachtsrentier unendlich viel kreative Flexibilit\u00e4t. Sie eignet sich perfekt f\u00fcr die Gestaltung von Gru\u00dfkarten, einzigartigen Gem\u00e4lden, Wanddekorationen oder auch personalisierten Geschenkverpackungen. Jede Schablone wurde von unserem Team sorgf\u00e4ltig erdacht und entworfen, wodurch eine au\u00dfergew\u00f6hnliche Qualit\u00e4t gew\u00e4hrleistet wird. Diese Schablone ist wiederverwendbar, beidseitig verwendbar und in verschiedenen Gr\u00f6\u00dfen erh\u00e4ltlich, wodurch sie eine gro\u00dfe Vielseitigkeit bietet, um Ihren k\u00fcnstlerischen Bed\u00fcrfnissen gerecht zu werden. Ob Sie sich f\u00fcr einen klassischen oder modernen Stil entscheiden, diese Schablone wird Ihren Kunstwerken eine winterliche und festliche Stimmung verleihen. Lassen Sie diese einzigartige Kreation Ihre Ideen in Meisterwerke verwandeln, die den Zauber der Feiertage und die Eleganz des weihnachtlichen Rentiers zelebrieren.<\/p>","protected":false},"excerpt":{"rendered":"<p>Schablone Weihnachtsrentier: Verleihen Sie Ihren Projekten einen winterlichen und festlichen Touch mit dieser wiederverwendbaren Schablone, die beidseitig verwendbar und in verschiedenen Gr\u00f6\u00dfen erh\u00e4ltlich ist.<\/p>","protected":false},"featured_media":18281,"comment_status":"open","ping_status":"closed","template":"","meta":{"bwfblock_default_font":"","_kad_blocks_custom_css":"","_kad_blocks_head_custom_js":"","_kad_blocks_body_custom_js":"","_kad_blocks_footer_custom_js":"","_kadence_starter_templates_imported_post":false,"_kad_post_transparent":"default","_kad_post_title":"","_kad_post_layout":"default","_kad_post_sidebar_id":"","_kad_post_content_style":"default","_kad_post_vertical_padding":"default","_kad_post_feature":"","_kad_post_feature_position":"","_kad_post_header":false,"_kad_post_footer":false,"_kad_post_classname":""},"product_brand":[1415],"product_cat":[951,364,950],"product_tag":[367,681,966,967,952,965,955],"class_list":{"0":"post-18393","1":"product","2":"type-product","3":"status-publish","4":"has-post-thumbnail","6":"product_brand-mes-pochoirs","7":"product_cat-pochoirs-noel","8":"product_cat-pochoirs-animaux","9":"product_cat-pochoirs-fetes-evenements","10":"product_tag-animal","11":"product_tag-fete","12":"product_tag-guirlande","13":"product_tag-houx","14":"product_tag-noel","15":"product_tag-renne-de-noel","16":"product_tag-tradition","18":"first","19":"instock","20":"taxable","21":"shipping-taxable","22":"purchasable","23":"product-type-variable","24":"has-default-attributes","25":"entry","26":"content-bg","27":"loop-entry"},"taxonomy_info":{"product_brand":[{"value":1415,"label":"Mes Pochoirs"}],"product_cat":[{"value":951,"label":"No\u00ebl"},{"value":364,"label":"Animaux"},{"value":950,"label":"F\u00eates &amp; \u00c9v\u00e9nements"}],"product_tag":[{"value":367,"label":"animal"},{"value":681,"label":"f\u00eate"},{"value":966,"label":"guirlande"},{"value":967,"label":"houx"},{"value":952,"label":"no\u00ebl"},{"value":965,"label":"renne de no\u00ebl"},{"value":955,"label":"tradition"}]},"featured_image_src_large":["https:\/\/mes-pochoirs.com\/wp-content\/uploads\/2024\/11\/FE0011-FR-pochoir-renne-noel-1-1-copyright-mes-pochoirs-com--858x1030.jpg",858,1030,true],"author_info":[],"comment_info":1,"_links":{"self":[{"href":"https:\/\/mes-pochoirs.com\/de\/wp-json\/wp\/v2\/product\/18393","targetHints":{"allow":["GET"]}}],"collection":[{"href":"https:\/\/mes-pochoirs.com\/de\/wp-json\/wp\/v2\/product"}],"about":[{"href":"https:\/\/mes-pochoirs.com\/de\/wp-json\/wp\/v2\/types\/product"}],"replies":[{"embeddable":true,"href":"https:\/\/mes-pochoirs.com\/de\/wp-json\/wp\/v2\/comments?post=18393"}],"wp:featuredmedia":[{"embeddable":true,"href":"https:\/\/mes-pochoirs.com\/de\/wp-json\/wp\/v2\/media\/18281"}],"wp:attachment":[{"href":"https:\/\/mes-pochoirs.com\/de\/wp-json\/wp\/v2\/media?parent=18393"}],"wp:term":[{"taxonomy":"product_brand","embeddable":true,"href":"https:\/\/mes-pochoirs.com\/de\/wp-json\/wp\/v2\/product_brand?post=18393"},{"taxonomy":"product_cat","embeddable":true,"href":"https:\/\/mes-pochoirs.com\/de\/wp-json\/wp\/v2\/product_cat?post=18393"},{"taxonomy":"product_tag","embeddable":true,"href":"https:\/\/mes-pochoirs.com\/de\/wp-json\/wp\/v2\/product_tag?post=18393"}],"curies":[{"name":"wp","href":"https:\/\/api.w.org\/{rel}","templated":true}]}}