{"id":18476,"date":"2024-12-04T11:07:22","date_gmt":"2024-12-04T10:07:22","guid":{"rendered":"https:\/\/mes-pochoirs.com\/?post_type=product&#038;p=18476"},"modified":"2025-10-31T12:20:13","modified_gmt":"2025-10-31T11:20:13","slug":"schablone-mann-motorradfahrer-um0005","status":"publish","type":"product","link":"https:\/\/mes-pochoirs.com\/de\/produit\/pochoir-homme-motard-um0005","title":{"rendered":"Schablone Motorrad - UM0005"},"content":{"rendered":"<h3>Schablone Mann Biker\u00a0<\/h3>\n<h3>Gem\u00e4lde und k\u00fchne Werke<\/h3>\n<p>Die Schablone Biker Mann illustriert stilvoll und dynamisch die ikonische Figur eines Mannes auf seinem Motorrad - ein Symbol f\u00fcr Freiheit und die Leidenschaft f\u00fcr Zweir\u00e4der. Dieses abstrakte Motiv kombiniert moderne Linien mit stimmungsvollen Details und spiegelt die rohe Energie und mechanische Eleganz wider, die die Welt der Motorradfahrer auszeichnen. Inspiriert vom Geist von Garagen, offenen Stra\u00dfen und Kraftfahrzeugen, feiert diese Schablone die perfekte Allianz zwischen dem Menschen und seiner Maschine. Ob Sie nun ein Liebhaber von Mechanik sind oder ein K\u00fcnstler, der gewagte Themen in seine Kreationen integrieren m\u00f6chte, diese Schablone ist eine Einladung, eine Geschichte \u00fcber Geschwindigkeit, Meisterschaft und zeitlosen Stil zu erz\u00e4hlen.<\/p>\n<h3>Exklusives Design f\u00fcr einzigartige mechanische Kreationen<\/h3>\n<p>Als Teil unserer Kategorie Mechanisches Universum wurde diese Schablone sorgf\u00e4ltig entworfen, um den Bed\u00fcrfnissen von K\u00fcnstlern auf der Suche nach originellen Motiven gerecht zu werden. Sie besteht aus robustem Kunststoff, ist wiederverwendbar und reversibel und garantiert so eine praktische und dauerhafte Verwendung f\u00fcr eine Vielzahl von Projekten. Perfekt f\u00fcr Wandmalereien, Gem\u00e4lde oder dekorative Objekte geeignet, verleiht die Schablone Motorradfahrer Mann Ihren Werken einen mechanischen und zeitgen\u00f6ssischen Touch. Ihr einzigartiges und exklusives Design, das von unserem Team erdacht wurde, passt sowohl zu Industriedekorationen als auch zu modernen Kreationen. Sie ist in verschiedenen Gr\u00f6\u00dfen erh\u00e4ltlich und bietet eine gro\u00dfe Flexibilit\u00e4t, um Ihre Werke mit einer selbstbewussten \u00c4sthetik und einem einzigartigen Charakter zu personalisieren. Diese Schablone ist eine unumg\u00e4ngliche Wahl f\u00fcr Motorradfans und Liebhaber mechanischer Kunst.<\/p>","protected":false},"excerpt":{"rendered":"<p>Schablone f\u00fcr Biker-M\u00e4nner, perfekt f\u00fcr einzigartige Kreationen. Wiederverwendbar, beidseitig verwendbar, aus robustem Kunststoff und in verschiedenen Gr\u00f6\u00dfen erh\u00e4ltlich.<\/p>","protected":false},"featured_media":18442,"comment_status":"open","ping_status":"closed","template":"","meta":{"bwfblock_default_font":"","_kad_blocks_custom_css":"","_kad_blocks_head_custom_js":"","_kad_blocks_body_custom_js":"","_kad_blocks_footer_custom_js":"","_kadence_starter_templates_imported_post":false,"_kad_post_transparent":"default","_kad_post_title":"","_kad_post_layout":"default","_kad_post_sidebar_id":"","_kad_post_content_style":"default","_kad_post_vertical_padding":"default","_kad_post_feature":"","_kad_post_feature_position":"","_kad_post_header":false,"_kad_post_footer":false,"_kad_post_classname":""},"product_brand":[1415],"product_cat":[971,1714],"product_tag":[973,975,816,976,972,974],"class_list":{"0":"post-18476","1":"product","2":"type-product","3":"status-publish","4":"has-post-thumbnail","6":"product_brand-mes-pochoirs","7":"product_cat-pochoirs-univers-mecanique","8":"product_cat-pochoirs-motos","9":"product_tag-deux-roues","10":"product_tag-garage","11":"product_tag-mecanique","12":"product_tag-motard","13":"product_tag-moto","14":"product_tag-vehicule","16":"first","17":"instock","18":"taxable","19":"shipping-taxable","20":"purchasable","21":"product-type-variable","22":"entry","23":"content-bg","24":"loop-entry"},"taxonomy_info":{"product_brand":[{"value":1415,"label":"Mes Pochoirs"}],"product_cat":[{"value":971,"label":"Univers M\u00e9canique"},{"value":1714,"label":"Motos"}],"product_tag":[{"value":973,"label":"deux-roues"},{"value":975,"label":"garage"},{"value":816,"label":"m\u00e9canique"},{"value":976,"label":"motard"},{"value":972,"label":"Moto"},{"value":974,"label":"v\u00e9hicule"}]},"featured_image_src_large":["https:\/\/mes-pochoirs.com\/wp-content\/uploads\/2024\/11\/UM0005-FR-pochoir-moto-7-10-copyright-mes-pochoirs-com--858x1030.jpg",858,1030,true],"author_info":[],"comment_info":1,"_links":{"self":[{"href":"https:\/\/mes-pochoirs.com\/de\/wp-json\/wp\/v2\/product\/18476","targetHints":{"allow":["GET"]}}],"collection":[{"href":"https:\/\/mes-pochoirs.com\/de\/wp-json\/wp\/v2\/product"}],"about":[{"href":"https:\/\/mes-pochoirs.com\/de\/wp-json\/wp\/v2\/types\/product"}],"replies":[{"embeddable":true,"href":"https:\/\/mes-pochoirs.com\/de\/wp-json\/wp\/v2\/comments?post=18476"}],"wp:featuredmedia":[{"embeddable":true,"href":"https:\/\/mes-pochoirs.com\/de\/wp-json\/wp\/v2\/media\/18442"}],"wp:attachment":[{"href":"https:\/\/mes-pochoirs.com\/de\/wp-json\/wp\/v2\/media?parent=18476"}],"wp:term":[{"taxonomy":"product_brand","embeddable":true,"href":"https:\/\/mes-pochoirs.com\/de\/wp-json\/wp\/v2\/product_brand?post=18476"},{"taxonomy":"product_cat","embeddable":true,"href":"https:\/\/mes-pochoirs.com\/de\/wp-json\/wp\/v2\/product_cat?post=18476"},{"taxonomy":"product_tag","embeddable":true,"href":"https:\/\/mes-pochoirs.com\/de\/wp-json\/wp\/v2\/product_tag?post=18476"}],"curies":[{"name":"wp","href":"https:\/\/api.w.org\/{rel}","templated":true}]}}